{"id":13242,"date":"2023-04-06T11:17:28","date_gmt":"2023-04-06T09:17:28","guid":{"rendered":"https:\/\/www.damiinterior.com\/?page_id=13242"},"modified":"2025-02-28T11:40:52","modified_gmt":"2025-02-28T09:40:52","slug":"masters-expo-2021","status":"publish","type":"page","link":"https:\/\/www.damiinterior.com\/de\/projekten\/masters-expo-2021\/","title":{"rendered":"MASTERS. EXPO 2021"},"content":{"rendered":"<div class=\"row\"  id=\"row-1721482191\">\n\n\t<div id=\"col-484659907\" class=\"col small-12 large-12\"  >\n\t\t\t\t<div class=\"col-inner\"  >\n\t\t\t\n\t\t\t\n\t<div id=\"gap-1751259773\" class=\"gap-element clearfix\" style=\"display:block; height:auto;\">\n\t\t\n<style>\n#gap-1751259773 {\n  padding-top: 30px;\n}\n<\/style>\n\t<\/div>\n\t\n\t\t<\/div>\n\t\t\t\t\t<\/div>\n\n\t\n<\/div>\n<div class=\"row\"  id=\"row-1419541062\">\n\n\t<div id=\"col-494884298\" class=\"col small-12 large-12\"  >\n\t\t\t\t<div class=\"col-inner\"  >\n\t\t\t\n\t\t\t\n<h1 style=\"text-align: left;\">MASTERS. EXPO 2021<\/h1>\n<div class=\"row\"  id=\"row-855494702\">\n\n\t<div id=\"col-302059981\" class=\"col small-12 large-12\"  >\n\t\t\t\t<div class=\"col-inner\"  >\n\t\t\t\n\t\t\t\n<p>Im Jahr 2021 haben wir zum ersten Mal an der MASTERS. EXPO auf dem Rai in Amsterdam teil. Nach einem langen Designprozess und einem kompletten Umzug in die Inneneinrichtung versuchten wir, unserem Stand ein wohnliches Gef\u00fchl zu geben, indem wir ein Wohnzimmer nachahmten. Die Verwendung von Naturt\u00f6nen in Kombination mit ausgesprochen luxuri\u00f6sen Accessoires machte dieses Projekt zu einem Ganzen.<\/p>\n<p>An unserem Messestand haben wir verschiedene M\u00f6belst\u00fccke aus unserer eigenen Kollektion ausgestellt. Der echte Hingucker war das <em><a href=\"https:\/\/www.damiinterior.com\/de\/spinel-flowerbed\/\">Spinel Flowerbed<\/a><\/em>. Dieser Tisch ist mit einem einzigartigen Kunstwerk von Zhuang Hong Yi, einem chinesischen K\u00fcnstler, verziert. Das Kunstwerk besteht aus unz\u00e4hligen bemalten Reispapierst\u00fccken, die zu winzigen Bl\u00fcten gefaltet sind.<\/p>\n<p>Kombiniert sind der Amber und die Pearl. Diese beiden Couchtische erg\u00e4nzen sich perfekt mit dem schlichten und doch einzigartigen Design des <em><a href=\"https:\/\/www.damiinterior.com\/de\/amber\/\">Amber<\/a> <\/em>und den eleganten Formen und luxuri\u00f6sen Materialien des <em><a href=\"https:\/\/www.damiinterior.com\/de\/pearl\/\">Pearl<\/a><\/em>. Der Pearl Couchtisch kann durch die Wahl einer Marmorplatte und eines Sockels Ihrer Wahl einzigartig zusammengestellt werden.<\/p>\n<p>Als weiteren Couchtisch haben wir eine einzigartige Komposition des <em><a href=\"https:\/\/www.damiinterior.com\/de\/zircon\/\">Zircon<\/a> <\/em>gezeigt. Der Blickfang dieses Tisches ist die abgeschnittene Ecke, die f\u00fcr einen einzigartigen Twist sorgt. Die Unterseite des Tisches ist komplett aus Travertinmarmor gefertigt, eine wundersch\u00f6ne Erg\u00e4nzung f\u00fcr luxuri\u00f6se Innenr\u00e4ume.<\/p>\n<p>Wir haben auch zwei neue Produkte vorgestellt. Einer unserer Bestseller ist der Emerald. Seit diesem Jahr haben wir den <em><a href=\"https:\/\/www.damiinterior.com\/de\/emerald-dining-table\/\">Emerald Dining Table<\/a><\/em> in unserer Kollektion, eine gro\u00dfe Variante des bekannten Emerald. Der Esstisch l\u00e4sst sich auf verschiedene Weise zusammenstellen. Entscheiden Sie sich f\u00fcr eine Platte aus Marmor oder Holz. Der <em><a href=\"https:\/\/www.damiinterior.com\/de\/carnelian-esstisch\/\">Carnelian Dining Table<\/a><\/em> ist ebenfalls neu in unserer Kollektion. Dieser Esstisch zeichnet sich durch sein einzigartiges Untergestell aus. Die \u00e4sthetischen Formen in Kombination mit einer Marmor- oder Glasplatte schaffen eine Aura von Luxus, Klasse und Stil.<\/p>\n\t\t<\/div>\n\t\t\t\t\t<\/div>\n\n\t\n<\/div>\n<div class=\"row\"  id=\"row-473180799\">\n\n\t<div id=\"col-782210446\" class=\"col small-12 large-12\"  >\n\t\t\t\t<div class=\"col-inner\"  >\n\t\t\t\n\t\t\t\n\t<div class=\"img has-hover x md-x lg-x y md-y lg-y\" id=\"image_1570524258\">\n\t\t\t\t\t\t\t\t<div class=\"img-inner image-cover dark\" style=\"padding-top:35%;\">\n\t\t\t<img loading=\"lazy\" decoding=\"async\" width=\"1020\" height=\"491\" src=\"https:\/\/www.damiinterior.com\/wp-content\/uploads\/2023\/04\/Dami-RAI_6389-1024x493.jpeg\" class=\"attachment-large size-large\" alt=\"Dami Luxury Interior Design\" srcset=\"https:\/\/www.damiinterior.com\/wp-content\/uploads\/2023\/04\/Dami-RAI_6389-1024x493.jpeg 1024w, https:\/\/www.damiinterior.com\/wp-content\/uploads\/2023\/04\/Dami-RAI_6389-768x369.jpeg 768w, https:\/\/www.damiinterior.com\/wp-content\/uploads\/2023\/04\/Dami-RAI_6389-1536x739.jpeg 1536w, https:\/\/www.damiinterior.com\/wp-content\/uploads\/2023\/04\/Dami-RAI_6389-2048x985.jpeg 2048w, https:\/\/www.damiinterior.com\/wp-content\/uploads\/2023\/04\/Dami-RAI_6389-1000x481.jpeg 1000w\" sizes=\"auto, (max-width: 1020px) 100vw, 1020px\" \/>\t\t\t\t\t\t\n\t\t\t\t\t<\/div>\n\t\t\t\t\t\t\t\t\n<style>\n#image_1570524258 {\n  width: 100%;\n}\n<\/style>\n\t<\/div>\n\t\n\t\t<\/div>\n\t\t\t\t\t<\/div>\n\n\t\n<\/div>\n<div class=\"row\"  id=\"row-528813249\">\n\n\t<div id=\"col-1476644046\" class=\"col medium-6 small-12 large-6\"  >\n\t\t\t\t<div class=\"col-inner\"  >\n\t\t\t\n\t\t\t\n\t<div class=\"img has-hover x md-x lg-x y md-y lg-y\" id=\"image_1063668130\">\n\t\t\t\t\t\t\t\t<div class=\"img-inner image-cover dark\" style=\"padding-top:70%;\">\n\t\t\t<img loading=\"lazy\" decoding=\"async\" width=\"1020\" height=\"622\" src=\"https:\/\/www.damiinterior.com\/wp-content\/uploads\/2023\/04\/Dami-RAI_6392-1024x624.jpeg\" class=\"attachment-large size-large\" alt=\"Dami Luxury Interior Design\" srcset=\"https:\/\/www.damiinterior.com\/wp-content\/uploads\/2023\/04\/Dami-RAI_6392-1024x624.jpeg 1024w, https:\/\/www.damiinterior.com\/wp-content\/uploads\/2023\/04\/Dami-RAI_6392-768x468.jpeg 768w, https:\/\/www.damiinterior.com\/wp-content\/uploads\/2023\/04\/Dami-RAI_6392-1536x935.jpeg 1536w, https:\/\/www.damiinterior.com\/wp-content\/uploads\/2023\/04\/Dami-RAI_6392-2048x1247.jpeg 2048w, https:\/\/www.damiinterior.com\/wp-content\/uploads\/2023\/04\/Dami-RAI_6392-1000x609.jpeg 1000w\" sizes=\"auto, (max-width: 1020px) 100vw, 1020px\" \/>\t\t\t\t\t\t\n\t\t\t\t\t<\/div>\n\t\t\t\t\t\t\t\t\n<style>\n#image_1063668130 {\n  width: 100%;\n}\n<\/style>\n\t<\/div>\n\t\n\t\t<\/div>\n\t\t\t\t\t<\/div>\n\n\t\n\n\t<div id=\"col-1511422518\" class=\"col medium-6 small-12 large-6\"  >\n\t\t\t\t<div class=\"col-inner\"  >\n\t\t\t\n\t\t\t\n\t<div class=\"img has-hover x md-x lg-x y md-y lg-y\" id=\"image_898484595\">\n\t\t\t\t\t\t\t\t<div class=\"img-inner image-cover dark\" style=\"padding-top:70%;\">\n\t\t\t<img loading=\"lazy\" decoding=\"async\" width=\"1020\" height=\"597\" src=\"https:\/\/www.damiinterior.com\/wp-content\/uploads\/2023\/04\/Dami-RAI_6401-1024x599.jpeg\" class=\"attachment-large size-large\" alt=\"Dami RAI\" srcset=\"https:\/\/www.damiinterior.com\/wp-content\/uploads\/2023\/04\/Dami-RAI_6401-1024x599.jpeg 1024w, https:\/\/www.damiinterior.com\/wp-content\/uploads\/2023\/04\/Dami-RAI_6401-768x450.jpeg 768w, https:\/\/www.damiinterior.com\/wp-content\/uploads\/2023\/04\/Dami-RAI_6401-1536x899.jpeg 1536w, https:\/\/www.damiinterior.com\/wp-content\/uploads\/2023\/04\/Dami-RAI_6401-2048x1199.jpeg 2048w, https:\/\/www.damiinterior.com\/wp-content\/uploads\/2023\/04\/Dami-RAI_6401-1000x585.jpeg 1000w\" sizes=\"auto, (max-width: 1020px) 100vw, 1020px\" \/>\t\t\t\t\t\t\n\t\t\t\t\t<\/div>\n\t\t\t\t\t\t\t\t\n<style>\n#image_898484595 {\n  width: 100%;\n}\n<\/style>\n\t<\/div>\n\t\n\t\t<\/div>\n\t\t\t\t\t<\/div>\n\n\t\n<\/div>\n<div class=\"row\"  id=\"row-1881901\">\n\n\t<div id=\"col-1402308128\" class=\"col medium-6 small-12 large-6\"  >\n\t\t\t\t<div class=\"col-inner\"  >\n\t\t\t\n\t\t\t\n\t<div class=\"img has-hover x md-x lg-x y md-y lg-y\" id=\"image_181104393\">\n\t\t\t\t\t\t\t\t<div class=\"img-inner image-cover dark\" style=\"padding-top:130%;\">\n\t\t\t<img loading=\"lazy\" decoding=\"async\" width=\"807\" height=\"1024\" src=\"https:\/\/www.damiinterior.com\/wp-content\/uploads\/2023\/04\/Dami-RAI_6396-807x1024.jpeg\" class=\"attachment-large size-large\" alt=\"Dami Luxury Interior Design\" srcset=\"https:\/\/www.damiinterior.com\/wp-content\/uploads\/2023\/04\/Dami-RAI_6396-807x1024.jpeg 807w, https:\/\/www.damiinterior.com\/wp-content\/uploads\/2023\/04\/Dami-RAI_6396-768x974.jpeg 768w, https:\/\/www.damiinterior.com\/wp-content\/uploads\/2023\/04\/Dami-RAI_6396-1211x1536.jpeg 1211w, https:\/\/www.damiinterior.com\/wp-content\/uploads\/2023\/04\/Dami-RAI_6396-1614x2048.jpeg 1614w, https:\/\/www.damiinterior.com\/wp-content\/uploads\/2023\/04\/Dami-RAI_6396-1000x1269.jpeg 1000w, https:\/\/www.damiinterior.com\/wp-content\/uploads\/2023\/04\/Dami-RAI_6396-scaled.jpeg 2018w\" sizes=\"auto, (max-width: 807px) 100vw, 807px\" \/>\t\t\t\t\t\t\n\t\t\t\t\t<\/div>\n\t\t\t\t\t\t\t\t\n<style>\n#image_181104393 {\n  width: 100%;\n}\n<\/style>\n\t<\/div>\n\t\n\t\t<\/div>\n\t\t\t\t\t<\/div>\n\n\t\n\n\t<div id=\"col-305449321\" class=\"col medium-6 small-12 large-6\"  >\n\t\t\t\t<div class=\"col-inner\"  >\n\t\t\t\n\t\t\t\n\t<div class=\"img has-hover x md-x lg-x y md-y lg-y\" id=\"image_1805425903\">\n\t\t\t\t\t\t\t\t<div class=\"img-inner image-cover dark\" style=\"padding-top:130%;\">\n\t\t\t<img loading=\"lazy\" decoding=\"async\" width=\"683\" height=\"1024\" src=\"https:\/\/www.damiinterior.com\/wp-content\/uploads\/2023\/04\/Dami-RAI_6412-683x1024.jpeg\" class=\"attachment-large size-large\" alt=\"Dami Luxury Interior Design\" srcset=\"https:\/\/www.damiinterior.com\/wp-content\/uploads\/2023\/04\/Dami-RAI_6412-683x1024.jpeg 683w, https:\/\/www.damiinterior.com\/wp-content\/uploads\/2023\/04\/Dami-RAI_6412-768x1151.jpeg 768w, https:\/\/www.damiinterior.com\/wp-content\/uploads\/2023\/04\/Dami-RAI_6412-1025x1536.jpeg 1025w, https:\/\/www.damiinterior.com\/wp-content\/uploads\/2023\/04\/Dami-RAI_6412-1366x2048.jpeg 1366w, https:\/\/www.damiinterior.com\/wp-content\/uploads\/2023\/04\/Dami-RAI_6412-1000x1499.jpeg 1000w, https:\/\/www.damiinterior.com\/wp-content\/uploads\/2023\/04\/Dami-RAI_6412-scaled.jpeg 1708w\" sizes=\"auto, (max-width: 683px) 100vw, 683px\" \/>\t\t\t\t\t\t\n\t\t\t\t\t<\/div>\n\t\t\t\t\t\t\t\t\n<style>\n#image_1805425903 {\n  width: 100%;\n}\n<\/style>\n\t<\/div>\n\t\n\t\t<\/div>\n\t\t\t\t\t<\/div>\n\n\t\n<\/div>\n<div class=\"row\"  id=\"row-1137329629\">\n\n\t<div id=\"col-2080637833\" class=\"col medium-6 small-12 large-6\"  >\n\t\t\t\t<div class=\"col-inner\"  >\n\t\t\t\n\t\t\t\n\t<div class=\"img has-hover x md-x lg-x y md-y lg-y\" id=\"image_389238189\">\n\t\t\t\t\t\t\t\t<div class=\"img-inner image-cover dark\" style=\"padding-top:70%;\">\n\t\t\t<img loading=\"lazy\" decoding=\"async\" width=\"1020\" height=\"775\" src=\"https:\/\/www.damiinterior.com\/wp-content\/uploads\/2023\/04\/Dami-RAI_6407-1024x778.jpeg\" class=\"attachment-large size-large\" alt=\"Dami Luxury Interior Design\" srcset=\"https:\/\/www.damiinterior.com\/wp-content\/uploads\/2023\/04\/Dami-RAI_6407-1024x778.jpeg 1024w, https:\/\/www.damiinterior.com\/wp-content\/uploads\/2023\/04\/Dami-RAI_6407-768x584.jpeg 768w, https:\/\/www.damiinterior.com\/wp-content\/uploads\/2023\/04\/Dami-RAI_6407-1536x1167.jpeg 1536w, https:\/\/www.damiinterior.com\/wp-content\/uploads\/2023\/04\/Dami-RAI_6407-2048x1556.jpeg 2048w, https:\/\/www.damiinterior.com\/wp-content\/uploads\/2023\/04\/Dami-RAI_6407-1000x760.jpeg 1000w\" sizes=\"auto, (max-width: 1020px) 100vw, 1020px\" \/>\t\t\t\t\t\t\n\t\t\t\t\t<\/div>\n\t\t\t\t\t\t\t\t\n<style>\n#image_389238189 {\n  width: 100%;\n}\n<\/style>\n\t<\/div>\n\t\n\t\t<\/div>\n\t\t\t\t\t<\/div>\n\n\t\n\n\t<div id=\"col-850145766\" class=\"col medium-6 small-12 large-6\"  >\n\t\t\t\t<div class=\"col-inner\"  >\n\t\t\t\n\t\t\t\n\t<div class=\"img has-hover x md-x lg-x y md-y lg-y\" id=\"image_1860425979\">\n\t\t\t\t\t\t\t\t<div class=\"img-inner image-cover dark\" style=\"padding-top:70%;\">\n\t\t\t<img loading=\"lazy\" decoding=\"async\" width=\"1020\" height=\"701\" src=\"https:\/\/www.damiinterior.com\/wp-content\/uploads\/2023\/04\/Dami-RAI_6453-1-1024x704.jpeg\" class=\"attachment-large size-large\" alt=\"Dami Luxury Interior Design\" srcset=\"https:\/\/www.damiinterior.com\/wp-content\/uploads\/2023\/04\/Dami-RAI_6453-1-1024x704.jpeg 1024w, https:\/\/www.damiinterior.com\/wp-content\/uploads\/2023\/04\/Dami-RAI_6453-1-768x528.jpeg 768w, https:\/\/www.damiinterior.com\/wp-content\/uploads\/2023\/04\/Dami-RAI_6453-1-1536x1056.jpeg 1536w, https:\/\/www.damiinterior.com\/wp-content\/uploads\/2023\/04\/Dami-RAI_6453-1-2048x1408.jpeg 2048w, https:\/\/www.damiinterior.com\/wp-content\/uploads\/2023\/04\/Dami-RAI_6453-1-1000x688.jpeg 1000w\" sizes=\"auto, (max-width: 1020px) 100vw, 1020px\" \/>\t\t\t\t\t\t\n\t\t\t\t\t<\/div>\n\t\t\t\t\t\t\t\t\n<style>\n#image_1860425979 {\n  width: 100%;\n}\n<\/style>\n\t<\/div>\n\t\n\t\t<\/div>\n\t\t\t\t\t<\/div>\n\n\t\n<\/div>\n<div class=\"row\"  id=\"row-1547699294\">\n\n\t<div id=\"col-1798771695\" class=\"col medium-6 small-12 large-6\"  >\n\t\t\t\t<div class=\"col-inner\"  >\n\t\t\t\n\t\t\t\n\t<div class=\"img has-hover x md-x lg-x y md-y lg-y\" id=\"image_2093675515\">\n\t\t\t\t\t\t\t\t<div class=\"img-inner image-cover dark\" style=\"padding-top:130%;\">\n\t\t\t<img loading=\"lazy\" decoding=\"async\" width=\"726\" height=\"1024\" src=\"https:\/\/www.damiinterior.com\/wp-content\/uploads\/2023\/04\/Dami-RAI_6427-726x1024.jpeg\" class=\"attachment-large size-large\" alt=\"Dami Luxury Interior Design\" srcset=\"https:\/\/www.damiinterior.com\/wp-content\/uploads\/2023\/04\/Dami-RAI_6427-726x1024.jpeg 726w, https:\/\/www.damiinterior.com\/wp-content\/uploads\/2023\/04\/Dami-RAI_6427-768x1083.jpeg 768w, https:\/\/www.damiinterior.com\/wp-content\/uploads\/2023\/04\/Dami-RAI_6427-1089x1536.jpeg 1089w, https:\/\/www.damiinterior.com\/wp-content\/uploads\/2023\/04\/Dami-RAI_6427-1452x2048.jpeg 1452w, https:\/\/www.damiinterior.com\/wp-content\/uploads\/2023\/04\/Dami-RAI_6427-1000x1410.jpeg 1000w, https:\/\/www.damiinterior.com\/wp-content\/uploads\/2023\/04\/Dami-RAI_6427-scaled.jpeg 1815w\" sizes=\"auto, (max-width: 726px) 100vw, 726px\" \/>\t\t\t\t\t\t\n\t\t\t\t\t<\/div>\n\t\t\t\t\t\t\t\t\n<style>\n#image_2093675515 {\n  width: 100%;\n}\n<\/style>\n\t<\/div>\n\t\n\t\t<\/div>\n\t\t\t\t\t<\/div>\n\n\t\n\n\t<div id=\"col-1660803355\" class=\"col medium-6 small-12 large-6\"  >\n\t\t\t\t<div class=\"col-inner\"  >\n\t\t\t\n\t\t\t\n\t<div class=\"img has-hover x md-x lg-x y md-y lg-y\" id=\"image_1088559955\">\n\t\t\t\t\t\t\t\t<div class=\"img-inner image-cover dark\" style=\"padding-top:130%;\">\n\t\t\t<img loading=\"lazy\" decoding=\"async\" width=\"723\" height=\"1024\" src=\"https:\/\/www.damiinterior.com\/wp-content\/uploads\/2023\/04\/Dami-RAI_6435-723x1024.jpeg\" class=\"attachment-large size-large\" alt=\"Dami Luxury Interior Design\" srcset=\"https:\/\/www.damiinterior.com\/wp-content\/uploads\/2023\/04\/Dami-RAI_6435-723x1024.jpeg 723w, https:\/\/www.damiinterior.com\/wp-content\/uploads\/2023\/04\/Dami-RAI_6435-768x1088.jpeg 768w, https:\/\/www.damiinterior.com\/wp-content\/uploads\/2023\/04\/Dami-RAI_6435-1084x1536.jpeg 1084w, https:\/\/www.damiinterior.com\/wp-content\/uploads\/2023\/04\/Dami-RAI_6435-1446x2048.jpeg 1446w, https:\/\/www.damiinterior.com\/wp-content\/uploads\/2023\/04\/Dami-RAI_6435-1000x1417.jpeg 1000w, https:\/\/www.damiinterior.com\/wp-content\/uploads\/2023\/04\/Dami-RAI_6435-scaled.jpeg 1807w\" sizes=\"auto, (max-width: 723px) 100vw, 723px\" \/>\t\t\t\t\t\t\n\t\t\t\t\t<\/div>\n\t\t\t\t\t\t\t\t\n<style>\n#image_1088559955 {\n  width: 100%;\n}\n<\/style>\n\t<\/div>\n\t\n\t\t<\/div>\n\t\t\t\t\t<\/div>\n\n\t\n<\/div>\n<div class=\"row\"  id=\"row-550971474\">\n\n\t<div id=\"col-674876006\" class=\"col medium-6 small-12 large-6\"  >\n\t\t\t\t<div class=\"col-inner\"  >\n\t\t\t\n\t\t\t\n\t<div class=\"img has-hover x md-x lg-x y md-y lg-y\" id=\"image_331575822\">\n\t\t\t\t\t\t\t\t<div class=\"img-inner image-cover dark\" style=\"padding-top:130%;\">\n\t\t\t<img loading=\"lazy\" decoding=\"async\" width=\"820\" height=\"1024\" src=\"https:\/\/www.damiinterior.com\/wp-content\/uploads\/2023\/04\/Dami-RAI_6455-1-820x1024.jpeg\" class=\"attachment-large size-large\" alt=\"Dami Luxury Interior Design\" srcset=\"https:\/\/www.damiinterior.com\/wp-content\/uploads\/2023\/04\/Dami-RAI_6455-1-820x1024.jpeg 820w, https:\/\/www.damiinterior.com\/wp-content\/uploads\/2023\/04\/Dami-RAI_6455-1-768x959.jpeg 768w, https:\/\/www.damiinterior.com\/wp-content\/uploads\/2023\/04\/Dami-RAI_6455-1-1231x1536.jpeg 1231w, https:\/\/www.damiinterior.com\/wp-content\/uploads\/2023\/04\/Dami-RAI_6455-1-1641x2048.jpeg 1641w, https:\/\/www.damiinterior.com\/wp-content\/uploads\/2023\/04\/Dami-RAI_6455-1-1000x1248.jpeg 1000w\" sizes=\"auto, (max-width: 820px) 100vw, 820px\" \/>\t\t\t\t\t\t\n\t\t\t\t\t<\/div>\n\t\t\t\t\t\t\t\t\n<style>\n#image_331575822 {\n  width: 100%;\n}\n<\/style>\n\t<\/div>\n\t\n\t\t<\/div>\n\t\t\t\t\t<\/div>\n\n\t\n\n\t<div id=\"col-1062158987\" class=\"col medium-6 small-12 large-6\"  >\n\t\t\t\t<div class=\"col-inner\"  >\n\t\t\t\n\t\t\t\n\t<div class=\"img has-hover x md-x lg-x y md-y lg-y\" id=\"image_1572858737\">\n\t\t\t\t\t\t\t\t<div class=\"img-inner image-cover dark\" style=\"padding-top:130%;\">\n\t\t\t<img loading=\"lazy\" decoding=\"async\" width=\"759\" height=\"1024\" src=\"https:\/\/www.damiinterior.com\/wp-content\/uploads\/2023\/04\/Dami-RAI_6445-759x1024.jpeg\" class=\"attachment-large size-large\" alt=\"Dami Luxury Interior Design\" srcset=\"https:\/\/www.damiinterior.com\/wp-content\/uploads\/2023\/04\/Dami-RAI_6445-759x1024.jpeg 759w, https:\/\/www.damiinterior.com\/wp-content\/uploads\/2023\/04\/Dami-RAI_6445-768x1037.jpeg 768w, https:\/\/www.damiinterior.com\/wp-content\/uploads\/2023\/04\/Dami-RAI_6445-1138x1536.jpeg 1138w, https:\/\/www.damiinterior.com\/wp-content\/uploads\/2023\/04\/Dami-RAI_6445-1517x2048.jpeg 1517w, https:\/\/www.damiinterior.com\/wp-content\/uploads\/2023\/04\/Dami-RAI_6445-1000x1350.jpeg 1000w, https:\/\/www.damiinterior.com\/wp-content\/uploads\/2023\/04\/Dami-RAI_6445-scaled.jpeg 1897w\" sizes=\"auto, (max-width: 759px) 100vw, 759px\" \/>\t\t\t\t\t\t\n\t\t\t\t\t<\/div>\n\t\t\t\t\t\t\t\t\n<style>\n#image_1572858737 {\n  width: 100%;\n}\n<\/style>\n\t<\/div>\n\t\n\t\t<\/div>\n\t\t\t\t\t<\/div>\n\n\t\n<\/div>\n\t\t<\/div>\n\t\t\t\t\t<\/div>\n\n\t\n<\/div>\n","protected":false},"excerpt":{"rendered":"","protected":false},"author":7,"featured_media":0,"parent":8501,"menu_order":0,"comment_status":"closed","ping_status":"closed","template":"","meta":{"footnotes":""},"class_list":["post-13242","page","type-page","status-publish","hentry"],"acf":[],"yoast_head":"<!-- This site is optimized with the Yoast SEO plugin v26.6 - https:\/\/yoast.com\/wordpress\/plugins\/seo\/ -->\n<title>MASTERS. EXPO 2021 | Dami Luxury Interior<\/title>\n<meta name=\"description\" content=\"2021 haben wir erstmals am MASTERS teilgenommen. EXPO im Rai in Amsterdam. Lesen Sie mehr \u00fcber dieses Projekt!\" \/>\n<meta name=\"robots\" content=\"index, follow, max-snippet:-1, max-image-preview:large, max-video-preview:-1\" \/>\n<link rel=\"canonical\" href=\"https:\/\/www.damiinterior.com\/de\/projekten\/masters-expo-2021\/\" \/>\n<meta property=\"og:locale\" content=\"de_DE\" \/>\n<meta property=\"og:type\" content=\"article\" \/>\n<meta property=\"og:title\" content=\"MASTERS. EXPO 2021 | Dami Luxury Interior\" \/>\n<meta property=\"og:description\" content=\"2021 haben wir erstmals am MASTERS teilgenommen. EXPO im Rai in Amsterdam. Lesen Sie mehr \u00fcber dieses Projekt!\" \/>\n<meta property=\"og:url\" content=\"https:\/\/www.damiinterior.com\/de\/projekten\/masters-expo-2021\/\" \/>\n<meta property=\"og:site_name\" content=\"Dami Luxury Interior\" \/>\n<meta property=\"article:modified_time\" content=\"2025-02-28T09:40:52+00:00\" \/>\n<meta name=\"twitter:card\" content=\"summary_large_image\" \/>\n<meta name=\"twitter:label1\" content=\"Gesch\u00e4tzte Lesezeit\" \/>\n\t<meta name=\"twitter:data1\" content=\"2\u00a0Minuten\" \/>\n<script type=\"application\/ld+json\" class=\"yoast-schema-graph\">{\"@context\":\"https:\/\/schema.org\",\"@graph\":[{\"@type\":\"WebPage\",\"@id\":\"https:\/\/www.damiinterior.com\/de\/projekten\/masters-expo-2021\/\",\"url\":\"https:\/\/www.damiinterior.com\/de\/projekten\/masters-expo-2021\/\",\"name\":\"MASTERS. EXPO 2021 | Dami Luxury Interior\",\"isPartOf\":{\"@id\":\"https:\/\/www.damiinterior.com\/#website\"},\"datePublished\":\"2023-04-06T09:17:28+00:00\",\"dateModified\":\"2025-02-28T09:40:52+00:00\",\"description\":\"2021 haben wir erstmals am MASTERS teilgenommen. EXPO im Rai in Amsterdam. Lesen Sie mehr \u00fcber dieses Projekt!\",\"breadcrumb\":{\"@id\":\"https:\/\/www.damiinterior.com\/de\/projekten\/masters-expo-2021\/#breadcrumb\"},\"inLanguage\":\"de\",\"potentialAction\":[{\"@type\":\"ReadAction\",\"target\":[\"https:\/\/www.damiinterior.com\/de\/projekten\/masters-expo-2021\/\"]}]},{\"@type\":\"BreadcrumbList\",\"@id\":\"https:\/\/www.damiinterior.com\/de\/projekten\/masters-expo-2021\/#breadcrumb\",\"itemListElement\":[{\"@type\":\"ListItem\",\"position\":1,\"name\":\"Home\",\"item\":\"https:\/\/www.damiinterior.com\/de\/\"},{\"@type\":\"ListItem\",\"position\":2,\"name\":\"Projekten\",\"item\":\"https:\/\/www.damiinterior.com\/de\/projekten\/\"},{\"@type\":\"ListItem\",\"position\":3,\"name\":\"MASTERS. EXPO 2021\"}]},{\"@type\":\"WebSite\",\"@id\":\"https:\/\/www.damiinterior.com\/#website\",\"url\":\"https:\/\/www.damiinterior.com\/\",\"name\":\"Dami Luxury Interior\",\"description\":\"\",\"publisher\":{\"@id\":\"https:\/\/www.damiinterior.com\/#organization\"},\"potentialAction\":[{\"@type\":\"SearchAction\",\"target\":{\"@type\":\"EntryPoint\",\"urlTemplate\":\"https:\/\/www.damiinterior.com\/?s={search_term_string}\"},\"query-input\":{\"@type\":\"PropertyValueSpecification\",\"valueRequired\":true,\"valueName\":\"search_term_string\"}}],\"inLanguage\":\"de\"},{\"@type\":\"Organization\",\"@id\":\"https:\/\/www.damiinterior.com\/#organization\",\"name\":\"Dami Luxury Interior\",\"url\":\"https:\/\/www.damiinterior.com\/\",\"logo\":{\"@type\":\"ImageObject\",\"inLanguage\":\"de\",\"@id\":\"https:\/\/www.damiinterior.com\/#\/schema\/logo\/image\/\",\"url\":\"https:\/\/www.damiinterior.com\/wp-content\/uploads\/2020\/06\/logo.jpg\",\"contentUrl\":\"https:\/\/www.damiinterior.com\/wp-content\/uploads\/2020\/06\/logo.jpg\",\"width\":800,\"height\":800,\"caption\":\"Dami Luxury Interior\"},\"image\":{\"@id\":\"https:\/\/www.damiinterior.com\/#\/schema\/logo\/image\/\"}}]}<\/script>\n<!-- \/ Yoast SEO plugin. -->","yoast_head_json":{"title":"MASTERS. EXPO 2021 | Dami Luxury Interior","description":"2021 haben wir erstmals am MASTERS teilgenommen. EXPO im Rai in Amsterdam. Lesen Sie mehr \u00fcber dieses Projekt!","robots":{"index":"index","follow":"follow","max-snippet":"max-snippet:-1","max-image-preview":"max-image-preview:large","max-video-preview":"max-video-preview:-1"},"canonical":"https:\/\/www.damiinterior.com\/de\/projekten\/masters-expo-2021\/","og_locale":"de_DE","og_type":"article","og_title":"MASTERS. EXPO 2021 | Dami Luxury Interior","og_description":"2021 haben wir erstmals am MASTERS teilgenommen. EXPO im Rai in Amsterdam. Lesen Sie mehr \u00fcber dieses Projekt!","og_url":"https:\/\/www.damiinterior.com\/de\/projekten\/masters-expo-2021\/","og_site_name":"Dami Luxury Interior","article_modified_time":"2025-02-28T09:40:52+00:00","twitter_card":"summary_large_image","twitter_misc":{"Gesch\u00e4tzte Lesezeit":"2\u00a0Minuten"},"schema":{"@context":"https:\/\/schema.org","@graph":[{"@type":"WebPage","@id":"https:\/\/www.damiinterior.com\/de\/projekten\/masters-expo-2021\/","url":"https:\/\/www.damiinterior.com\/de\/projekten\/masters-expo-2021\/","name":"MASTERS. EXPO 2021 | Dami Luxury Interior","isPartOf":{"@id":"https:\/\/www.damiinterior.com\/#website"},"datePublished":"2023-04-06T09:17:28+00:00","dateModified":"2025-02-28T09:40:52+00:00","description":"2021 haben wir erstmals am MASTERS teilgenommen. EXPO im Rai in Amsterdam. Lesen Sie mehr \u00fcber dieses Projekt!","breadcrumb":{"@id":"https:\/\/www.damiinterior.com\/de\/projekten\/masters-expo-2021\/#breadcrumb"},"inLanguage":"de","potentialAction":[{"@type":"ReadAction","target":["https:\/\/www.damiinterior.com\/de\/projekten\/masters-expo-2021\/"]}]},{"@type":"BreadcrumbList","@id":"https:\/\/www.damiinterior.com\/de\/projekten\/masters-expo-2021\/#breadcrumb","itemListElement":[{"@type":"ListItem","position":1,"name":"Home","item":"https:\/\/www.damiinterior.com\/de\/"},{"@type":"ListItem","position":2,"name":"Projekten","item":"https:\/\/www.damiinterior.com\/de\/projekten\/"},{"@type":"ListItem","position":3,"name":"MASTERS. EXPO 2021"}]},{"@type":"WebSite","@id":"https:\/\/www.damiinterior.com\/#website","url":"https:\/\/www.damiinterior.com\/","name":"Dami Luxury Interior","description":"","publisher":{"@id":"https:\/\/www.damiinterior.com\/#organization"},"potentialAction":[{"@type":"SearchAction","target":{"@type":"EntryPoint","urlTemplate":"https:\/\/www.damiinterior.com\/?s={search_term_string}"},"query-input":{"@type":"PropertyValueSpecification","valueRequired":true,"valueName":"search_term_string"}}],"inLanguage":"de"},{"@type":"Organization","@id":"https:\/\/www.damiinterior.com\/#organization","name":"Dami Luxury Interior","url":"https:\/\/www.damiinterior.com\/","logo":{"@type":"ImageObject","inLanguage":"de","@id":"https:\/\/www.damiinterior.com\/#\/schema\/logo\/image\/","url":"https:\/\/www.damiinterior.com\/wp-content\/uploads\/2020\/06\/logo.jpg","contentUrl":"https:\/\/www.damiinterior.com\/wp-content\/uploads\/2020\/06\/logo.jpg","width":800,"height":800,"caption":"Dami Luxury Interior"},"image":{"@id":"https:\/\/www.damiinterior.com\/#\/schema\/logo\/image\/"}}]}},"_links":{"self":[{"href":"https:\/\/www.damiinterior.com\/de\/wp-json\/wp\/v2\/pages\/13242","targetHints":{"allow":["GET"]}}],"collection":[{"href":"https:\/\/www.damiinterior.com\/de\/wp-json\/wp\/v2\/pages"}],"about":[{"href":"https:\/\/www.damiinterior.com\/de\/wp-json\/wp\/v2\/types\/page"}],"author":[{"embeddable":true,"href":"https:\/\/www.damiinterior.com\/de\/wp-json\/wp\/v2\/users\/7"}],"replies":[{"embeddable":true,"href":"https:\/\/www.damiinterior.com\/de\/wp-json\/wp\/v2\/comments?post=13242"}],"version-history":[{"count":4,"href":"https:\/\/www.damiinterior.com\/de\/wp-json\/wp\/v2\/pages\/13242\/revisions"}],"predecessor-version":[{"id":15250,"href":"https:\/\/www.damiinterior.com\/de\/wp-json\/wp\/v2\/pages\/13242\/revisions\/15250"}],"up":[{"embeddable":true,"href":"https:\/\/www.damiinterior.com\/de\/wp-json\/wp\/v2\/pages\/8501"}],"wp:attachment":[{"href":"https:\/\/www.damiinterior.com\/de\/wp-json\/wp\/v2\/media?parent=13242"}],"curies":[{"name":"wp","href":"https:\/\/api.w.org\/{rel}","templated":true}]}}