{"id":13465,"date":"2023-04-17T09:39:39","date_gmt":"2023-04-17T07:39:39","guid":{"rendered":"https:\/\/www.damiinterior.com\/?page_id=13465"},"modified":"2025-02-28T12:07:26","modified_gmt":"2025-02-28T10:07:26","slug":"key-account-manager","status":"publish","type":"page","link":"https:\/\/www.damiinterior.com\/de\/stellenangebote\/offene-verkaufsstelle\/key-account-manager\/","title":{"rendered":"Key account manager"},"content":{"rendered":"<div class=\"row\"  id=\"row-1734890218\">\n\n\t<div id=\"col-1134742187\" class=\"col small-12 large-12\"  >\n\t\t\t\t<div class=\"col-inner\"  >\n\t\t\t\n\t\t\t\n<div class=\"row\"  id=\"row-1046590775\">\n\n\t<div id=\"col-572157820\" class=\"col small-12 large-12\"  >\n\t\t\t\t<div class=\"col-inner\"  >\n\t\t\t\n\t\t\t\n\t<div id=\"gap-187292622\" class=\"gap-element clearfix\" style=\"display:block; height:auto;\">\n\t\t\n<style>\n#gap-187292622 {\n  padding-top: 30px;\n}\n<\/style>\n\t<\/div>\n\t\n\t\t<\/div>\n\t\t\t\t\t<\/div>\n\n\t\n<\/div>\n<h1>Unternehmensinformationen<\/h1>\n<p>DAMI Luxury Interior &amp; DMLXRY ist ein frisches und junges Startup-Unternehmen und seit 2019 auf dem niederl\u00e4ndischen Markt aktiv. DAMI konzentriert sich auf High-End-Interieur. Unsere Artikel werden in den Niederlanden entworfen, produziert und international verkauft. Das Produkt ist einzigartig, exklusiv und wei\u00df, wie man jeden Raum in die richtige Klasse hebt. DAMI hat seinen Sitz in einem sch\u00f6nen, neu gebauten B\u00fcro in Waalwijk mit einer sehr exklusiven Einrichtung und Ausstrahlung.<\/p>\n<h3>Deine Rolle<\/h3>\n<p>DAMI w\u00e4chst schnell und wir sind auf der Suche nach einem unabh\u00e4ngigen und erfahrenen Key Account Manager, der mit uns wachsen kann. Sie sind mit unserer Branche vertraut und wissen, wie Sie unsere Marke in einem internationalen Umfeld gut vertreten k\u00f6nnen. Sie akquirieren neue Kunden und neue Projekte, aber auch neue Kooperationen mit Partnern, die gut zu uns passen. Sie arbeiten selbstst\u00e4ndig an der Pflege und dem Ausbau unseres Netzwerks; Sie pflegen Kontakte und besuchen unsere H\u00e4ndler und Distributoren in den Beneluxl\u00e4ndern, Spanien, Italien und Deutschland. Dort beraten Sie unsere Kunden \u00fcber die neuesten Materialien und Produkte von DAMI.<\/p>\n<h3>Ihr Profil<\/h3>\n<ul>\n<li>Sie sind eine schillernde Pers\u00f6nlichkeit mit Sinn f\u00fcr Stil;<\/li>\n<li>Sie sind ein kaufm\u00e4nnisches Talent, das seine Arbeit gut organisiert hat;<\/li>\n<li>Sie sch\u00f6pfen Energie aus Kontakten in einem kommerziellen B2B-Umfeld;<\/li>\n<li>Sie haben ein HBO Arbeits- und Denkniveau;<\/li>\n<li>Sie verf\u00fcgen \u00fcber mindestens 5 Jahre Erfahrung in einer \u00e4hnlichen Position;<\/li>\n<li>Sie arbeiten gerne, schnell und genau;<\/li>\n<li>Ausgezeichnete Kommunikations- und Schreibkenntnisse (Word, Excel usw.);<\/li>\n<li>Gute Beherrschung der niederl\u00e4ndischen und englischen Sprache ist ein Muss.<\/li>\n<\/ul>\n<h3>Was Sie im Gegenzug erhalten<\/h3>\n<p>M\u00f6glichkeiten, Ihre Karriere in einem schnell wachsenden Unternehmen zu entwickeln, gute prim\u00e4re und sekund\u00e4re Arbeitsbedingungen, einen Firmenwagen, einen modernen Arbeitsplatz in unserem neu gebauten B\u00fcro in Waalwijk, freien Zugang zu unserer eigenen internen Sportschule, ein internes Betriebsrestaurant, ein marktkonformes Leistungspaket und Sie werden Teil einer netten Gruppe von Kollegen sein. Als Familienunternehmen sorgen wir gut f\u00fcreinander; zum Beispiel k\u00f6nnen Sie sich zus\u00e4tzlichen Urlaub verdienen, wenn Sie nicht krank sind, und haben einen hervorragenden Fahrradplan, den Sie nutzen k\u00f6nnen!<\/p>\n<p>Interessiert? Dann bewerben Sie sich mit einer kurzen Motivation und einem Lebenslauf per E-Mail an: work@damiinterior.com<\/p>\n\t\t<\/div>\n\t\t\t\t\t<\/div>\n\n\t\n<\/div>\n\t<section class=\"section\" id=\"section_652924738\">\n\t\t<div class=\"bg section-bg fill bg-fill  \" >\n\n\t\t\t\n\t\t\t\n\t\t\t\n\n\t\t<\/div>\n\n\t\t\n\n\t\t<div class=\"section-content relative\">\n\t\t\t\n\t\t<\/div>\n\n\t\t\n<style>\n#section_652924738 {\n  padding-top: 30px;\n  padding-bottom: 30px;\n  min-height: 400px;\n}\n#section_652924738 .section-bg.bg-loaded {\n  background-image: url(https:\/\/www.damiinterior.com\/wp-content\/uploads\/2022\/07\/Picture1-1.jpeg);\n}\n#section_652924738 .section-bg {\n  background-position: 45% 56%;\n}\n<\/style>\n\t<\/section>\n\t\n","protected":false},"excerpt":{"rendered":"","protected":false},"author":7,"featured_media":0,"parent":13461,"menu_order":0,"comment_status":"closed","ping_status":"closed","template":"page-blank.php","meta":{"footnotes":""},"class_list":["post-13465","page","type-page","status-publish","hentry"],"acf":[],"yoast_head":"<!-- This site is optimized with the Yoast SEO plugin v27.4 - https:\/\/yoast.com\/product\/yoast-seo-wordpress\/ -->\n<title>Key account manager - Dami Luxury Interior<\/title>\n<meta name=\"description\" content=\"DAMI konzentriert sich auf High-End-Innenausstattung. Unsere Produkte werden in den Niederlanden selbst entworfen und hergestellt und international verkauft.\" \/>\n<meta name=\"robots\" content=\"index, follow, max-snippet:-1, max-image-preview:large, max-video-preview:-1\" \/>\n<link rel=\"canonical\" href=\"https:\/\/www.damiinterior.com\/de\/stellenangebote\/offene-verkaufsstelle\/key-account-manager\/\" \/>\n<meta property=\"og:locale\" content=\"de_DE\" \/>\n<meta property=\"og:type\" content=\"article\" \/>\n<meta property=\"og:title\" content=\"Key account manager - Dami Luxury Interior\" \/>\n<meta property=\"og:description\" content=\"DAMI konzentriert sich auf High-End-Innenausstattung. Unsere Produkte werden in den Niederlanden selbst entworfen und hergestellt und international verkauft.\" \/>\n<meta property=\"og:url\" content=\"https:\/\/www.damiinterior.com\/de\/stellenangebote\/offene-verkaufsstelle\/key-account-manager\/\" \/>\n<meta property=\"og:site_name\" content=\"Dami Luxury Interior\" \/>\n<meta property=\"article:modified_time\" content=\"2025-02-28T10:07:26+00:00\" \/>\n<meta name=\"twitter:card\" content=\"summary_large_image\" \/>\n<meta name=\"twitter:label1\" content=\"Gesch\u00e4tzte Lesezeit\" \/>\n\t<meta name=\"twitter:data1\" content=\"2\u00a0Minuten\" \/>\n<script type=\"application\/ld+json\" class=\"yoast-schema-graph\">{\"@context\":\"https:\\\/\\\/schema.org\",\"@graph\":[{\"@type\":\"WebPage\",\"@id\":\"https:\\\/\\\/www.damiinterior.com\\\/de\\\/stellenangebote\\\/offene-verkaufsstelle\\\/key-account-manager\\\/\",\"url\":\"https:\\\/\\\/www.damiinterior.com\\\/de\\\/stellenangebote\\\/offene-verkaufsstelle\\\/key-account-manager\\\/\",\"name\":\"Key account manager - Dami Luxury Interior\",\"isPartOf\":{\"@id\":\"https:\\\/\\\/www.damiinterior.com\\\/#website\"},\"datePublished\":\"2023-04-17T07:39:39+00:00\",\"dateModified\":\"2025-02-28T10:07:26+00:00\",\"description\":\"DAMI konzentriert sich auf High-End-Innenausstattung. Unsere Produkte werden in den Niederlanden selbst entworfen und hergestellt und international verkauft.\",\"breadcrumb\":{\"@id\":\"https:\\\/\\\/www.damiinterior.com\\\/de\\\/stellenangebote\\\/offene-verkaufsstelle\\\/key-account-manager\\\/#breadcrumb\"},\"inLanguage\":\"de\",\"potentialAction\":[{\"@type\":\"ReadAction\",\"target\":[\"https:\\\/\\\/www.damiinterior.com\\\/de\\\/stellenangebote\\\/offene-verkaufsstelle\\\/key-account-manager\\\/\"]}]},{\"@type\":\"BreadcrumbList\",\"@id\":\"https:\\\/\\\/www.damiinterior.com\\\/de\\\/stellenangebote\\\/offene-verkaufsstelle\\\/key-account-manager\\\/#breadcrumb\",\"itemListElement\":[{\"@type\":\"ListItem\",\"position\":1,\"name\":\"Home\",\"item\":\"https:\\\/\\\/www.damiinterior.com\\\/de\\\/\"},{\"@type\":\"ListItem\",\"position\":2,\"name\":\"Stellenangebote\",\"item\":\"https:\\\/\\\/www.damiinterior.com\\\/de\\\/stellenangebote\\\/\"},{\"@type\":\"ListItem\",\"position\":3,\"name\":\"Offene Verkaufsstelle\",\"item\":\"https:\\\/\\\/www.damiinterior.com\\\/de\\\/stellenangebote\\\/offene-verkaufsstelle\\\/\"},{\"@type\":\"ListItem\",\"position\":4,\"name\":\"Key account manager\"}]},{\"@type\":\"WebSite\",\"@id\":\"https:\\\/\\\/www.damiinterior.com\\\/#website\",\"url\":\"https:\\\/\\\/www.damiinterior.com\\\/\",\"name\":\"Dami Luxury Interior\",\"description\":\"\",\"publisher\":{\"@id\":\"https:\\\/\\\/www.damiinterior.com\\\/#organization\"},\"potentialAction\":[{\"@type\":\"SearchAction\",\"target\":{\"@type\":\"EntryPoint\",\"urlTemplate\":\"https:\\\/\\\/www.damiinterior.com\\\/?s={search_term_string}\"},\"query-input\":{\"@type\":\"PropertyValueSpecification\",\"valueRequired\":true,\"valueName\":\"search_term_string\"}}],\"inLanguage\":\"de\"},{\"@type\":\"Organization\",\"@id\":\"https:\\\/\\\/www.damiinterior.com\\\/#organization\",\"name\":\"Dami Luxury Interior\",\"url\":\"https:\\\/\\\/www.damiinterior.com\\\/\",\"logo\":{\"@type\":\"ImageObject\",\"inLanguage\":\"de\",\"@id\":\"https:\\\/\\\/www.damiinterior.com\\\/#\\\/schema\\\/logo\\\/image\\\/\",\"url\":\"https:\\\/\\\/www.damiinterior.com\\\/wp-content\\\/uploads\\\/2020\\\/06\\\/logo.jpg\",\"contentUrl\":\"https:\\\/\\\/www.damiinterior.com\\\/wp-content\\\/uploads\\\/2020\\\/06\\\/logo.jpg\",\"width\":800,\"height\":800,\"caption\":\"Dami Luxury Interior\"},\"image\":{\"@id\":\"https:\\\/\\\/www.damiinterior.com\\\/#\\\/schema\\\/logo\\\/image\\\/\"}}]}<\/script>\n<!-- \/ Yoast SEO plugin. -->","yoast_head_json":{"title":"Key account manager - Dami Luxury Interior","description":"DAMI konzentriert sich auf High-End-Innenausstattung. Unsere Produkte werden in den Niederlanden selbst entworfen und hergestellt und international verkauft.","robots":{"index":"index","follow":"follow","max-snippet":"max-snippet:-1","max-image-preview":"max-image-preview:large","max-video-preview":"max-video-preview:-1"},"canonical":"https:\/\/www.damiinterior.com\/de\/stellenangebote\/offene-verkaufsstelle\/key-account-manager\/","og_locale":"de_DE","og_type":"article","og_title":"Key account manager - Dami Luxury Interior","og_description":"DAMI konzentriert sich auf High-End-Innenausstattung. Unsere Produkte werden in den Niederlanden selbst entworfen und hergestellt und international verkauft.","og_url":"https:\/\/www.damiinterior.com\/de\/stellenangebote\/offene-verkaufsstelle\/key-account-manager\/","og_site_name":"Dami Luxury Interior","article_modified_time":"2025-02-28T10:07:26+00:00","twitter_card":"summary_large_image","twitter_misc":{"Gesch\u00e4tzte Lesezeit":"2\u00a0Minuten"},"schema":{"@context":"https:\/\/schema.org","@graph":[{"@type":"WebPage","@id":"https:\/\/www.damiinterior.com\/de\/stellenangebote\/offene-verkaufsstelle\/key-account-manager\/","url":"https:\/\/www.damiinterior.com\/de\/stellenangebote\/offene-verkaufsstelle\/key-account-manager\/","name":"Key account manager - Dami Luxury Interior","isPartOf":{"@id":"https:\/\/www.damiinterior.com\/#website"},"datePublished":"2023-04-17T07:39:39+00:00","dateModified":"2025-02-28T10:07:26+00:00","description":"DAMI konzentriert sich auf High-End-Innenausstattung. Unsere Produkte werden in den Niederlanden selbst entworfen und hergestellt und international verkauft.","breadcrumb":{"@id":"https:\/\/www.damiinterior.com\/de\/stellenangebote\/offene-verkaufsstelle\/key-account-manager\/#breadcrumb"},"inLanguage":"de","potentialAction":[{"@type":"ReadAction","target":["https:\/\/www.damiinterior.com\/de\/stellenangebote\/offene-verkaufsstelle\/key-account-manager\/"]}]},{"@type":"BreadcrumbList","@id":"https:\/\/www.damiinterior.com\/de\/stellenangebote\/offene-verkaufsstelle\/key-account-manager\/#breadcrumb","itemListElement":[{"@type":"ListItem","position":1,"name":"Home","item":"https:\/\/www.damiinterior.com\/de\/"},{"@type":"ListItem","position":2,"name":"Stellenangebote","item":"https:\/\/www.damiinterior.com\/de\/stellenangebote\/"},{"@type":"ListItem","position":3,"name":"Offene Verkaufsstelle","item":"https:\/\/www.damiinterior.com\/de\/stellenangebote\/offene-verkaufsstelle\/"},{"@type":"ListItem","position":4,"name":"Key account manager"}]},{"@type":"WebSite","@id":"https:\/\/www.damiinterior.com\/#website","url":"https:\/\/www.damiinterior.com\/","name":"Dami Luxury Interior","description":"","publisher":{"@id":"https:\/\/www.damiinterior.com\/#organization"},"potentialAction":[{"@type":"SearchAction","target":{"@type":"EntryPoint","urlTemplate":"https:\/\/www.damiinterior.com\/?s={search_term_string}"},"query-input":{"@type":"PropertyValueSpecification","valueRequired":true,"valueName":"search_term_string"}}],"inLanguage":"de"},{"@type":"Organization","@id":"https:\/\/www.damiinterior.com\/#organization","name":"Dami Luxury Interior","url":"https:\/\/www.damiinterior.com\/","logo":{"@type":"ImageObject","inLanguage":"de","@id":"https:\/\/www.damiinterior.com\/#\/schema\/logo\/image\/","url":"https:\/\/www.damiinterior.com\/wp-content\/uploads\/2020\/06\/logo.jpg","contentUrl":"https:\/\/www.damiinterior.com\/wp-content\/uploads\/2020\/06\/logo.jpg","width":800,"height":800,"caption":"Dami Luxury Interior"},"image":{"@id":"https:\/\/www.damiinterior.com\/#\/schema\/logo\/image\/"}}]}},"_links":{"self":[{"href":"https:\/\/www.damiinterior.com\/de\/wp-json\/wp\/v2\/pages\/13465","targetHints":{"allow":["GET"]}}],"collection":[{"href":"https:\/\/www.damiinterior.com\/de\/wp-json\/wp\/v2\/pages"}],"about":[{"href":"https:\/\/www.damiinterior.com\/de\/wp-json\/wp\/v2\/types\/page"}],"author":[{"embeddable":true,"href":"https:\/\/www.damiinterior.com\/de\/wp-json\/wp\/v2\/users\/7"}],"replies":[{"embeddable":true,"href":"https:\/\/www.damiinterior.com\/de\/wp-json\/wp\/v2\/comments?post=13465"}],"version-history":[{"count":5,"href":"https:\/\/www.damiinterior.com\/de\/wp-json\/wp\/v2\/pages\/13465\/revisions"}],"predecessor-version":[{"id":15191,"href":"https:\/\/www.damiinterior.com\/de\/wp-json\/wp\/v2\/pages\/13465\/revisions\/15191"}],"up":[{"embeddable":true,"href":"https:\/\/www.damiinterior.com\/de\/wp-json\/wp\/v2\/pages\/13461"}],"wp:attachment":[{"href":"https:\/\/www.damiinterior.com\/de\/wp-json\/wp\/v2\/media?parent=13465"}],"curies":[{"name":"wp","href":"https:\/\/api.w.org\/{rel}","templated":true}]}}