{"id":13580,"date":"2023-05-03T08:50:52","date_gmt":"2023-05-03T06:50:52","guid":{"rendered":"https:\/\/www.damiinterior.com\/?page_id=13580"},"modified":"2024-05-28T14:39:12","modified_gmt":"2024-05-28T12:39:12","slug":"sneak-peak-penthouse","status":"publish","type":"page","link":"https:\/\/www.damiinterior.com\/de\/projekten\/sneak-peak-penthouse\/","title":{"rendered":"Sneak Peak: Penthouse Midden-Brabant"},"content":{"rendered":"\t<section class=\"section\" id=\"section_913148476\">\n\t\t<div class=\"bg section-bg fill bg-fill  bg-loaded\" >\n\n\t\t\t\n\t\t\t\n\t\t\t\n\n\t\t<\/div>\n\n\t\t\n\n\t\t<div class=\"section-content relative\">\n\t\t\t\n<div class=\"row align-middle\"  id=\"row-2129948490\">\n\n\t<div id=\"col-242908076\" class=\"col medium-6 small-12 large-6\"  >\n\t\t\t\t<div class=\"col-inner\"  >\n\t\t\t\n\t\t\t\n<h1>Sneak Peak: Penthouse Midden-Brabant<\/h1>\n<p>Diese sch\u00f6nen Renderbilder sind der Ausgangspunkt f\u00fcr die Inneneinrichtung eines Penthouses in Midden-Brabant. Die Kombination des dunklen Marmors an den W\u00e4nden mit den hellen Materialien in den M\u00f6beln schafft einen ruhigen, aber luxuri\u00f6sen Look.<\/p>\n<p>Bei diesem Projekt wurde der Pearl Couchtisch mit einer Caf\u00e9 Amaro Marmorplatte und Caramel Soft-Touch-Lamellen verwendet. Dies bildet eine perfekte Kombination mit der neuen Variante unseres Beryl; beiger Softtouch mit hochgl\u00e4nzenden Bronzeleisten.<\/p>\n<p>Bleiben Sie dran, um das Endergebnis zu sehen!<\/p>\n\t\t<\/div>\n\t\t\t\t\t<\/div>\n\n\t\n\n\t<div id=\"col-2039883955\" class=\"col medium-6 small-12 large-6\"  >\n\t\t\t\t<div class=\"col-inner\"  >\n\t\t\t\n\t\t\t\n\t<div class=\"img has-hover x md-x lg-x y md-y lg-y\" id=\"image_807863133\">\n\t\t\t\t\t\t\t\t<div class=\"img-inner image-cover dark\" style=\"padding-top:80%;\">\n\t\t\t<img loading=\"lazy\" decoding=\"async\" width=\"1020\" height=\"1020\" src=\"https:\/\/www.damiinterior.com\/wp-content\/uploads\/2023\/05\/CAM6_FINAL-1024x1024.jpg\" class=\"attachment-large size-large\" alt=\"Luxurious living room by Dami\" srcset=\"https:\/\/www.damiinterior.com\/wp-content\/uploads\/2023\/05\/CAM6_FINAL-1024x1024.jpg 1024w, https:\/\/www.damiinterior.com\/wp-content\/uploads\/2023\/05\/CAM6_FINAL-768x768.jpg 768w, https:\/\/www.damiinterior.com\/wp-content\/uploads\/2023\/05\/CAM6_FINAL-1536x1536.jpg 1536w, https:\/\/www.damiinterior.com\/wp-content\/uploads\/2023\/05\/CAM6_FINAL-2048x2048.jpg 2048w, https:\/\/www.damiinterior.com\/wp-content\/uploads\/2023\/05\/CAM6_FINAL-1000x1000.jpg 1000w, https:\/\/www.damiinterior.com\/wp-content\/uploads\/2023\/05\/CAM6_FINAL-100x100.jpg 100w\" sizes=\"auto, (max-width: 1020px) 100vw, 1020px\" \/>\t\t\t\t\t\t\n\t\t\t\t\t<\/div>\n\t\t\t\t\t\t\t\t\n<style>\n#image_807863133 {\n  width: 100%;\n}\n<\/style>\n\t<\/div>\n\t\n\t\t<\/div>\n\t\t\t\t\t<\/div>\n\n\t\n<\/div>\n<div class=\"row\"  id=\"row-906184484\">\n\n\t<div id=\"col-2076068801\" class=\"col medium-6 small-12 large-6\"  >\n\t\t\t\t<div class=\"col-inner\"  >\n\t\t\t\n\t\t\t\n\t<div class=\"img has-hover x md-x lg-x y md-y lg-y\" id=\"image_640515352\">\n\t\t\t\t\t\t\t\t<div class=\"img-inner dark\" >\n\t\t\t<img loading=\"lazy\" decoding=\"async\" width=\"1020\" height=\"574\" src=\"https:\/\/www.damiinterior.com\/wp-content\/uploads\/2023\/05\/CAM1_FINAL-1024x576.jpg\" class=\"attachment-large size-large\" alt=\"Luxurious living room by Dami\" srcset=\"https:\/\/www.damiinterior.com\/wp-content\/uploads\/2023\/05\/CAM1_FINAL-1024x576.jpg 1024w, https:\/\/www.damiinterior.com\/wp-content\/uploads\/2023\/05\/CAM1_FINAL-768x432.jpg 768w, https:\/\/www.damiinterior.com\/wp-content\/uploads\/2023\/05\/CAM1_FINAL-1536x864.jpg 1536w, https:\/\/www.damiinterior.com\/wp-content\/uploads\/2023\/05\/CAM1_FINAL-2048x1152.jpg 2048w, https:\/\/www.damiinterior.com\/wp-content\/uploads\/2023\/05\/CAM1_FINAL-1000x562.jpg 1000w\" sizes=\"auto, (max-width: 1020px) 100vw, 1020px\" \/>\t\t\t\t\t\t\n\t\t\t\t\t<\/div>\n\t\t\t\t\t\t\t\t\n<style>\n#image_640515352 {\n  width: 100%;\n}\n<\/style>\n\t<\/div>\n\t\n\t\t<\/div>\n\t\t\t\t\t<\/div>\n\n\t\n\n\t<div id=\"col-49495786\" class=\"col medium-6 small-12 large-6\"  >\n\t\t\t\t<div class=\"col-inner\"  >\n\t\t\t\n\t\t\t\n\t<div class=\"img has-hover x md-x lg-x y md-y lg-y\" id=\"image_2014401276\">\n\t\t\t\t\t\t\t\t<div class=\"img-inner dark\" >\n\t\t\t<img loading=\"lazy\" decoding=\"async\" width=\"1020\" height=\"574\" src=\"https:\/\/www.damiinterior.com\/wp-content\/uploads\/2023\/05\/CAM2_FINAL-1024x576.jpg\" class=\"attachment-large size-large\" alt=\"Luxurious living room by Dami\" srcset=\"https:\/\/www.damiinterior.com\/wp-content\/uploads\/2023\/05\/CAM2_FINAL-1024x576.jpg 1024w, https:\/\/www.damiinterior.com\/wp-content\/uploads\/2023\/05\/CAM2_FINAL-768x432.jpg 768w, https:\/\/www.damiinterior.com\/wp-content\/uploads\/2023\/05\/CAM2_FINAL-1536x864.jpg 1536w, https:\/\/www.damiinterior.com\/wp-content\/uploads\/2023\/05\/CAM2_FINAL-2048x1152.jpg 2048w, https:\/\/www.damiinterior.com\/wp-content\/uploads\/2023\/05\/CAM2_FINAL-1000x562.jpg 1000w\" sizes=\"auto, (max-width: 1020px) 100vw, 1020px\" \/>\t\t\t\t\t\t\n\t\t\t\t\t<\/div>\n\t\t\t\t\t\t\t\t\n<style>\n#image_2014401276 {\n  width: 100%;\n}\n<\/style>\n\t<\/div>\n\t\n\t\t<\/div>\n\t\t\t\t\t<\/div>\n\n\t\n\n\t<div id=\"col-1828152663\" class=\"col medium-6 small-12 large-6\"  >\n\t\t\t\t<div class=\"col-inner\"  >\n\t\t\t\n\t\t\t\n\t<div class=\"img has-hover x md-x lg-x y md-y lg-y\" id=\"image_795725564\">\n\t\t\t\t\t\t\t\t<div class=\"img-inner dark\" >\n\t\t\t<img loading=\"lazy\" decoding=\"async\" width=\"1020\" height=\"574\" src=\"https:\/\/www.damiinterior.com\/wp-content\/uploads\/2023\/06\/CAM7_4-1024x576.jpg\" class=\"attachment-large size-large\" alt=\"Luxurious bedroom by Dami\" srcset=\"https:\/\/www.damiinterior.com\/wp-content\/uploads\/2023\/06\/CAM7_4-1024x576.jpg 1024w, https:\/\/www.damiinterior.com\/wp-content\/uploads\/2023\/06\/CAM7_4-768x432.jpg 768w, https:\/\/www.damiinterior.com\/wp-content\/uploads\/2023\/06\/CAM7_4-1536x864.jpg 1536w, https:\/\/www.damiinterior.com\/wp-content\/uploads\/2023\/06\/CAM7_4-2048x1152.jpg 2048w, https:\/\/www.damiinterior.com\/wp-content\/uploads\/2023\/06\/CAM7_4-1000x562.jpg 1000w\" sizes=\"auto, (max-width: 1020px) 100vw, 1020px\" \/>\t\t\t\t\t\t\n\t\t\t\t\t<\/div>\n\t\t\t\t\t\t\t\t\n<style>\n#image_795725564 {\n  width: 100%;\n}\n<\/style>\n\t<\/div>\n\t\n\t\t<\/div>\n\t\t\t\t\t<\/div>\n\n\t\n\n\t<div id=\"col-1209595777\" class=\"col medium-6 small-12 large-6\"  >\n\t\t\t\t<div class=\"col-inner\"  >\n\t\t\t\n\t\t\t\n\t<div class=\"img has-hover x md-x lg-x y md-y lg-y\" id=\"image_23762049\">\n\t\t\t\t\t\t\t\t<div class=\"img-inner dark\" >\n\t\t\t<img loading=\"lazy\" decoding=\"async\" width=\"1020\" height=\"574\" src=\"https:\/\/www.damiinterior.com\/wp-content\/uploads\/2023\/06\/CAM8_4-1024x576.jpg\" class=\"attachment-large size-large\" alt=\"Interior by Dami\" srcset=\"https:\/\/www.damiinterior.com\/wp-content\/uploads\/2023\/06\/CAM8_4-1024x576.jpg 1024w, https:\/\/www.damiinterior.com\/wp-content\/uploads\/2023\/06\/CAM8_4-768x432.jpg 768w, https:\/\/www.damiinterior.com\/wp-content\/uploads\/2023\/06\/CAM8_4-1536x864.jpg 1536w, https:\/\/www.damiinterior.com\/wp-content\/uploads\/2023\/06\/CAM8_4-2048x1152.jpg 2048w, https:\/\/www.damiinterior.com\/wp-content\/uploads\/2023\/06\/CAM8_4-1000x562.jpg 1000w\" sizes=\"auto, (max-width: 1020px) 100vw, 1020px\" \/>\t\t\t\t\t\t\n\t\t\t\t\t<\/div>\n\t\t\t\t\t\t\t\t\n<style>\n#image_23762049 {\n  width: 100%;\n}\n<\/style>\n\t<\/div>\n\t\n\t\t<\/div>\n\t\t\t\t\t<\/div>\n\n\t\n<\/div>\n<div class=\"row\"  id=\"row-400036806\">\n\n\t<div id=\"col-927118831\" class=\"col medium-4 small-12 large-4\"  >\n\t\t\t\t<div class=\"col-inner\"  >\n\t\t\t\n\t\t\t\n\t<div class=\"img has-hover x md-x lg-x y md-y lg-y\" id=\"image_303714973\">\n\t\t\t\t\t\t\t\t<div class=\"img-inner dark\" >\n\t\t\t<img loading=\"lazy\" decoding=\"async\" width=\"1020\" height=\"574\" src=\"https:\/\/www.damiinterior.com\/wp-content\/uploads\/2023\/05\/CAM3_FINAL-1024x576.jpg\" class=\"attachment-large size-large\" alt=\"Luxurious living room by Dami\" srcset=\"https:\/\/www.damiinterior.com\/wp-content\/uploads\/2023\/05\/CAM3_FINAL-1024x576.jpg 1024w, https:\/\/www.damiinterior.com\/wp-content\/uploads\/2023\/05\/CAM3_FINAL-768x432.jpg 768w, https:\/\/www.damiinterior.com\/wp-content\/uploads\/2023\/05\/CAM3_FINAL-1536x864.jpg 1536w, https:\/\/www.damiinterior.com\/wp-content\/uploads\/2023\/05\/CAM3_FINAL-2048x1152.jpg 2048w, https:\/\/www.damiinterior.com\/wp-content\/uploads\/2023\/05\/CAM3_FINAL-1000x562.jpg 1000w\" sizes=\"auto, (max-width: 1020px) 100vw, 1020px\" \/>\t\t\t\t\t\t\n\t\t\t\t\t<\/div>\n\t\t\t\t\t\t\t\t\n<style>\n#image_303714973 {\n  width: 100%;\n}\n<\/style>\n\t<\/div>\n\t\n\t\t<\/div>\n\t\t\t\t\t<\/div>\n\n\t\n\n\t<div id=\"col-633720876\" class=\"col medium-4 small-12 large-4\"  >\n\t\t\t\t<div class=\"col-inner\"  >\n\t\t\t\n\t\t\t\n\t<div class=\"img has-hover x md-x lg-x y md-y lg-y\" id=\"image_821737824\">\n\t\t\t\t\t\t\t\t<div class=\"img-inner dark\" >\n\t\t\t<img loading=\"lazy\" decoding=\"async\" width=\"1020\" height=\"574\" src=\"https:\/\/www.damiinterior.com\/wp-content\/uploads\/2023\/05\/CAM4_FINAL-1024x576.jpg\" class=\"attachment-large size-large\" alt=\"Luxurious living room by Dami\" srcset=\"https:\/\/www.damiinterior.com\/wp-content\/uploads\/2023\/05\/CAM4_FINAL-1024x576.jpg 1024w, https:\/\/www.damiinterior.com\/wp-content\/uploads\/2023\/05\/CAM4_FINAL-768x432.jpg 768w, https:\/\/www.damiinterior.com\/wp-content\/uploads\/2023\/05\/CAM4_FINAL-1536x864.jpg 1536w, https:\/\/www.damiinterior.com\/wp-content\/uploads\/2023\/05\/CAM4_FINAL-2048x1152.jpg 2048w, https:\/\/www.damiinterior.com\/wp-content\/uploads\/2023\/05\/CAM4_FINAL-1000x562.jpg 1000w\" sizes=\"auto, (max-width: 1020px) 100vw, 1020px\" \/>\t\t\t\t\t\t\n\t\t\t\t\t<\/div>\n\t\t\t\t\t\t\t\t\n<style>\n#image_821737824 {\n  width: 100%;\n}\n<\/style>\n\t<\/div>\n\t\n\t\t<\/div>\n\t\t\t\t\t<\/div>\n\n\t\n\n\t<div id=\"col-872282466\" class=\"col medium-4 small-12 large-4\"  >\n\t\t\t\t<div class=\"col-inner\"  >\n\t\t\t\n\t\t\t\n\t<div class=\"img has-hover x md-x lg-x y md-y lg-y\" id=\"image_1718750153\">\n\t\t\t\t\t\t\t\t<div class=\"img-inner dark\" >\n\t\t\t<img loading=\"lazy\" decoding=\"async\" width=\"1020\" height=\"574\" src=\"https:\/\/www.damiinterior.com\/wp-content\/uploads\/2023\/05\/CAM5_FINAL-1024x576.jpg\" class=\"attachment-large size-large\" alt=\"Luxurious living room by Dami\" srcset=\"https:\/\/www.damiinterior.com\/wp-content\/uploads\/2023\/05\/CAM5_FINAL-1024x576.jpg 1024w, https:\/\/www.damiinterior.com\/wp-content\/uploads\/2023\/05\/CAM5_FINAL-768x432.jpg 768w, https:\/\/www.damiinterior.com\/wp-content\/uploads\/2023\/05\/CAM5_FINAL-1536x864.jpg 1536w, https:\/\/www.damiinterior.com\/wp-content\/uploads\/2023\/05\/CAM5_FINAL-2048x1152.jpg 2048w, https:\/\/www.damiinterior.com\/wp-content\/uploads\/2023\/05\/CAM5_FINAL-1000x562.jpg 1000w\" sizes=\"auto, (max-width: 1020px) 100vw, 1020px\" \/>\t\t\t\t\t\t\n\t\t\t\t\t<\/div>\n\t\t\t\t\t\t\t\t\n<style>\n#image_1718750153 {\n  width: 100%;\n}\n<\/style>\n\t<\/div>\n\t\n\t\t<\/div>\n\t\t\t\t\t<\/div>\n\n\t\n\n\t<div id=\"col-1102124040\" class=\"col medium-6 small-12 large-6\"  >\n\t\t\t\t<div class=\"col-inner\"  >\n\t\t\t\n\t\t\t\n\t<div class=\"img has-hover x md-x lg-x y md-y lg-y\" id=\"image_1491622566\">\n\t\t\t\t\t\t\t\t<div class=\"img-inner dark\" >\n\t\t\t<img loading=\"lazy\" decoding=\"async\" width=\"1020\" height=\"1020\" src=\"https:\/\/www.damiinterior.com\/wp-content\/uploads\/2023\/06\/CAM9_3-1024x1024.jpg\" class=\"attachment-large size-large\" alt=\"Interior by Dami\" srcset=\"https:\/\/www.damiinterior.com\/wp-content\/uploads\/2023\/06\/CAM9_3-1024x1024.jpg 1024w, https:\/\/www.damiinterior.com\/wp-content\/uploads\/2023\/06\/CAM9_3-768x768.jpg 768w, https:\/\/www.damiinterior.com\/wp-content\/uploads\/2023\/06\/CAM9_3-1536x1536.jpg 1536w, https:\/\/www.damiinterior.com\/wp-content\/uploads\/2023\/06\/CAM9_3-2048x2048.jpg 2048w, https:\/\/www.damiinterior.com\/wp-content\/uploads\/2023\/06\/CAM9_3-1000x1000.jpg 1000w, https:\/\/www.damiinterior.com\/wp-content\/uploads\/2023\/06\/CAM9_3-100x100.jpg 100w\" sizes=\"auto, (max-width: 1020px) 100vw, 1020px\" \/>\t\t\t\t\t\t\n\t\t\t\t\t<\/div>\n\t\t\t\t\t\t\t\t\n<style>\n#image_1491622566 {\n  width: 100%;\n}\n<\/style>\n\t<\/div>\n\t\n\t\t<\/div>\n\t\t\t\t\t<\/div>\n\n\t\n\n\t<div id=\"col-565846584\" class=\"col medium-6 small-12 large-6\"  >\n\t\t\t\t<div class=\"col-inner\"  >\n\t\t\t\n\t\t\t\n\t<div class=\"img has-hover x md-x lg-x y md-y lg-y\" id=\"image_1172081258\">\n\t\t\t\t\t\t\t\t<div class=\"img-inner dark\" >\n\t\t\t<img loading=\"lazy\" decoding=\"async\" width=\"1020\" height=\"1020\" src=\"https:\/\/www.damiinterior.com\/wp-content\/uploads\/2023\/06\/CAM10_3-1024x1024.jpg\" class=\"attachment-large size-large\" alt=\"Interior design by Dami\" srcset=\"https:\/\/www.damiinterior.com\/wp-content\/uploads\/2023\/06\/CAM10_3-1024x1024.jpg 1024w, https:\/\/www.damiinterior.com\/wp-content\/uploads\/2023\/06\/CAM10_3-768x768.jpg 768w, https:\/\/www.damiinterior.com\/wp-content\/uploads\/2023\/06\/CAM10_3-1536x1536.jpg 1536w, https:\/\/www.damiinterior.com\/wp-content\/uploads\/2023\/06\/CAM10_3-2048x2048.jpg 2048w, https:\/\/www.damiinterior.com\/wp-content\/uploads\/2023\/06\/CAM10_3-1000x1000.jpg 1000w, https:\/\/www.damiinterior.com\/wp-content\/uploads\/2023\/06\/CAM10_3-100x100.jpg 100w\" sizes=\"auto, (max-width: 1020px) 100vw, 1020px\" \/>\t\t\t\t\t\t\n\t\t\t\t\t<\/div>\n\t\t\t\t\t\t\t\t\n<style>\n#image_1172081258 {\n  width: 100%;\n}\n<\/style>\n\t<\/div>\n\t\n<p style=\"text-align: right;\"><em><span style=\"font-size: 75%;\">Die Bilder wurden von IGC erstellt.<\/span><\/em><\/p>\n\t\t<\/div>\n\t\t\t\t\t<\/div>\n\n\t\n<\/div>\n\t\t<\/div>\n\n\t\t\n<style>\n#section_913148476 {\n  padding-top: 100px;\n  padding-bottom: 100px;\n}\n<\/style>\n\t<\/section>\n\t\n","protected":false},"excerpt":{"rendered":"","protected":false},"author":62,"featured_media":0,"parent":8501,"menu_order":0,"comment_status":"closed","ping_status":"closed","template":"page-blank.php","meta":{"footnotes":""},"class_list":["post-13580","page","type-page","status-publish","hentry"],"acf":[],"yoast_head":"<!-- This site is optimized with the Yoast SEO plugin v27.4 - https:\/\/yoast.com\/product\/yoast-seo-wordpress\/ -->\n<title>Sneak Peak: Penthouse Midden-Brabant - Dami Luxury Interior<\/title>\n<meta name=\"description\" content=\"Penthouse Midden-Brabant. Diese sch\u00f6nen Renderbilder sind der Ausgangspunkt f\u00fcr die Inneneinrichtung eines Penthouses in Midden-Brabant.\" \/>\n<meta name=\"robots\" content=\"index, follow, max-snippet:-1, max-image-preview:large, max-video-preview:-1\" \/>\n<link rel=\"canonical\" href=\"https:\/\/www.damiinterior.com\/de\/projekten\/sneak-peak-penthouse\/\" \/>\n<meta property=\"og:locale\" content=\"de_DE\" \/>\n<meta property=\"og:type\" content=\"article\" \/>\n<meta property=\"og:title\" content=\"Sneak Peak: Penthouse Midden-Brabant - Dami Luxury Interior\" \/>\n<meta property=\"og:description\" content=\"Penthouse Midden-Brabant. Diese sch\u00f6nen Renderbilder sind der Ausgangspunkt f\u00fcr die Inneneinrichtung eines Penthouses in Midden-Brabant.\" \/>\n<meta property=\"og:url\" content=\"https:\/\/www.damiinterior.com\/de\/projekten\/sneak-peak-penthouse\/\" \/>\n<meta property=\"og:site_name\" content=\"Dami Luxury Interior\" \/>\n<meta property=\"article:modified_time\" content=\"2024-05-28T12:39:12+00:00\" \/>\n<meta name=\"twitter:card\" content=\"summary_large_image\" \/>\n<meta name=\"twitter:label1\" content=\"Gesch\u00e4tzte Lesezeit\" \/>\n\t<meta name=\"twitter:data1\" content=\"1\u00a0Minute\" \/>\n<script type=\"application\/ld+json\" class=\"yoast-schema-graph\">{\"@context\":\"https:\\\/\\\/schema.org\",\"@graph\":[{\"@type\":\"WebPage\",\"@id\":\"https:\\\/\\\/www.damiinterior.com\\\/de\\\/projekten\\\/sneak-peak-penthouse\\\/\",\"url\":\"https:\\\/\\\/www.damiinterior.com\\\/de\\\/projekten\\\/sneak-peak-penthouse\\\/\",\"name\":\"Sneak Peak: Penthouse Midden-Brabant - Dami Luxury Interior\",\"isPartOf\":{\"@id\":\"https:\\\/\\\/www.damiinterior.com\\\/#website\"},\"datePublished\":\"2023-05-03T06:50:52+00:00\",\"dateModified\":\"2024-05-28T12:39:12+00:00\",\"description\":\"Penthouse Midden-Brabant. Diese sch\u00f6nen Renderbilder sind der Ausgangspunkt f\u00fcr die Inneneinrichtung eines Penthouses in Midden-Brabant.\",\"breadcrumb\":{\"@id\":\"https:\\\/\\\/www.damiinterior.com\\\/de\\\/projekten\\\/sneak-peak-penthouse\\\/#breadcrumb\"},\"inLanguage\":\"de\",\"potentialAction\":[{\"@type\":\"ReadAction\",\"target\":[\"https:\\\/\\\/www.damiinterior.com\\\/de\\\/projekten\\\/sneak-peak-penthouse\\\/\"]}]},{\"@type\":\"BreadcrumbList\",\"@id\":\"https:\\\/\\\/www.damiinterior.com\\\/de\\\/projekten\\\/sneak-peak-penthouse\\\/#breadcrumb\",\"itemListElement\":[{\"@type\":\"ListItem\",\"position\":1,\"name\":\"Home\",\"item\":\"https:\\\/\\\/www.damiinterior.com\\\/de\\\/\"},{\"@type\":\"ListItem\",\"position\":2,\"name\":\"Projekten\",\"item\":\"https:\\\/\\\/www.damiinterior.com\\\/de\\\/projekten\\\/\"},{\"@type\":\"ListItem\",\"position\":3,\"name\":\"Sneak Peak: Penthouse Midden-Brabant\"}]},{\"@type\":\"WebSite\",\"@id\":\"https:\\\/\\\/www.damiinterior.com\\\/#website\",\"url\":\"https:\\\/\\\/www.damiinterior.com\\\/\",\"name\":\"Dami Luxury Interior\",\"description\":\"\",\"publisher\":{\"@id\":\"https:\\\/\\\/www.damiinterior.com\\\/#organization\"},\"potentialAction\":[{\"@type\":\"SearchAction\",\"target\":{\"@type\":\"EntryPoint\",\"urlTemplate\":\"https:\\\/\\\/www.damiinterior.com\\\/?s={search_term_string}\"},\"query-input\":{\"@type\":\"PropertyValueSpecification\",\"valueRequired\":true,\"valueName\":\"search_term_string\"}}],\"inLanguage\":\"de\"},{\"@type\":\"Organization\",\"@id\":\"https:\\\/\\\/www.damiinterior.com\\\/#organization\",\"name\":\"Dami Luxury Interior\",\"url\":\"https:\\\/\\\/www.damiinterior.com\\\/\",\"logo\":{\"@type\":\"ImageObject\",\"inLanguage\":\"de\",\"@id\":\"https:\\\/\\\/www.damiinterior.com\\\/#\\\/schema\\\/logo\\\/image\\\/\",\"url\":\"https:\\\/\\\/www.damiinterior.com\\\/wp-content\\\/uploads\\\/2020\\\/06\\\/logo.jpg\",\"contentUrl\":\"https:\\\/\\\/www.damiinterior.com\\\/wp-content\\\/uploads\\\/2020\\\/06\\\/logo.jpg\",\"width\":800,\"height\":800,\"caption\":\"Dami Luxury Interior\"},\"image\":{\"@id\":\"https:\\\/\\\/www.damiinterior.com\\\/#\\\/schema\\\/logo\\\/image\\\/\"}}]}<\/script>\n<!-- \/ Yoast SEO plugin. -->","yoast_head_json":{"title":"Sneak Peak: Penthouse Midden-Brabant - Dami Luxury Interior","description":"Penthouse Midden-Brabant. Diese sch\u00f6nen Renderbilder sind der Ausgangspunkt f\u00fcr die Inneneinrichtung eines Penthouses in Midden-Brabant.","robots":{"index":"index","follow":"follow","max-snippet":"max-snippet:-1","max-image-preview":"max-image-preview:large","max-video-preview":"max-video-preview:-1"},"canonical":"https:\/\/www.damiinterior.com\/de\/projekten\/sneak-peak-penthouse\/","og_locale":"de_DE","og_type":"article","og_title":"Sneak Peak: Penthouse Midden-Brabant - Dami Luxury Interior","og_description":"Penthouse Midden-Brabant. Diese sch\u00f6nen Renderbilder sind der Ausgangspunkt f\u00fcr die Inneneinrichtung eines Penthouses in Midden-Brabant.","og_url":"https:\/\/www.damiinterior.com\/de\/projekten\/sneak-peak-penthouse\/","og_site_name":"Dami Luxury Interior","article_modified_time":"2024-05-28T12:39:12+00:00","twitter_card":"summary_large_image","twitter_misc":{"Gesch\u00e4tzte Lesezeit":"1\u00a0Minute"},"schema":{"@context":"https:\/\/schema.org","@graph":[{"@type":"WebPage","@id":"https:\/\/www.damiinterior.com\/de\/projekten\/sneak-peak-penthouse\/","url":"https:\/\/www.damiinterior.com\/de\/projekten\/sneak-peak-penthouse\/","name":"Sneak Peak: Penthouse Midden-Brabant - Dami Luxury Interior","isPartOf":{"@id":"https:\/\/www.damiinterior.com\/#website"},"datePublished":"2023-05-03T06:50:52+00:00","dateModified":"2024-05-28T12:39:12+00:00","description":"Penthouse Midden-Brabant. Diese sch\u00f6nen Renderbilder sind der Ausgangspunkt f\u00fcr die Inneneinrichtung eines Penthouses in Midden-Brabant.","breadcrumb":{"@id":"https:\/\/www.damiinterior.com\/de\/projekten\/sneak-peak-penthouse\/#breadcrumb"},"inLanguage":"de","potentialAction":[{"@type":"ReadAction","target":["https:\/\/www.damiinterior.com\/de\/projekten\/sneak-peak-penthouse\/"]}]},{"@type":"BreadcrumbList","@id":"https:\/\/www.damiinterior.com\/de\/projekten\/sneak-peak-penthouse\/#breadcrumb","itemListElement":[{"@type":"ListItem","position":1,"name":"Home","item":"https:\/\/www.damiinterior.com\/de\/"},{"@type":"ListItem","position":2,"name":"Projekten","item":"https:\/\/www.damiinterior.com\/de\/projekten\/"},{"@type":"ListItem","position":3,"name":"Sneak Peak: Penthouse Midden-Brabant"}]},{"@type":"WebSite","@id":"https:\/\/www.damiinterior.com\/#website","url":"https:\/\/www.damiinterior.com\/","name":"Dami Luxury Interior","description":"","publisher":{"@id":"https:\/\/www.damiinterior.com\/#organization"},"potentialAction":[{"@type":"SearchAction","target":{"@type":"EntryPoint","urlTemplate":"https:\/\/www.damiinterior.com\/?s={search_term_string}"},"query-input":{"@type":"PropertyValueSpecification","valueRequired":true,"valueName":"search_term_string"}}],"inLanguage":"de"},{"@type":"Organization","@id":"https:\/\/www.damiinterior.com\/#organization","name":"Dami Luxury Interior","url":"https:\/\/www.damiinterior.com\/","logo":{"@type":"ImageObject","inLanguage":"de","@id":"https:\/\/www.damiinterior.com\/#\/schema\/logo\/image\/","url":"https:\/\/www.damiinterior.com\/wp-content\/uploads\/2020\/06\/logo.jpg","contentUrl":"https:\/\/www.damiinterior.com\/wp-content\/uploads\/2020\/06\/logo.jpg","width":800,"height":800,"caption":"Dami Luxury Interior"},"image":{"@id":"https:\/\/www.damiinterior.com\/#\/schema\/logo\/image\/"}}]}},"_links":{"self":[{"href":"https:\/\/www.damiinterior.com\/de\/wp-json\/wp\/v2\/pages\/13580","targetHints":{"allow":["GET"]}}],"collection":[{"href":"https:\/\/www.damiinterior.com\/de\/wp-json\/wp\/v2\/pages"}],"about":[{"href":"https:\/\/www.damiinterior.com\/de\/wp-json\/wp\/v2\/types\/page"}],"author":[{"embeddable":true,"href":"https:\/\/www.damiinterior.com\/de\/wp-json\/wp\/v2\/users\/62"}],"replies":[{"embeddable":true,"href":"https:\/\/www.damiinterior.com\/de\/wp-json\/wp\/v2\/comments?post=13580"}],"version-history":[{"count":4,"href":"https:\/\/www.damiinterior.com\/de\/wp-json\/wp\/v2\/pages\/13580\/revisions"}],"predecessor-version":[{"id":15168,"href":"https:\/\/www.damiinterior.com\/de\/wp-json\/wp\/v2\/pages\/13580\/revisions\/15168"}],"up":[{"embeddable":true,"href":"https:\/\/www.damiinterior.com\/de\/wp-json\/wp\/v2\/pages\/8501"}],"wp:attachment":[{"href":"https:\/\/www.damiinterior.com\/de\/wp-json\/wp\/v2\/media?parent=13580"}],"curies":[{"name":"wp","href":"https:\/\/api.w.org\/{rel}","templated":true}]}}