{"id":13755,"date":"2023-05-22T15:06:07","date_gmt":"2023-05-22T13:06:07","guid":{"rendered":"https:\/\/www.damiinterior.com\/?page_id=13755"},"modified":"2024-02-21T14:17:05","modified_gmt":"2024-02-21T12:17:05","slug":"einrichtungsberatung","status":"publish","type":"page","link":"https:\/\/www.damiinterior.com\/de\/einrichtungsberatung\/","title":{"rendered":"Einrichtungsberatung"},"content":{"rendered":"\t<section class=\"section\" id=\"section_1559940303\">\n\t\t<div class=\"bg section-bg fill bg-fill  bg-loaded\" >\n\n\t\t\t\n\t\t\t\n\t\t\t\n\n\t\t<\/div>\n\n\t\t\n\n\t\t<div class=\"section-content relative\">\n\t\t\t\n<div class=\"row align-middle align-center\"  id=\"row-108734510\">\n\n\t<div id=\"col-265202140\" class=\"col medium-9 small-12 large-9\"  >\n\t\t\t\t<div class=\"col-inner\"  >\n\t\t\t\n\t\t\t\n\t<div id=\"gap-1341715296\" class=\"gap-element clearfix\" style=\"display:block; height:auto;\">\n\t\t\n<style>\n#gap-1341715296 {\n  padding-top: 30px;\n}\n<\/style>\n\t<\/div>\n\t\n\t<div id=\"text-1055361760\" class=\"text\">\n\t\t\n<h1>Einrichtungsberatung<\/h1>\n<p>Eine Renovierung, ein Neubau oder ein Umzug ist ein unterhaltsamer, aber auch anspruchsvoller Prozess. Bei der Einrichtung und Gestaltung Ihres neuen Zuhauses gibt es viel zu beachten. Von der Beratung \u00fcber ein neues M\u00f6belst\u00fcck bis hin zu einer kompletten Innenraumgestaltung mit einem Grundrissplan, passenden M\u00f6beln und Farbberatung. W\u00e4hrend der Einrichtungsberatung werfen wir einen neuen Blick auf Ihre Einrichtung.<br \/>\n\t\t\n<style>\n#text-1055361760 {\n  text-align: left;\n}\n<\/style>\n\t<\/div>\n\t\n\t\t<\/div>\n\t\t\t\t\t<\/div>\n\n\t\n<\/div>\n\t\t<\/div>\n\n\t\t\n<style>\n#section_1559940303 {\n  padding-top: 100px;\n  padding-bottom: 100px;\n}\n<\/style>\n\t<\/section>\n\t\n\t<section class=\"section\" id=\"section_1797546436\">\n\t\t<div class=\"bg section-bg fill bg-fill  \" >\n\n\t\t\t\n\t\t\t\n\t\t\t\n\n\t\t<\/div>\n\n\t\t\n\n\t\t<div class=\"section-content relative\">\n\t\t\t\n<div class=\"row\"  id=\"row-1735462393\">\n\n\t<div id=\"col-300650774\" class=\"col small-12 large-12\"  >\n\t\t\t\t<div class=\"col-inner\"  >\n\t\t\t\n\t\t\t\n\t\t<\/div>\n\t\t\t\t\t<\/div>\n\n\t\n<\/div>\n\t\t<\/div>\n\n\t\t\n<style>\n#section_1797546436 {\n  padding-top: 30px;\n  padding-bottom: 30px;\n  min-height: 400px;\n}\n#section_1797546436 .section-bg.bg-loaded {\n  background-image: url(https:\/\/www.damiinterior.com\/wp-content\/uploads\/2022\/07\/Kuster-Ruijter2750.jpeg);\n}\n<\/style>\n\t<\/section>\n\t\n\t<section class=\"section\" id=\"section_760575633\">\n\t\t<div class=\"bg section-bg fill bg-fill  bg-loaded\" >\n\n\t\t\t\n\t\t\t\n\t\t\t\n\n\t\t<\/div>\n\n\t\t\n\n\t\t<div class=\"section-content relative\">\n\t\t\t\n<div class=\"row align-equal align-center\"  id=\"row-1400846366\">\n\n\t<div id=\"col-212584714\" class=\"col medium-10 small-12 large-10\"  >\n\t\t\t\t<div class=\"col-inner\"  >\n\t\t\t\n\t\t\t\n<h2 style=\"text-align: center;\">&#8222;An interior is the natural projection of the soul.&#8220;<\/h2>\n\t\t<\/div>\n\t\t\t\t\t<\/div>\n\n\t\n<\/div>\n\t\t<\/div>\n\n\t\t\n<style>\n#section_760575633 {\n  padding-top: 100px;\n  padding-bottom: 100px;\n  background-color: rgb(242, 242, 242);\n}\n<\/style>\n\t<\/section>\n\t\n\t<section class=\"section\" id=\"section_467696402\">\n\t\t<div class=\"bg section-bg fill bg-fill  bg-loaded\" >\n\n\t\t\t\n\t\t\t\n\t\t\t\n\n\t\t<\/div>\n\n\t\t\n\n\t\t<div class=\"section-content relative\">\n\t\t\t\n<div class=\"row\"  id=\"row-1603220414\">\n\n\t<div id=\"col-22856365\" class=\"col small-12 large-12\"  >\n\t\t\t\t<div class=\"col-inner\"  >\n\t\t\t\n\t\t\t\n<h2>Wie soll das gehen?<\/h2>\n<table style=\"border-collapse: collapse; width: 100%; height: 171px;\">\n<tbody>\n<tr style=\"height: 108px;\">\n<td style=\"width: 22.2656%; height: 108px;\"><img loading=\"lazy\" decoding=\"async\" class=\"alignright wp-image-13745\" src=\"https:\/\/www.damiinterior.com\/wp-content\/uploads\/2023\/05\/Stap-1_1.png\" alt=\"Stufe\" width=\"84\" height=\"84\" srcset=\"https:\/\/www.damiinterior.com\/wp-content\/uploads\/2023\/05\/Stap-1_1.png 200w, https:\/\/www.damiinterior.com\/wp-content\/uploads\/2023\/05\/Stap-1_1-100x100.png 100w\" sizes=\"auto, (max-width: 84px) 100vw, 84px\" \/><\/td>\n<td style=\"width: 77.7344%; height: 108px;\"><strong>Vereinbaren Sie einen Termin.<\/strong><\/p>\n<p><a href=\"https:\/\/www.damiinterior.com\/de\/kontakt\/\">Klicken Sie hier<\/a>, um uns zu kontaktieren und einen Termin zu vereinbaren.<\/p>\n<\/td>\n<\/tr>\n<tr style=\"height: 21px;\">\n<td style=\"width: 22.2656%; height: 21px;\"><img loading=\"lazy\" decoding=\"async\" class=\"alignright wp-image-13748\" src=\"https:\/\/www.damiinterior.com\/wp-content\/uploads\/2023\/05\/Stap-2_1.png\" alt=\"Stufe\" width=\"84\" height=\"84\" srcset=\"https:\/\/www.damiinterior.com\/wp-content\/uploads\/2023\/05\/Stap-2_1.png 200w, https:\/\/www.damiinterior.com\/wp-content\/uploads\/2023\/05\/Stap-2_1-100x100.png 100w\" sizes=\"auto, (max-width: 84px) 100vw, 84px\" \/><\/td>\n<td style=\"width: 77.7344%; height: 21px;\"><strong>Das Gespr\u00e4ch.<\/strong><\/p>\n<p>Bei dem Termin gehen wir alle Ihre W\u00fcnsche durch. Wir sammeln alle Informationen, die n\u00fctzlich sein k\u00f6nnten (Fotos, Grundriss, Raumma\u00dfe, Moodboards). Auf der Grundlage Ihrer Angaben suchen wir anhand von Mustern nach den richtigen Farbkombinationen und Materialien, damit Sie die Struktur f\u00fchlen und erleben k\u00f6nnen.<\/p>\n<\/td>\n<\/tr>\n<tr style=\"height: 21px;\">\n<td style=\"width: 22.2656%; height: 21px;\"><img loading=\"lazy\" decoding=\"async\" class=\"alignright wp-image-13751\" src=\"https:\/\/www.damiinterior.com\/wp-content\/uploads\/2023\/05\/Stap-3_1.png\" alt=\"Stufe\" width=\"84\" height=\"84\" srcset=\"https:\/\/www.damiinterior.com\/wp-content\/uploads\/2023\/05\/Stap-3_1.png 200w, https:\/\/www.damiinterior.com\/wp-content\/uploads\/2023\/05\/Stap-3_1-100x100.png 100w\" sizes=\"auto, (max-width: 84px) 100vw, 84px\" \/><\/td>\n<td style=\"width: 77.7344%; height: 21px;\"><strong>Visualisierung.<\/strong><\/p>\n<p>Wenn Sie mit dem Entwurf zufrieden sind, erstellen wir mit unseren 3D-Tools eine Visualisierung. Diese Renderings sind eine perfekte Umsetzung Ihres neuen Hauses und Ihrer Traumeinrichtung.<\/p>\n<\/td>\n<\/tr>\n<tr style=\"height: 21px;\">\n<td style=\"width: 22.2656%; height: 21px;\"><img loading=\"lazy\" decoding=\"async\" class=\"alignright wp-image-13754\" src=\"https:\/\/www.damiinterior.com\/wp-content\/uploads\/2023\/05\/Stap-4_1.png\" alt=\"Stufe\" width=\"84\" height=\"84\" srcset=\"https:\/\/www.damiinterior.com\/wp-content\/uploads\/2023\/05\/Stap-4_1.png 200w, https:\/\/www.damiinterior.com\/wp-content\/uploads\/2023\/05\/Stap-4_1-100x100.png 100w\" sizes=\"auto, (max-width: 84px) 100vw, 84px\" \/><\/td>\n<td style=\"width: 77.7344%; height: 21px;\"><strong>Realisierung.<\/strong><\/p>\n<p>Sind Sie begeistert? Dann nichts wie ran an die Arbeit! Wir entwerfen die M\u00f6bel, sammeln die Accessoires und beginnen mit der Umsetzung Ihrer Wohnw\u00fcnsche.<\/p>\n<\/td>\n<\/tr>\n<\/tbody>\n<\/table>\n<p>\u00a0<\/p>\n\t\t<\/div>\n\t\t\t\t\t<\/div>\n\n\t\n<\/div>\n\t\t<\/div>\n\n\t\t\n<style>\n#section_467696402 {\n  padding-top: 100px;\n  padding-bottom: 100px;\n}\n<\/style>\n\t<\/section>\n\t\n\t<section class=\"section\" id=\"section_125231073\">\n\t\t<div class=\"bg section-bg fill bg-fill  bg-loaded\" >\n\n\t\t\t\n\t\t\t\n\t\t\t\n\n\t\t<\/div>\n\n\t\t\n\n\t\t<div class=\"section-content relative\">\n\t\t\t\n<div class=\"row\"  id=\"row-505261212\">\n\n\t<div id=\"col-1933766586\" class=\"col small-12 large-12\"  >\n\t\t\t\t<div class=\"col-inner\"  >\n\t\t\t\n\t\t\t\n<div class=\"row\"  id=\"row-486196709\">\n\n\t<div id=\"col-120273295\" class=\"col medium-6 small-12 large-6\"  >\n\t\t\t\t<div class=\"col-inner\"  >\n\t\t\t\n\t\t\t\n\t<div class=\"img has-hover x md-x lg-x y md-y lg-y\" id=\"image_1369096231\">\n\t\t\t\t\t\t\t\t<div class=\"img-inner image-cover dark\" style=\"padding-top:75%;\">\n\t\t\t<img loading=\"lazy\" decoding=\"async\" width=\"1020\" height=\"574\" src=\"https:\/\/www.damiinterior.com\/wp-content\/uploads\/2023\/05\/CAM1_FINAL-1024x576.jpg\" class=\"attachment-large size-large\" alt=\"Luxurious living room by Dami\" srcset=\"https:\/\/www.damiinterior.com\/wp-content\/uploads\/2023\/05\/CAM1_FINAL-1024x576.jpg 1024w, https:\/\/www.damiinterior.com\/wp-content\/uploads\/2023\/05\/CAM1_FINAL-768x432.jpg 768w, https:\/\/www.damiinterior.com\/wp-content\/uploads\/2023\/05\/CAM1_FINAL-1536x864.jpg 1536w, https:\/\/www.damiinterior.com\/wp-content\/uploads\/2023\/05\/CAM1_FINAL-2048x1152.jpg 2048w, https:\/\/www.damiinterior.com\/wp-content\/uploads\/2023\/05\/CAM1_FINAL-1000x562.jpg 1000w\" sizes=\"auto, (max-width: 1020px) 100vw, 1020px\" \/>\t\t\t\t\t\t\n\t\t\t\t\t<\/div>\n\t\t\t\t\t\t\t\t\n<style>\n#image_1369096231 {\n  width: 100%;\n}\n<\/style>\n\t<\/div>\n\t\n\t\t<\/div>\n\t\t\t\t\t<\/div>\n\n\t\n\n\t<div id=\"col-1532041019\" class=\"col medium-6 small-12 large-6\"  >\n\t\t\t\t<div class=\"col-inner\"  >\n\t\t\t\n\t\t\t\n\t<div class=\"img has-hover x md-x lg-x y md-y lg-y\" id=\"image_1927748506\">\n\t\t\t\t\t\t\t\t<div class=\"img-inner image-cover dark\" style=\"padding-top:75%;\">\n\t\t\t<img loading=\"lazy\" decoding=\"async\" width=\"1024\" height=\"576\" src=\"https:\/\/www.damiinterior.com\/wp-content\/uploads\/2023\/05\/CAM2_FINAL-1-1024x576.jpg\" class=\"attachment-medium size-medium\" alt=\"Luxurious living room by Dami\" srcset=\"https:\/\/www.damiinterior.com\/wp-content\/uploads\/2023\/05\/CAM2_FINAL-1-1024x576.jpg 1024w, https:\/\/www.damiinterior.com\/wp-content\/uploads\/2023\/05\/CAM2_FINAL-1-768x432.jpg 768w, https:\/\/www.damiinterior.com\/wp-content\/uploads\/2023\/05\/CAM2_FINAL-1-1536x864.jpg 1536w, https:\/\/www.damiinterior.com\/wp-content\/uploads\/2023\/05\/CAM2_FINAL-1-2048x1152.jpg 2048w, https:\/\/www.damiinterior.com\/wp-content\/uploads\/2023\/05\/CAM2_FINAL-1-1000x562.jpg 1000w\" sizes=\"auto, (max-width: 1024px) 100vw, 1024px\" \/>\t\t\t\t\t\t\n\t\t\t\t\t<\/div>\n\t\t\t\t\t\t\t\t\n<style>\n#image_1927748506 {\n  width: 100%;\n}\n<\/style>\n\t<\/div>\n\t\n\t\t<\/div>\n\t\t\t\t\t<\/div>\n\n\t\n<\/div>\n\t\t<\/div>\n\t\t\t\t\t<\/div>\n\n\t\n<\/div>\n\t\t<\/div>\n\n\t\t\n<style>\n#section_125231073 {\n  padding-top: 30px;\n  padding-bottom: 30px;\n  background-color: rgb(242, 242, 242);\n}\n<\/style>\n\t<\/section>\n\t\n","protected":false},"excerpt":{"rendered":"","protected":false},"author":62,"featured_media":0,"parent":0,"menu_order":0,"comment_status":"closed","ping_status":"closed","template":"page-blank.php","meta":{"footnotes":""},"class_list":["post-13755","page","type-page","status-publish","hentry"],"acf":[],"yoast_head":"<!-- This site is optimized with the Yoast SEO plugin v27.4 - https:\/\/yoast.com\/product\/yoast-seo-wordpress\/ -->\n<title>Einrichtungsberatung - Dami Luxury Interior<\/title>\n<meta name=\"description\" content=\"Inneneinrichtungsberatung von Dami Interior. Wir helfen Ihnen bei der Gestaltung Ihres neuen Interieurs, das voll und ganz zu Ihnen passt.\" \/>\n<meta name=\"robots\" content=\"index, follow, max-snippet:-1, max-image-preview:large, max-video-preview:-1\" \/>\n<link rel=\"canonical\" href=\"https:\/\/www.damiinterior.com\/de\/einrichtungsberatung\/\" \/>\n<meta property=\"og:locale\" content=\"de_DE\" \/>\n<meta property=\"og:type\" content=\"article\" \/>\n<meta property=\"og:title\" content=\"Einrichtungsberatung - Dami Luxury Interior\" \/>\n<meta property=\"og:description\" content=\"Inneneinrichtungsberatung von Dami Interior. Wir helfen Ihnen bei der Gestaltung Ihres neuen Interieurs, das voll und ganz zu Ihnen passt.\" \/>\n<meta property=\"og:url\" content=\"https:\/\/www.damiinterior.com\/de\/einrichtungsberatung\/\" \/>\n<meta property=\"og:site_name\" content=\"Dami Luxury Interior\" \/>\n<meta property=\"article:modified_time\" content=\"2024-02-21T12:17:05+00:00\" \/>\n<meta property=\"og:image\" content=\"https:\/\/www.damiinterior.com\/wp-content\/uploads\/2023\/05\/Stap-1_1.png\" \/>\n<meta name=\"twitter:card\" content=\"summary_large_image\" \/>\n<meta name=\"twitter:label1\" content=\"Gesch\u00e4tzte Lesezeit\" \/>\n\t<meta name=\"twitter:data1\" content=\"3\u00a0Minuten\" \/>\n<script type=\"application\/ld+json\" class=\"yoast-schema-graph\">{\"@context\":\"https:\\\/\\\/schema.org\",\"@graph\":[{\"@type\":\"WebPage\",\"@id\":\"https:\\\/\\\/www.damiinterior.com\\\/de\\\/einrichtungsberatung\\\/\",\"url\":\"https:\\\/\\\/www.damiinterior.com\\\/de\\\/einrichtungsberatung\\\/\",\"name\":\"Einrichtungsberatung - Dami Luxury Interior\",\"isPartOf\":{\"@id\":\"https:\\\/\\\/www.damiinterior.com\\\/#website\"},\"primaryImageOfPage\":{\"@id\":\"https:\\\/\\\/www.damiinterior.com\\\/de\\\/einrichtungsberatung\\\/#primaryimage\"},\"image\":{\"@id\":\"https:\\\/\\\/www.damiinterior.com\\\/de\\\/einrichtungsberatung\\\/#primaryimage\"},\"thumbnailUrl\":\"https:\\\/\\\/www.damiinterior.com\\\/wp-content\\\/uploads\\\/2023\\\/05\\\/Stap-1_1.png\",\"datePublished\":\"2023-05-22T13:06:07+00:00\",\"dateModified\":\"2024-02-21T12:17:05+00:00\",\"description\":\"Inneneinrichtungsberatung von Dami Interior. Wir helfen Ihnen bei der Gestaltung Ihres neuen Interieurs, das voll und ganz zu Ihnen passt.\",\"breadcrumb\":{\"@id\":\"https:\\\/\\\/www.damiinterior.com\\\/de\\\/einrichtungsberatung\\\/#breadcrumb\"},\"inLanguage\":\"de\",\"potentialAction\":[{\"@type\":\"ReadAction\",\"target\":[\"https:\\\/\\\/www.damiinterior.com\\\/de\\\/einrichtungsberatung\\\/\"]}]},{\"@type\":\"ImageObject\",\"inLanguage\":\"de\",\"@id\":\"https:\\\/\\\/www.damiinterior.com\\\/de\\\/einrichtungsberatung\\\/#primaryimage\",\"url\":\"https:\\\/\\\/www.damiinterior.com\\\/wp-content\\\/uploads\\\/2023\\\/05\\\/Stap-1_1.png\",\"contentUrl\":\"https:\\\/\\\/www.damiinterior.com\\\/wp-content\\\/uploads\\\/2023\\\/05\\\/Stap-1_1.png\"},{\"@type\":\"BreadcrumbList\",\"@id\":\"https:\\\/\\\/www.damiinterior.com\\\/de\\\/einrichtungsberatung\\\/#breadcrumb\",\"itemListElement\":[{\"@type\":\"ListItem\",\"position\":1,\"name\":\"Home\",\"item\":\"https:\\\/\\\/www.damiinterior.com\\\/de\\\/\"},{\"@type\":\"ListItem\",\"position\":2,\"name\":\"Einrichtungsberatung\"}]},{\"@type\":\"WebSite\",\"@id\":\"https:\\\/\\\/www.damiinterior.com\\\/#website\",\"url\":\"https:\\\/\\\/www.damiinterior.com\\\/\",\"name\":\"Dami Luxury Interior\",\"description\":\"\",\"publisher\":{\"@id\":\"https:\\\/\\\/www.damiinterior.com\\\/#organization\"},\"potentialAction\":[{\"@type\":\"SearchAction\",\"target\":{\"@type\":\"EntryPoint\",\"urlTemplate\":\"https:\\\/\\\/www.damiinterior.com\\\/?s={search_term_string}\"},\"query-input\":{\"@type\":\"PropertyValueSpecification\",\"valueRequired\":true,\"valueName\":\"search_term_string\"}}],\"inLanguage\":\"de\"},{\"@type\":\"Organization\",\"@id\":\"https:\\\/\\\/www.damiinterior.com\\\/#organization\",\"name\":\"Dami Luxury Interior\",\"url\":\"https:\\\/\\\/www.damiinterior.com\\\/\",\"logo\":{\"@type\":\"ImageObject\",\"inLanguage\":\"de\",\"@id\":\"https:\\\/\\\/www.damiinterior.com\\\/#\\\/schema\\\/logo\\\/image\\\/\",\"url\":\"https:\\\/\\\/www.damiinterior.com\\\/wp-content\\\/uploads\\\/2020\\\/06\\\/logo.jpg\",\"contentUrl\":\"https:\\\/\\\/www.damiinterior.com\\\/wp-content\\\/uploads\\\/2020\\\/06\\\/logo.jpg\",\"width\":800,\"height\":800,\"caption\":\"Dami Luxury Interior\"},\"image\":{\"@id\":\"https:\\\/\\\/www.damiinterior.com\\\/#\\\/schema\\\/logo\\\/image\\\/\"}}]}<\/script>\n<!-- \/ Yoast SEO plugin. -->","yoast_head_json":{"title":"Einrichtungsberatung - Dami Luxury Interior","description":"Inneneinrichtungsberatung von Dami Interior. Wir helfen Ihnen bei der Gestaltung Ihres neuen Interieurs, das voll und ganz zu Ihnen passt.","robots":{"index":"index","follow":"follow","max-snippet":"max-snippet:-1","max-image-preview":"max-image-preview:large","max-video-preview":"max-video-preview:-1"},"canonical":"https:\/\/www.damiinterior.com\/de\/einrichtungsberatung\/","og_locale":"de_DE","og_type":"article","og_title":"Einrichtungsberatung - Dami Luxury Interior","og_description":"Inneneinrichtungsberatung von Dami Interior. Wir helfen Ihnen bei der Gestaltung Ihres neuen Interieurs, das voll und ganz zu Ihnen passt.","og_url":"https:\/\/www.damiinterior.com\/de\/einrichtungsberatung\/","og_site_name":"Dami Luxury Interior","article_modified_time":"2024-02-21T12:17:05+00:00","og_image":[{"url":"https:\/\/www.damiinterior.com\/wp-content\/uploads\/2023\/05\/Stap-1_1.png","type":"","width":"","height":""}],"twitter_card":"summary_large_image","twitter_misc":{"Gesch\u00e4tzte Lesezeit":"3\u00a0Minuten"},"schema":{"@context":"https:\/\/schema.org","@graph":[{"@type":"WebPage","@id":"https:\/\/www.damiinterior.com\/de\/einrichtungsberatung\/","url":"https:\/\/www.damiinterior.com\/de\/einrichtungsberatung\/","name":"Einrichtungsberatung - Dami Luxury Interior","isPartOf":{"@id":"https:\/\/www.damiinterior.com\/#website"},"primaryImageOfPage":{"@id":"https:\/\/www.damiinterior.com\/de\/einrichtungsberatung\/#primaryimage"},"image":{"@id":"https:\/\/www.damiinterior.com\/de\/einrichtungsberatung\/#primaryimage"},"thumbnailUrl":"https:\/\/www.damiinterior.com\/wp-content\/uploads\/2023\/05\/Stap-1_1.png","datePublished":"2023-05-22T13:06:07+00:00","dateModified":"2024-02-21T12:17:05+00:00","description":"Inneneinrichtungsberatung von Dami Interior. Wir helfen Ihnen bei der Gestaltung Ihres neuen Interieurs, das voll und ganz zu Ihnen passt.","breadcrumb":{"@id":"https:\/\/www.damiinterior.com\/de\/einrichtungsberatung\/#breadcrumb"},"inLanguage":"de","potentialAction":[{"@type":"ReadAction","target":["https:\/\/www.damiinterior.com\/de\/einrichtungsberatung\/"]}]},{"@type":"ImageObject","inLanguage":"de","@id":"https:\/\/www.damiinterior.com\/de\/einrichtungsberatung\/#primaryimage","url":"https:\/\/www.damiinterior.com\/wp-content\/uploads\/2023\/05\/Stap-1_1.png","contentUrl":"https:\/\/www.damiinterior.com\/wp-content\/uploads\/2023\/05\/Stap-1_1.png"},{"@type":"BreadcrumbList","@id":"https:\/\/www.damiinterior.com\/de\/einrichtungsberatung\/#breadcrumb","itemListElement":[{"@type":"ListItem","position":1,"name":"Home","item":"https:\/\/www.damiinterior.com\/de\/"},{"@type":"ListItem","position":2,"name":"Einrichtungsberatung"}]},{"@type":"WebSite","@id":"https:\/\/www.damiinterior.com\/#website","url":"https:\/\/www.damiinterior.com\/","name":"Dami Luxury Interior","description":"","publisher":{"@id":"https:\/\/www.damiinterior.com\/#organization"},"potentialAction":[{"@type":"SearchAction","target":{"@type":"EntryPoint","urlTemplate":"https:\/\/www.damiinterior.com\/?s={search_term_string}"},"query-input":{"@type":"PropertyValueSpecification","valueRequired":true,"valueName":"search_term_string"}}],"inLanguage":"de"},{"@type":"Organization","@id":"https:\/\/www.damiinterior.com\/#organization","name":"Dami Luxury Interior","url":"https:\/\/www.damiinterior.com\/","logo":{"@type":"ImageObject","inLanguage":"de","@id":"https:\/\/www.damiinterior.com\/#\/schema\/logo\/image\/","url":"https:\/\/www.damiinterior.com\/wp-content\/uploads\/2020\/06\/logo.jpg","contentUrl":"https:\/\/www.damiinterior.com\/wp-content\/uploads\/2020\/06\/logo.jpg","width":800,"height":800,"caption":"Dami Luxury Interior"},"image":{"@id":"https:\/\/www.damiinterior.com\/#\/schema\/logo\/image\/"}}]}},"_links":{"self":[{"href":"https:\/\/www.damiinterior.com\/de\/wp-json\/wp\/v2\/pages\/13755","targetHints":{"allow":["GET"]}}],"collection":[{"href":"https:\/\/www.damiinterior.com\/de\/wp-json\/wp\/v2\/pages"}],"about":[{"href":"https:\/\/www.damiinterior.com\/de\/wp-json\/wp\/v2\/types\/page"}],"author":[{"embeddable":true,"href":"https:\/\/www.damiinterior.com\/de\/wp-json\/wp\/v2\/users\/62"}],"replies":[{"embeddable":true,"href":"https:\/\/www.damiinterior.com\/de\/wp-json\/wp\/v2\/comments?post=13755"}],"version-history":[{"count":7,"href":"https:\/\/www.damiinterior.com\/de\/wp-json\/wp\/v2\/pages\/13755\/revisions"}],"predecessor-version":[{"id":15047,"href":"https:\/\/www.damiinterior.com\/de\/wp-json\/wp\/v2\/pages\/13755\/revisions\/15047"}],"wp:attachment":[{"href":"https:\/\/www.damiinterior.com\/de\/wp-json\/wp\/v2\/media?parent=13755"}],"curies":[{"name":"wp","href":"https:\/\/api.w.org\/{rel}","templated":true}]}}