{"id":14137,"date":"2023-05-31T11:23:29","date_gmt":"2023-05-31T09:23:29","guid":{"rendered":"https:\/\/www.damiinterior.com\/?page_id=14137"},"modified":"2024-05-28T14:38:24","modified_gmt":"2024-05-28T12:38:24","slug":"appartement-niederlande","status":"publish","type":"page","link":"https:\/\/www.damiinterior.com\/de\/appartement-niederlande\/","title":{"rendered":"Appartement, Niederlande"},"content":{"rendered":"\t<section class=\"section\" id=\"section_2024633664\">\n\t\t<div class=\"bg section-bg fill bg-fill  bg-loaded\" >\n\n\t\t\t\n\t\t\t\n\t\t\t\n\n\t\t<\/div>\n\n\t\t\n\n\t\t<div class=\"section-content relative\">\n\t\t\t\n<div class=\"row\"  id=\"row-1257654290\">\n\n\t<div id=\"col-715698623\" class=\"col small-12 large-12\"  >\n\t\t\t\t<div class=\"col-inner\"  >\n\t\t\t\n\t\t\t\n\t<div id=\"gap-462138763\" class=\"gap-element clearfix\" style=\"display:block; height:auto;\">\n\t\t\n<style>\n#gap-462138763 {\n  padding-top: 100px;\n}\n<\/style>\n\t<\/div>\n\t\n<h1>Sneak Peak: Appartement, Niederlande<\/h1>\n<p>F\u00fcr diese neue Wohnung in den Niederlanden durften wir die komplette Inneneinrichtung realisieren. Nachdem wir die Moodboards erhalten hatten, machten wir uns an die Arbeit und kombinierten ruhige, nat\u00fcrliche Farben mit luxuri\u00f6sen Materialien wie Marmor, Leder und Eiche. Nach diesen Renderbildern waren wir auf das Endergebnis gespannt!<\/p>\n<p>Aus unserer eigenen Kollektion haben wir einen ma\u00dfgefertigten <em><a href=\"https:\/\/www.damiinterior.com\/de\/basalt\/\">Basalt<\/a> <\/em>verwendet. Dieser Couchtisch ist das perfekte Beispiel f\u00fcr ein einfaches und klares Design, das durch die Verwendung hochwertiger Materialien Luxus ausstrahlt. Als Beistelltisch haben wir hier den <em><a href=\"https:\/\/www.damiinterior.com\/de\/ruby\/\">Ruby<\/a> <\/em>verwendet. Der Ruby ist ein Beistelltisch, bei dem feine Steinsorten und modernes Design nahtlos ineinander \u00fcbergehen. Er schafft ein au\u00dfergew\u00f6hnliches Zusammenspiel von \u00fcppigen Kurven und klaren, geraden Linien. Hier haben wir uns f\u00fcr einen Ruby entschieden, der vollst\u00e4ndig aus Arrabescato-Marmor besteht.<\/p>\n<p>In diese Wohnung haben wir auch unseren einzigartigen <em><a href=\"https:\/\/www.damiinterior.com\/de\/sapphire\/\">Sapphire<\/a> <\/em>integriert. Wie ein echter Sapphire strahlt der Beistelltisch durch die Vielfalt der Materialien stets weltliche Finesse aus. Im Schlafzimmer w\u00e4hlten wir eine Kombination aus Caf\u00e9 Amaro-Marmor mit einem Bronze-Softtouch-Rahmen.<\/p>\n<p>Und schlie\u00dflich haben wir hier den <em><a href=\"https:\/\/www.damiinterior.com\/de\/cinnabar\/\">Cinnabar<\/a> <\/em>eingesetzt. Die verschiedenen hochwertigen Oberfl\u00e4chen tragen zu einem frischen, modernen Look bei. In diesem Fall haben wir uns f\u00fcr eine Kombination aus geb\u00fcrsteter Eiche auf der Oberseite und einem Sockel aus Caf\u00e9-Amaro-Marmor entschieden.<\/p>\n\t\t<\/div>\n\t\t\t\t\t<\/div>\n\n\t\n<\/div>\n<div class=\"row\"  id=\"row-2059488594\">\n\n\t<div id=\"col-1116870517\" class=\"col medium-6 small-12 large-6\"  >\n\t\t\t\t<div class=\"col-inner\"  >\n\t\t\t\n\t\t\t\n\t<div class=\"img has-hover x md-x lg-x y md-y lg-y\" id=\"image_784255579\">\n\t\t\t\t\t\t\t\t<div class=\"img-inner dark\" >\n\t\t\t<img loading=\"lazy\" decoding=\"async\" width=\"1020\" height=\"574\" src=\"https:\/\/www.damiinterior.com\/wp-content\/uploads\/2023\/05\/CAM2_FINAL-1-1024x576.jpg\" class=\"attachment-large size-large\" alt=\"Luxurious living room by Dami\" srcset=\"https:\/\/www.damiinterior.com\/wp-content\/uploads\/2023\/05\/CAM2_FINAL-1-1024x576.jpg 1024w, https:\/\/www.damiinterior.com\/wp-content\/uploads\/2023\/05\/CAM2_FINAL-1-768x432.jpg 768w, https:\/\/www.damiinterior.com\/wp-content\/uploads\/2023\/05\/CAM2_FINAL-1-1536x864.jpg 1536w, https:\/\/www.damiinterior.com\/wp-content\/uploads\/2023\/05\/CAM2_FINAL-1-2048x1152.jpg 2048w, https:\/\/www.damiinterior.com\/wp-content\/uploads\/2023\/05\/CAM2_FINAL-1-1000x562.jpg 1000w\" sizes=\"auto, (max-width: 1020px) 100vw, 1020px\" \/>\t\t\t\t\t\t\n\t\t\t\t\t<\/div>\n\t\t\t\t\t\t\t\t\n<style>\n#image_784255579 {\n  width: 100%;\n}\n<\/style>\n\t<\/div>\n\t\n\t\t<\/div>\n\t\t\t\t\t<\/div>\n\n\t\n\n\t<div id=\"col-544800873\" class=\"col medium-6 small-12 large-6\"  >\n\t\t\t\t<div class=\"col-inner\"  >\n\t\t\t\n\t\t\t\n\t<div class=\"img has-hover x md-x lg-x y md-y lg-y\" id=\"image_1174942340\">\n\t\t\t\t\t\t\t\t<div class=\"img-inner dark\" >\n\t\t\t<img loading=\"lazy\" decoding=\"async\" width=\"1020\" height=\"574\" src=\"https:\/\/www.damiinterior.com\/wp-content\/uploads\/2023\/05\/CAM1_FINAL-1-1024x576.jpg\" class=\"attachment-large size-large\" alt=\"Luxurious living room by Dami\" srcset=\"https:\/\/www.damiinterior.com\/wp-content\/uploads\/2023\/05\/CAM1_FINAL-1-1024x576.jpg 1024w, https:\/\/www.damiinterior.com\/wp-content\/uploads\/2023\/05\/CAM1_FINAL-1-768x432.jpg 768w, https:\/\/www.damiinterior.com\/wp-content\/uploads\/2023\/05\/CAM1_FINAL-1-1536x864.jpg 1536w, https:\/\/www.damiinterior.com\/wp-content\/uploads\/2023\/05\/CAM1_FINAL-1-2048x1152.jpg 2048w, https:\/\/www.damiinterior.com\/wp-content\/uploads\/2023\/05\/CAM1_FINAL-1-1000x562.jpg 1000w\" sizes=\"auto, (max-width: 1020px) 100vw, 1020px\" \/>\t\t\t\t\t\t\n\t\t\t\t\t<\/div>\n\t\t\t\t\t\t\t\t\n<style>\n#image_1174942340 {\n  width: 100%;\n}\n<\/style>\n\t<\/div>\n\t\n\t\t<\/div>\n\t\t\t\t\t<\/div>\n\n\t\n\n\t<div id=\"col-1848364027\" class=\"col medium-6 small-12 large-6\"  >\n\t\t\t\t<div class=\"col-inner\"  >\n\t\t\t\n\t\t\t\n\t<div class=\"img has-hover x md-x lg-x y md-y lg-y\" id=\"image_1758759278\">\n\t\t\t\t\t\t\t\t<div class=\"img-inner image-cover dark\" style=\"padding-top:100%;\">\n\t\t\t<img loading=\"lazy\" decoding=\"async\" width=\"1020\" height=\"1020\" src=\"https:\/\/www.damiinterior.com\/wp-content\/uploads\/2023\/05\/DETAIL-DINING-TABLE-1024x1024.jpg\" class=\"attachment-large size-large\" alt=\"Luxurious living room by Dami\" srcset=\"https:\/\/www.damiinterior.com\/wp-content\/uploads\/2023\/05\/DETAIL-DINING-TABLE-1024x1024.jpg 1024w, https:\/\/www.damiinterior.com\/wp-content\/uploads\/2023\/05\/DETAIL-DINING-TABLE-768x768.jpg 768w, https:\/\/www.damiinterior.com\/wp-content\/uploads\/2023\/05\/DETAIL-DINING-TABLE-1536x1536.jpg 1536w, https:\/\/www.damiinterior.com\/wp-content\/uploads\/2023\/05\/DETAIL-DINING-TABLE-2048x2048.jpg 2048w, https:\/\/www.damiinterior.com\/wp-content\/uploads\/2023\/05\/DETAIL-DINING-TABLE-1000x1000.jpg 1000w, https:\/\/www.damiinterior.com\/wp-content\/uploads\/2023\/05\/DETAIL-DINING-TABLE-100x100.jpg 100w\" sizes=\"auto, (max-width: 1020px) 100vw, 1020px\" \/>\t\t\t\t\t\t\n\t\t\t\t\t<\/div>\n\t\t\t\t\t\t\t\t\n<style>\n#image_1758759278 {\n  width: 100%;\n}\n<\/style>\n\t<\/div>\n\t\n\t\t<\/div>\n\t\t\t\t\t<\/div>\n\n\t\n\n\t<div id=\"col-1923441019\" class=\"col medium-6 small-12 large-6\"  >\n\t\t\t\t<div class=\"col-inner\"  >\n\t\t\t\n\t\t\t\n\t<div class=\"img has-hover x md-x lg-x y md-y lg-y\" id=\"image_650248839\">\n\t\t\t\t\t\t\t\t<div class=\"img-inner image-cover dark\" style=\"padding-top:100%;\">\n\t\t\t<img loading=\"lazy\" decoding=\"async\" width=\"1020\" height=\"1020\" src=\"https:\/\/www.damiinterior.com\/wp-content\/uploads\/2023\/05\/WALL-DETAIL-1024x1024.jpg\" class=\"attachment-large size-large\" alt=\"Interior design by Dami\" srcset=\"https:\/\/www.damiinterior.com\/wp-content\/uploads\/2023\/05\/WALL-DETAIL-1024x1024.jpg 1024w, https:\/\/www.damiinterior.com\/wp-content\/uploads\/2023\/05\/WALL-DETAIL-768x768.jpg 768w, https:\/\/www.damiinterior.com\/wp-content\/uploads\/2023\/05\/WALL-DETAIL-1536x1536.jpg 1536w, https:\/\/www.damiinterior.com\/wp-content\/uploads\/2023\/05\/WALL-DETAIL-2048x2048.jpg 2048w, https:\/\/www.damiinterior.com\/wp-content\/uploads\/2023\/05\/WALL-DETAIL-1000x1000.jpg 1000w, https:\/\/www.damiinterior.com\/wp-content\/uploads\/2023\/05\/WALL-DETAIL-100x100.jpg 100w\" sizes=\"auto, (max-width: 1020px) 100vw, 1020px\" \/>\t\t\t\t\t\t\n\t\t\t\t\t<\/div>\n\t\t\t\t\t\t\t\t\n<style>\n#image_650248839 {\n  width: 100%;\n}\n<\/style>\n\t<\/div>\n\t\n\t\t<\/div>\n\t\t\t\t\t<\/div>\n\n\t\n\n\t<div id=\"col-279973025\" class=\"col medium-6 small-12 large-6\"  >\n\t\t\t\t<div class=\"col-inner\"  >\n\t\t\t\n\t\t\t\n\t<div class=\"img has-hover x md-x lg-x y md-y lg-y\" id=\"image_344854652\">\n\t\t\t\t\t\t\t\t<div class=\"img-inner image-cover dark\" style=\"padding-top:60%;\">\n\t\t\t<img loading=\"lazy\" decoding=\"async\" width=\"1020\" height=\"574\" src=\"https:\/\/www.damiinterior.com\/wp-content\/uploads\/2023\/05\/CAM3_FINAL-1-1024x576.jpg\" class=\"attachment-large size-large\" alt=\"Luxurious living room by Dami\" srcset=\"https:\/\/www.damiinterior.com\/wp-content\/uploads\/2023\/05\/CAM3_FINAL-1-1024x576.jpg 1024w, https:\/\/www.damiinterior.com\/wp-content\/uploads\/2023\/05\/CAM3_FINAL-1-768x432.jpg 768w, https:\/\/www.damiinterior.com\/wp-content\/uploads\/2023\/05\/CAM3_FINAL-1-1536x864.jpg 1536w, https:\/\/www.damiinterior.com\/wp-content\/uploads\/2023\/05\/CAM3_FINAL-1-2048x1152.jpg 2048w, https:\/\/www.damiinterior.com\/wp-content\/uploads\/2023\/05\/CAM3_FINAL-1-1000x562.jpg 1000w\" sizes=\"auto, (max-width: 1020px) 100vw, 1020px\" \/>\t\t\t\t\t\t\n\t\t\t\t\t<\/div>\n\t\t\t\t\t\t\t\t\n<style>\n#image_344854652 {\n  width: 100%;\n}\n<\/style>\n\t<\/div>\n\t\n\t\t<\/div>\n\t\t\t\t\t<\/div>\n\n\t\n\n\t<div id=\"col-1509426155\" class=\"col medium-6 small-12 large-6\"  >\n\t\t\t\t<div class=\"col-inner\"  >\n\t\t\t\n\t\t\t\n\t<div class=\"img has-hover x md-x lg-x y md-y lg-y\" id=\"image_769154568\">\n\t\t\t\t\t\t\t\t<div class=\"img-inner image-cover dark\" style=\"padding-top:60%;\">\n\t\t\t<img loading=\"lazy\" decoding=\"async\" width=\"1020\" height=\"765\" src=\"https:\/\/www.damiinterior.com\/wp-content\/uploads\/2023\/05\/CAM4_FINAL-1-1024x768.jpg\" class=\"attachment-large size-large\" alt=\"Luxurious bathroom by Dami\" srcset=\"https:\/\/www.damiinterior.com\/wp-content\/uploads\/2023\/05\/CAM4_FINAL-1-1024x768.jpg 1024w, https:\/\/www.damiinterior.com\/wp-content\/uploads\/2023\/05\/CAM4_FINAL-1-768x576.jpg 768w, https:\/\/www.damiinterior.com\/wp-content\/uploads\/2023\/05\/CAM4_FINAL-1-1536x1152.jpg 1536w, https:\/\/www.damiinterior.com\/wp-content\/uploads\/2023\/05\/CAM4_FINAL-1-2048x1536.jpg 2048w, https:\/\/www.damiinterior.com\/wp-content\/uploads\/2023\/05\/CAM4_FINAL-1-1000x750.jpg 1000w\" sizes=\"auto, (max-width: 1020px) 100vw, 1020px\" \/>\t\t\t\t\t\t\n\t\t\t\t\t<\/div>\n\t\t\t\t\t\t\t\t\n<style>\n#image_769154568 {\n  width: 100%;\n}\n<\/style>\n\t<\/div>\n\t\n\t\t<\/div>\n\t\t\t\t\t<\/div>\n\n\t\n\n\t<div id=\"col-1972922726\" class=\"col medium-6 small-12 large-6\"  >\n\t\t\t\t<div class=\"col-inner\"  >\n\t\t\t\n\t\t\t\n\t<div class=\"img has-hover x md-x lg-x y md-y lg-y\" id=\"image_211441728\">\n\t\t\t\t\t\t\t\t<div class=\"img-inner dark\" >\n\t\t\t<img loading=\"lazy\" decoding=\"async\" width=\"1020\" height=\"574\" src=\"https:\/\/www.damiinterior.com\/wp-content\/uploads\/2023\/05\/CAM5_FINAL-1-1024x576.jpg\" class=\"attachment-large size-large\" alt=\"Luxurious bedroom by Dami\" srcset=\"https:\/\/www.damiinterior.com\/wp-content\/uploads\/2023\/05\/CAM5_FINAL-1-1024x576.jpg 1024w, https:\/\/www.damiinterior.com\/wp-content\/uploads\/2023\/05\/CAM5_FINAL-1-768x432.jpg 768w, https:\/\/www.damiinterior.com\/wp-content\/uploads\/2023\/05\/CAM5_FINAL-1-1536x864.jpg 1536w, https:\/\/www.damiinterior.com\/wp-content\/uploads\/2023\/05\/CAM5_FINAL-1-2048x1152.jpg 2048w, https:\/\/www.damiinterior.com\/wp-content\/uploads\/2023\/05\/CAM5_FINAL-1-1000x562.jpg 1000w\" sizes=\"auto, (max-width: 1020px) 100vw, 1020px\" \/>\t\t\t\t\t\t\n\t\t\t\t\t<\/div>\n\t\t\t\t\t\t\t\t\n<style>\n#image_211441728 {\n  width: 100%;\n}\n<\/style>\n\t<\/div>\n\t\n\t\t<\/div>\n\t\t\t\t\t<\/div>\n\n\t\n\n\t<div id=\"col-317511991\" class=\"col medium-6 small-12 large-6\"  >\n\t\t\t\t<div class=\"col-inner\"  >\n\t\t\t\n\t\t\t\n\t<div class=\"img has-hover x md-x lg-x y md-y lg-y\" id=\"image_109374088\">\n\t\t\t\t\t\t\t\t<div class=\"img-inner dark\" >\n\t\t\t<img loading=\"lazy\" decoding=\"async\" width=\"1020\" height=\"574\" src=\"https:\/\/www.damiinterior.com\/wp-content\/uploads\/2023\/05\/CAM6_FINAL-1-1024x576.jpg\" class=\"attachment-large size-large\" alt=\"Luxurious bedroom by Dami\" srcset=\"https:\/\/www.damiinterior.com\/wp-content\/uploads\/2023\/05\/CAM6_FINAL-1-1024x576.jpg 1024w, https:\/\/www.damiinterior.com\/wp-content\/uploads\/2023\/05\/CAM6_FINAL-1-768x432.jpg 768w, https:\/\/www.damiinterior.com\/wp-content\/uploads\/2023\/05\/CAM6_FINAL-1-1536x864.jpg 1536w, https:\/\/www.damiinterior.com\/wp-content\/uploads\/2023\/05\/CAM6_FINAL-1-2048x1152.jpg 2048w, https:\/\/www.damiinterior.com\/wp-content\/uploads\/2023\/05\/CAM6_FINAL-1-1000x562.jpg 1000w\" sizes=\"auto, (max-width: 1020px) 100vw, 1020px\" \/>\t\t\t\t\t\t\n\t\t\t\t\t<\/div>\n\t\t\t\t\t\t\t\t\n<style>\n#image_109374088 {\n  width: 100%;\n}\n<\/style>\n\t<\/div>\n\t\n\t\t<\/div>\n\t\t\t\t\t<\/div>\n\n\t\n<\/div>\n\t\t<\/div>\n\n\t\t\n<style>\n#section_2024633664 {\n  padding-top: 30px;\n  padding-bottom: 30px;\n}\n<\/style>\n\t<\/section>\n\t\n","protected":false},"excerpt":{"rendered":"","protected":false},"author":62,"featured_media":0,"parent":0,"menu_order":0,"comment_status":"closed","ping_status":"closed","template":"page-blank.php","meta":{"footnotes":""},"class_list":["post-14137","page","type-page","status-publish","hentry"],"acf":[],"yoast_head":"<!-- This site is optimized with the Yoast SEO plugin v27.4 - https:\/\/yoast.com\/product\/yoast-seo-wordpress\/ -->\n<title>Appartement, Niederlande - Dami Luxury Interior<\/title>\n<meta name=\"description\" content=\"Sneak Peak: Appartement, Niederlande. F\u00fcr diese neue Wohnung in den Niederlanden durften wir die komplette Inneneinrichtung realisieren.\" \/>\n<meta name=\"robots\" content=\"index, follow, max-snippet:-1, max-image-preview:large, max-video-preview:-1\" \/>\n<link rel=\"canonical\" href=\"https:\/\/www.damiinterior.com\/de\/appartement-niederlande\/\" \/>\n<meta property=\"og:locale\" content=\"de_DE\" \/>\n<meta property=\"og:type\" content=\"article\" \/>\n<meta property=\"og:title\" content=\"Appartement, Niederlande - Dami Luxury Interior\" \/>\n<meta property=\"og:description\" content=\"Sneak Peak: Appartement, Niederlande. F\u00fcr diese neue Wohnung in den Niederlanden durften wir die komplette Inneneinrichtung realisieren.\" \/>\n<meta property=\"og:url\" content=\"https:\/\/www.damiinterior.com\/de\/appartement-niederlande\/\" \/>\n<meta property=\"og:site_name\" content=\"Dami Luxury Interior\" \/>\n<meta property=\"article:modified_time\" content=\"2024-05-28T12:38:24+00:00\" \/>\n<meta name=\"twitter:card\" content=\"summary_large_image\" \/>\n<meta name=\"twitter:label1\" content=\"Gesch\u00e4tzte Lesezeit\" \/>\n\t<meta name=\"twitter:data1\" content=\"2\u00a0Minuten\" \/>\n<script type=\"application\/ld+json\" class=\"yoast-schema-graph\">{\"@context\":\"https:\\\/\\\/schema.org\",\"@graph\":[{\"@type\":\"WebPage\",\"@id\":\"https:\\\/\\\/www.damiinterior.com\\\/de\\\/appartement-niederlande\\\/\",\"url\":\"https:\\\/\\\/www.damiinterior.com\\\/de\\\/appartement-niederlande\\\/\",\"name\":\"Appartement, Niederlande - Dami Luxury Interior\",\"isPartOf\":{\"@id\":\"https:\\\/\\\/www.damiinterior.com\\\/#website\"},\"datePublished\":\"2023-05-31T09:23:29+00:00\",\"dateModified\":\"2024-05-28T12:38:24+00:00\",\"description\":\"Sneak Peak: Appartement, Niederlande. F\u00fcr diese neue Wohnung in den Niederlanden durften wir die komplette Inneneinrichtung realisieren.\",\"breadcrumb\":{\"@id\":\"https:\\\/\\\/www.damiinterior.com\\\/de\\\/appartement-niederlande\\\/#breadcrumb\"},\"inLanguage\":\"de\",\"potentialAction\":[{\"@type\":\"ReadAction\",\"target\":[\"https:\\\/\\\/www.damiinterior.com\\\/de\\\/appartement-niederlande\\\/\"]}]},{\"@type\":\"BreadcrumbList\",\"@id\":\"https:\\\/\\\/www.damiinterior.com\\\/de\\\/appartement-niederlande\\\/#breadcrumb\",\"itemListElement\":[{\"@type\":\"ListItem\",\"position\":1,\"name\":\"Home\",\"item\":\"https:\\\/\\\/www.damiinterior.com\\\/de\\\/\"},{\"@type\":\"ListItem\",\"position\":2,\"name\":\"Appartement, Niederlande\"}]},{\"@type\":\"WebSite\",\"@id\":\"https:\\\/\\\/www.damiinterior.com\\\/#website\",\"url\":\"https:\\\/\\\/www.damiinterior.com\\\/\",\"name\":\"Dami Luxury Interior\",\"description\":\"\",\"publisher\":{\"@id\":\"https:\\\/\\\/www.damiinterior.com\\\/#organization\"},\"potentialAction\":[{\"@type\":\"SearchAction\",\"target\":{\"@type\":\"EntryPoint\",\"urlTemplate\":\"https:\\\/\\\/www.damiinterior.com\\\/?s={search_term_string}\"},\"query-input\":{\"@type\":\"PropertyValueSpecification\",\"valueRequired\":true,\"valueName\":\"search_term_string\"}}],\"inLanguage\":\"de\"},{\"@type\":\"Organization\",\"@id\":\"https:\\\/\\\/www.damiinterior.com\\\/#organization\",\"name\":\"Dami Luxury Interior\",\"url\":\"https:\\\/\\\/www.damiinterior.com\\\/\",\"logo\":{\"@type\":\"ImageObject\",\"inLanguage\":\"de\",\"@id\":\"https:\\\/\\\/www.damiinterior.com\\\/#\\\/schema\\\/logo\\\/image\\\/\",\"url\":\"https:\\\/\\\/www.damiinterior.com\\\/wp-content\\\/uploads\\\/2020\\\/06\\\/logo.jpg\",\"contentUrl\":\"https:\\\/\\\/www.damiinterior.com\\\/wp-content\\\/uploads\\\/2020\\\/06\\\/logo.jpg\",\"width\":800,\"height\":800,\"caption\":\"Dami Luxury Interior\"},\"image\":{\"@id\":\"https:\\\/\\\/www.damiinterior.com\\\/#\\\/schema\\\/logo\\\/image\\\/\"}}]}<\/script>\n<!-- \/ Yoast SEO plugin. -->","yoast_head_json":{"title":"Appartement, Niederlande - Dami Luxury Interior","description":"Sneak Peak: Appartement, Niederlande. F\u00fcr diese neue Wohnung in den Niederlanden durften wir die komplette Inneneinrichtung realisieren.","robots":{"index":"index","follow":"follow","max-snippet":"max-snippet:-1","max-image-preview":"max-image-preview:large","max-video-preview":"max-video-preview:-1"},"canonical":"https:\/\/www.damiinterior.com\/de\/appartement-niederlande\/","og_locale":"de_DE","og_type":"article","og_title":"Appartement, Niederlande - Dami Luxury Interior","og_description":"Sneak Peak: Appartement, Niederlande. F\u00fcr diese neue Wohnung in den Niederlanden durften wir die komplette Inneneinrichtung realisieren.","og_url":"https:\/\/www.damiinterior.com\/de\/appartement-niederlande\/","og_site_name":"Dami Luxury Interior","article_modified_time":"2024-05-28T12:38:24+00:00","twitter_card":"summary_large_image","twitter_misc":{"Gesch\u00e4tzte Lesezeit":"2\u00a0Minuten"},"schema":{"@context":"https:\/\/schema.org","@graph":[{"@type":"WebPage","@id":"https:\/\/www.damiinterior.com\/de\/appartement-niederlande\/","url":"https:\/\/www.damiinterior.com\/de\/appartement-niederlande\/","name":"Appartement, Niederlande - Dami Luxury Interior","isPartOf":{"@id":"https:\/\/www.damiinterior.com\/#website"},"datePublished":"2023-05-31T09:23:29+00:00","dateModified":"2024-05-28T12:38:24+00:00","description":"Sneak Peak: Appartement, Niederlande. F\u00fcr diese neue Wohnung in den Niederlanden durften wir die komplette Inneneinrichtung realisieren.","breadcrumb":{"@id":"https:\/\/www.damiinterior.com\/de\/appartement-niederlande\/#breadcrumb"},"inLanguage":"de","potentialAction":[{"@type":"ReadAction","target":["https:\/\/www.damiinterior.com\/de\/appartement-niederlande\/"]}]},{"@type":"BreadcrumbList","@id":"https:\/\/www.damiinterior.com\/de\/appartement-niederlande\/#breadcrumb","itemListElement":[{"@type":"ListItem","position":1,"name":"Home","item":"https:\/\/www.damiinterior.com\/de\/"},{"@type":"ListItem","position":2,"name":"Appartement, Niederlande"}]},{"@type":"WebSite","@id":"https:\/\/www.damiinterior.com\/#website","url":"https:\/\/www.damiinterior.com\/","name":"Dami Luxury Interior","description":"","publisher":{"@id":"https:\/\/www.damiinterior.com\/#organization"},"potentialAction":[{"@type":"SearchAction","target":{"@type":"EntryPoint","urlTemplate":"https:\/\/www.damiinterior.com\/?s={search_term_string}"},"query-input":{"@type":"PropertyValueSpecification","valueRequired":true,"valueName":"search_term_string"}}],"inLanguage":"de"},{"@type":"Organization","@id":"https:\/\/www.damiinterior.com\/#organization","name":"Dami Luxury Interior","url":"https:\/\/www.damiinterior.com\/","logo":{"@type":"ImageObject","inLanguage":"de","@id":"https:\/\/www.damiinterior.com\/#\/schema\/logo\/image\/","url":"https:\/\/www.damiinterior.com\/wp-content\/uploads\/2020\/06\/logo.jpg","contentUrl":"https:\/\/www.damiinterior.com\/wp-content\/uploads\/2020\/06\/logo.jpg","width":800,"height":800,"caption":"Dami Luxury Interior"},"image":{"@id":"https:\/\/www.damiinterior.com\/#\/schema\/logo\/image\/"}}]}},"_links":{"self":[{"href":"https:\/\/www.damiinterior.com\/de\/wp-json\/wp\/v2\/pages\/14137","targetHints":{"allow":["GET"]}}],"collection":[{"href":"https:\/\/www.damiinterior.com\/de\/wp-json\/wp\/v2\/pages"}],"about":[{"href":"https:\/\/www.damiinterior.com\/de\/wp-json\/wp\/v2\/types\/page"}],"author":[{"embeddable":true,"href":"https:\/\/www.damiinterior.com\/de\/wp-json\/wp\/v2\/users\/62"}],"replies":[{"embeddable":true,"href":"https:\/\/www.damiinterior.com\/de\/wp-json\/wp\/v2\/comments?post=14137"}],"version-history":[{"count":4,"href":"https:\/\/www.damiinterior.com\/de\/wp-json\/wp\/v2\/pages\/14137\/revisions"}],"predecessor-version":[{"id":15085,"href":"https:\/\/www.damiinterior.com\/de\/wp-json\/wp\/v2\/pages\/14137\/revisions\/15085"}],"wp:attachment":[{"href":"https:\/\/www.damiinterior.com\/de\/wp-json\/wp\/v2\/media?parent=14137"}],"curies":[{"name":"wp","href":"https:\/\/api.w.org\/{rel}","templated":true}]}}