{"id":557,"date":"2020-04-21T09:18:58","date_gmt":"2020-04-21T09:18:58","guid":{"rendered":"http:\/\/damitest.janssen.nl\/interior-design\/"},"modified":"2024-02-19T14:05:08","modified_gmt":"2024-02-19T12:05:08","slug":"moebelentwurf","status":"publish","type":"page","link":"https:\/\/www.damiinterior.com\/de\/moebelentwurf\/","title":{"rendered":"M\u00f6belentwurf"},"content":{"rendered":"\t<section class=\"section\" id=\"section_805327166\">\n\t\t<div class=\"bg section-bg fill bg-fill  bg-loaded\" >\n\n\t\t\t\n\t\t\t\n\t\t\t\n\n\t\t<\/div>\n\n\t\t\n\n\t\t<div class=\"section-content relative\">\n\t\t\t\n<div class=\"row align-equal align-center\"  id=\"row-397819909\">\n\n\t<div id=\"col-998016878\" class=\"col medium-9 small-12 large-9\"  >\n\t\t\t\t<div class=\"col-inner text-center\"  >\n\t\t\t\n\t\t\t\n\t<div id=\"gap-270613750\" class=\"gap-element clearfix\" style=\"display:block; height:auto;\">\n\t\t\n<style>\n#gap-270613750 {\n  padding-top: 30px;\n}\n<\/style>\n\t<\/div>\n\t\n\t<div id=\"text-4253599849\" class=\"text\">\n\t\t\n<h1 style=\"text-align: left;\">M\u00f6belentwurf<\/h1>\n\t\t\n<style>\n#text-4253599849 {\n  font-size: 1.3rem;\n  text-align: left;\n}\n<\/style>\n\t<\/div>\n\t\n\t<div id=\"text-375330012\" class=\"text\">\n\t\t\n<p style=\"text-align: left;\">Dami Luxury Interior verleiht dem Wort M\u00f6belentwurf zus\u00e4tzliche Bedeutung. Ein M\u00f6belst\u00fcck steht nie allein, sondern ist Teil eines gr\u00f6\u00dferen Ganzen. Die besondere Auffassung \u00fcber das Entwerfen von M\u00f6beln, kombiniert mit der Sichtweise auf die komplette Raumgestaltung, sorgt daf\u00fcr, dass ein M\u00f6belst\u00fcck von Dami Mehrwert besitzt \u2013 es ist ein wunderbares Puzzleteil, das eine Raumeinrichtung vervollst\u00e4ndigt.<\/p>\n\t\t\n<style>\n#text-375330012 {\n  font-size: 1.2rem;\n  text-align: center;\n}\n<\/style>\n\t<\/div>\n\t\n\t\t<\/div>\n\t\t\t\t\t<\/div>\n\n\t\n<\/div>\n\t\t<\/div>\n\n\t\t\n<style>\n#section_805327166 {\n  padding-top: 50px;\n  padding-bottom: 50px;\n}\n@media (min-width:550px) {\n  #section_805327166 {\n    padding-top: 100px;\n    padding-bottom: 100px;\n  }\n}\n<\/style>\n\t<\/section>\n\t\n\t<section class=\"section\" id=\"section_566421714\">\n\t\t<div class=\"bg section-bg fill bg-fill  \" >\n\n\t\t\t\n\t\t\t\n\t\t\t\n\n\t\t<\/div>\n\n\t\t\n\n\t\t<div class=\"section-content relative\">\n\t\t\t\n\t\t<\/div>\n\n\t\t\n<style>\n#section_566421714 {\n  padding-top: 30px;\n  padding-bottom: 30px;\n  min-height: 400px;\n}\n#section_566421714 .section-bg.bg-loaded {\n  background-image: url(https:\/\/www.damiinterior.com\/wp-content\/uploads\/2022\/07\/Dami-Interior-3.jpg);\n}\n#section_566421714 .section-bg {\n  background-position: 45% 56%;\n}\n<\/style>\n\t<\/section>\n\t\n\t<section class=\"section\" id=\"section_1499448826\">\n\t\t<div class=\"bg section-bg fill bg-fill  bg-loaded\" >\n\n\t\t\t\n\t\t\t\n\t\t\t\n\n\t\t<\/div>\n\n\t\t\n\n\t\t<div class=\"section-content relative\">\n\t\t\t\n\t<div id=\"gap-842822662\" class=\"gap-element clearfix\" style=\"display:block; height:auto;\">\n\t\t\n<style>\n#gap-842822662 {\n  padding-top: 0px;\n}\n@media (min-width:550px) {\n  #gap-842822662 {\n    padding-top: 30px;\n  }\n}\n<\/style>\n\t<\/div>\n\t\n<div class=\"row align-middle align-center\"  id=\"row-467050081\">\n\n\t<div id=\"col-938939211\" class=\"col medium-9 small-12 large-9\"  >\n\t\t\t\t<div class=\"col-inner text-center\"  >\n\t\t\t\n\t\t\t\n\t<div id=\"gap-1042912730\" class=\"gap-element clearfix\" style=\"display:block; height:auto;\">\n\t\t\n<style>\n#gap-1042912730 {\n  padding-top: 30px;\n}\n<\/style>\n\t<\/div>\n\t\n\t<div id=\"text-3845875220\" class=\"text\">\n\t\t\n<h2>\u201cEin M\u00f6belst\u00fcck von Dami besitzt Mehrwert \u2013 es ist ein wunderbares Puzzleteil, das eine Raumeinrichtung vervollst\u00e4ndigt.\u201d<\/h2>\n\t\t\n<style>\n#text-3845875220 {\n  font-size: 1.3rem;\n}\n<\/style>\n\t<\/div>\n\t\n\t\t<\/div>\n\t\t\t\t\n<style>\n#col-938939211 > .col-inner {\n  padding: 0px 0px 0px 0px;\n}\n<\/style>\n\t<\/div>\n\n\t\n<\/div>\n\t<div id=\"gap-300218864\" class=\"gap-element clearfix\" style=\"display:block; height:auto;\">\n\t\t\n<style>\n#gap-300218864 {\n  padding-top: 30px;\n}\n<\/style>\n\t<\/div>\n\t\n\t\t<\/div>\n\n\t\t\n<style>\n#section_1499448826 {\n  padding-top: 20px;\n  padding-bottom: 20px;\n  background-color: rgb(242, 242, 242);\n}\n@media (min-width:550px) {\n  #section_1499448826 {\n    padding-top: 55px;\n    padding-bottom: 55px;\n  }\n}\n<\/style>\n\t<\/section>\n\t\n\t<section class=\"section\" id=\"section_409928413\">\n\t\t<div class=\"bg section-bg fill bg-fill  bg-loaded\" >\n\n\t\t\t\n\t\t\t\n\t\t\t\n\n\t\t<\/div>\n\n\t\t\n\n\t\t<div class=\"section-content relative\">\n\t\t\t\n<div class=\"row align-middle align-center\"  id=\"row-1527671258\">\n\n\t<div id=\"col-232041427\" class=\"col medium-6 small-12 large-6\"  >\n\t\t\t\t<div class=\"col-inner text-left\"  >\n\t\t\t\n\t\t\t\n\t<div id=\"gap-2018319666\" class=\"gap-element clearfix\" style=\"display:block; height:auto;\">\n\t\t\n<style>\n#gap-2018319666 {\n  padding-top: 30px;\n}\n<\/style>\n\t<\/div>\n\t\n<h2>Vom Zeichentisch zum Endprodukt<\/h2>\n<p>Ein M\u00f6belentwurf beginnt immer mit einer Idee. Bei Dami entsteht diese Idee fast immer durch tiefergehende Betrachtung der scheinbar allt\u00e4glichen Dinge. Am Zeichentisch nimmt die Idee dann ihre erste Form an. Sobald ein Grundentwurf vorliegt, werden die Details hinzugef\u00fcgt und die Materialien und Farben ausgew\u00e4hlt. Die Entscheidungen werden von Anfang bis Ende auf der Grundlage der Intuition und des Stils getroffen, ohne Raum f\u00fcr Zugest\u00e4ndnisse.<\/p>\n\t\t<\/div>\n\t\t\t\t\n<style>\n#col-232041427 > .col-inner {\n  padding: 0px 60px 0px 0px;\n}\n<\/style>\n\t<\/div>\n\n\t\n\n\t<div id=\"col-640337002\" class=\"col medium-5 small-12 large-5\"  >\n\t\t\t\t<div class=\"col-inner\"  >\n\t\t\t\n\t\t\t\n\t<div class=\"img has-hover x md-x lg-x y md-y lg-y\" id=\"image_345942082\">\n\t\t\t\t\t\t\t\t<div class=\"img-inner image-cover dark\" style=\"padding-top:100%;\">\n\t\t\t<img loading=\"lazy\" decoding=\"async\" width=\"719\" height=\"1024\" src=\"https:\/\/www.damiinterior.com\/wp-content\/uploads\/2022\/10\/MagnaTyres_17452-719x1024.jpg\" class=\"attachment-large size-large\" alt=\"Magna Tyres interior by Dami\" srcset=\"https:\/\/www.damiinterior.com\/wp-content\/uploads\/2022\/10\/MagnaTyres_17452-719x1024.jpg 719w, https:\/\/www.damiinterior.com\/wp-content\/uploads\/2022\/10\/MagnaTyres_17452-768x1094.jpg 768w, https:\/\/www.damiinterior.com\/wp-content\/uploads\/2022\/10\/MagnaTyres_17452-1078x1536.jpg 1078w, https:\/\/www.damiinterior.com\/wp-content\/uploads\/2022\/10\/MagnaTyres_17452-1438x2048.jpg 1438w, https:\/\/www.damiinterior.com\/wp-content\/uploads\/2022\/10\/MagnaTyres_17452-1000x1425.jpg 1000w, https:\/\/www.damiinterior.com\/wp-content\/uploads\/2022\/10\/MagnaTyres_17452-scaled.jpg 1797w\" sizes=\"auto, (max-width: 719px) 100vw, 719px\" \/>\t\t\t\t\t\t\n\t\t\t\t\t<\/div>\n\t\t\t\t\t\t\t\t\n<style>\n#image_345942082 {\n  width: 100%;\n}\n<\/style>\n\t<\/div>\n\t\n\t\t<\/div>\n\t\t\t\t\t<\/div>\n\n\t\n<\/div>\n\t\t<\/div>\n\n\t\t\n<style>\n#section_409928413 {\n  padding-top: 50px;\n  padding-bottom: 50px;\n}\n@media (min-width:550px) {\n  #section_409928413 {\n    padding-top: 100px;\n    padding-bottom: 100px;\n  }\n}\n<\/style>\n\t<\/section>\n\t\n\t<section class=\"section\" id=\"section_1025227512\">\n\t\t<div class=\"bg section-bg fill bg-fill  bg-loaded\" >\n\n\t\t\t\n\t\t\t\n\t\t\t\n\n\t\t<\/div>\n\n\t\t\n\n\t\t<div class=\"section-content relative\">\n\t\t\t\n\t<div id=\"gap-467604087\" class=\"gap-element clearfix\" style=\"display:block; height:auto;\">\n\t\t\n<style>\n#gap-467604087 {\n  padding-top: 0px;\n}\n@media (min-width:550px) {\n  #gap-467604087 {\n    padding-top: 30px;\n  }\n}\n<\/style>\n\t<\/div>\n\t\n<div class=\"row align-middle align-center\"  id=\"row-1264452559\">\n\n\t<div id=\"col-1362172010\" class=\"col medium-9 small-12 large-9\"  >\n\t\t\t\t<div class=\"col-inner text-center\"  >\n\t\t\t\n\t\t\t\n\t<div id=\"gap-1945011006\" class=\"gap-element clearfix\" style=\"display:block; height:auto;\">\n\t\t\n<style>\n#gap-1945011006 {\n  padding-top: 30px;\n}\n<\/style>\n\t<\/div>\n\t\n\t<div id=\"text-2497367480\" class=\"text\">\n\t\t\n<h2>\u201cDie Entscheidungen werden von Anfang bis Ende auf der Grundlage der Intuition und des Stils getroffen, ohne Raum f\u00fcr Zugest\u00e4ndnisse.\u201d<\/h2>\n\t\t\n<style>\n#text-2497367480 {\n  font-size: 1.3rem;\n}\n<\/style>\n\t<\/div>\n\t\n\t\t<\/div>\n\t\t\t\t\n<style>\n#col-1362172010 > .col-inner {\n  padding: 0px 0px 0px 0px;\n}\n<\/style>\n\t<\/div>\n\n\t\n<\/div>\n\t<div id=\"gap-2078615889\" class=\"gap-element clearfix\" style=\"display:block; height:auto;\">\n\t\t\n<style>\n#gap-2078615889 {\n  padding-top: 30px;\n}\n<\/style>\n\t<\/div>\n\t\n\t\t<\/div>\n\n\t\t\n<style>\n#section_1025227512 {\n  padding-top: 20px;\n  padding-bottom: 20px;\n  background-color: rgb(255,255,255);\n}\n@media (min-width:550px) {\n  #section_1025227512 {\n    padding-top: 30px;\n    padding-bottom: 30px;\n  }\n}\n<\/style>\n\t<\/section>\n\t\n\t<section class=\"section\" id=\"section_670528001\">\n\t\t<div class=\"bg section-bg fill bg-fill  bg-loaded\" >\n\n\t\t\t\n\t\t\t\n\t\t\t\n\n\t\t<\/div>\n\n\t\t\n\n\t\t<div class=\"section-content relative\">\n\t\t\t\n<div class=\"row align-middle align-center\"  id=\"row-1502320690\">\n\n\t<div id=\"col-2084095588\" class=\"col medium-5 small-12 large-5\"  >\n\t\t\t\t<div class=\"col-inner\"  >\n\t\t\t\n\t\t\t\n\t<div class=\"img has-hover x md-x lg-x y md-y lg-y\" id=\"image_394500545\">\n\t\t\t\t\t\t\t\t<div class=\"img-inner image-cover dark\" style=\"padding-top:100%;\">\n\t\t\t<img loading=\"lazy\" decoding=\"async\" width=\"1020\" height=\"668\" src=\"https:\/\/www.damiinterior.com\/wp-content\/uploads\/2022\/07\/Dami-Interior-7-1024x671.jpg\" class=\"attachment-large size-large\" alt=\"Eethoek dami\" srcset=\"https:\/\/www.damiinterior.com\/wp-content\/uploads\/2022\/07\/Dami-Interior-7-1024x671.jpg 1024w, https:\/\/www.damiinterior.com\/wp-content\/uploads\/2022\/07\/Dami-Interior-7-768x503.jpg 768w, https:\/\/www.damiinterior.com\/wp-content\/uploads\/2022\/07\/Dami-Interior-7-1536x1006.jpg 1536w, https:\/\/www.damiinterior.com\/wp-content\/uploads\/2022\/07\/Dami-Interior-7-1000x655.jpg 1000w\" sizes=\"auto, (max-width: 1020px) 100vw, 1020px\" \/>\t\t\t\t\t\t\n\t\t\t\t\t<\/div>\n\t\t\t\t\t\t\t\t\n<style>\n#image_394500545 {\n  width: 100%;\n}\n<\/style>\n\t<\/div>\n\t\n\t\t<\/div>\n\t\t\t\t\t<\/div>\n\n\t\n\n\t<div id=\"col-836442915\" class=\"col medium-6 small-12 large-6\"  >\n\t\t\t\t<div class=\"col-inner text-left\"  >\n\t\t\t\n\t\t\t\n\t<div id=\"gap-1503222775\" class=\"gap-element clearfix\" style=\"display:block; height:auto;\">\n\t\t\n<style>\n#gap-1503222775 {\n  padding-top: 30px;\n}\n<\/style>\n\t<\/div>\n\t\n<h2>Ode an die Zusammenarbeit<\/h2>\n<p>Da jeder Entwurf letztendlich Teil eines gr\u00f6\u00dferen Ganzen ist, arbeitet Dami h\u00e4ufig mit festen Partnern zusammen. Wir beziehen Materialien wie Leder und Bronze von festen Lieferanten, von denen wir wissen, dass sie nur hochwertige Qualit\u00e4t liefern. Des Weiteren arbeiten wir h\u00e4ufig mit Raumausstattern zusammen, sodass ein noch sch\u00f6neres Gesamtergebnis entsteht. Durch die Verschmelzung der Sichtweisen entsteht schlie\u00dflich ein zeitloser und einzigartiger Einrichtungsstil.<\/p>\n\t\t<\/div>\n\t\t\t\t\n<style>\n#col-836442915 > .col-inner {\n  padding: 0px 0px 0px 60px;\n}\n<\/style>\n\t<\/div>\n\n\t\n<\/div>\n\t\t<\/div>\n\n\t\t\n<style>\n#section_670528001 {\n  padding-top: 50px;\n  padding-bottom: 50px;\n  background-color: rgb(242, 242, 242);\n}\n@media (min-width:550px) {\n  #section_670528001 {\n    padding-top: 100px;\n    padding-bottom: 100px;\n  }\n}\n<\/style>\n\t<\/section>\n\t\n\t<section class=\"section\" id=\"section_1014158460\">\n\t\t<div class=\"bg section-bg fill bg-fill  bg-loaded\" >\n\n\t\t\t\n\t\t\t\n\t\t\t\n\n\t\t<\/div>\n\n\t\t\n\n\t\t<div class=\"section-content relative\">\n\t\t\t\n<div class=\"row align-middle align-center\"  id=\"row-1870150955\">\n\n\t<div id=\"col-911274834\" class=\"col medium-6 small-12 large-6\"  >\n\t\t\t\t<div class=\"col-inner text-left\"  >\n\t\t\t\n\t\t\t\n<h2>M\u00f6belentwurf nach Ma\u00df<\/h2>\n<p>Ob ein M\u00f6belst\u00fcck von Anfang bis Ende von Dami selbst entworfen wird oder nicht, ein M\u00f6belentwurf ist im Grunde immer Ma\u00dfarbeit. Jedes Detail erfordert das beste handwerkliche K\u00f6nnen aller Beteiligten. Doch wo mancher M\u00f6beldesigner aufh\u00f6rt, macht Dami weiter. Dami wei\u00df wie kein anderer, dass es passieren kann, dass Ihnen ein bestimmter und einzigartiger M\u00f6belentwurf vorschwebt, der nicht vorhanden ist. Z\u00f6gern Sie nicht, sich mit uns in Verbindung zu setzen und gemeinsam mit uns den Entwurf zu erstellen, den Sie vor Augen haben.<\/p>\n\t\t<\/div>\n\t\t\t\t\n<style>\n#col-911274834 > .col-inner {\n  padding: 0px 60px 0px 0px;\n}\n<\/style>\n\t<\/div>\n\n\t\n\n\t<div id=\"col-1563783188\" class=\"col medium-5 small-12 large-5\"  >\n\t\t\t\t<div class=\"col-inner\"  >\n\t\t\t\n\t\t\t\n\t<div class=\"img has-hover x md-x lg-x y md-y lg-y\" id=\"image_1255293373\">\n\t\t\t\t\t\t\t\t<div class=\"img-inner image-cover dark\" style=\"padding-top:100%;\">\n\t\t\t<img loading=\"lazy\" decoding=\"async\" width=\"1020\" height=\"680\" src=\"https:\/\/www.damiinterior.com\/wp-content\/uploads\/2022\/07\/Dami-Interior-8-1024x683.jpg\" class=\"attachment-large size-large\" alt=\"Tafel Dami\" srcset=\"https:\/\/www.damiinterior.com\/wp-content\/uploads\/2022\/07\/Dami-Interior-8-1024x683.jpg 1024w, https:\/\/www.damiinterior.com\/wp-content\/uploads\/2022\/07\/Dami-Interior-8-768x512.jpg 768w, https:\/\/www.damiinterior.com\/wp-content\/uploads\/2022\/07\/Dami-Interior-8-1536x1025.jpg 1536w, https:\/\/www.damiinterior.com\/wp-content\/uploads\/2022\/07\/Dami-Interior-8-1000x667.jpg 1000w\" sizes=\"auto, (max-width: 1020px) 100vw, 1020px\" \/>\t\t\t\t\t\t\n\t\t\t\t\t<\/div>\n\t\t\t\t\t\t\t\t\n<style>\n#image_1255293373 {\n  width: 100%;\n}\n<\/style>\n\t<\/div>\n\t\n\t\t<\/div>\n\t\t\t\t\t<\/div>\n\n\t\n<\/div>\n\t\t<\/div>\n\n\t\t\n<style>\n#section_1014158460 {\n  padding-top: 50px;\n  padding-bottom: 50px;\n}\n@media (min-width:550px) {\n  #section_1014158460 {\n    padding-top: 100px;\n    padding-bottom: 100px;\n  }\n}\n<\/style>\n\t<\/section>\n\t\n\t<section class=\"section\" id=\"section_798839879\">\n\t\t<div class=\"bg section-bg fill bg-fill  \" >\n\n\t\t\t\n\t\t\t\n\t\t\t\n\n\t\t<\/div>\n\n\t\t\n\n\t\t<div class=\"section-content relative\">\n\t\t\t\n\t\t<\/div>\n\n\t\t\n<style>\n#section_798839879 {\n  padding-top: 30px;\n  padding-bottom: 30px;\n  min-height: 400px;\n}\n#section_798839879 .section-bg.bg-loaded {\n  background-image: url(https:\/\/www.damiinterior.com\/wp-content\/uploads\/2022\/07\/Dami-Interior-5.jpg);\n}\n#section_798839879 .section-bg {\n  background-position: 45% 56%;\n}\n<\/style>\n\t<\/section>\n\t\n","protected":false},"excerpt":{"rendered":"","protected":false},"author":58,"featured_media":0,"parent":0,"menu_order":0,"comment_status":"closed","ping_status":"closed","template":"page-blank.php","meta":{"footnotes":""},"class_list":["post-557","page","type-page","status-publish","hentry"],"acf":[],"yoast_head":"<!-- This site is optimized with the Yoast SEO plugin v27.4 - https:\/\/yoast.com\/product\/yoast-seo-wordpress\/ -->\n<title>Dami Luxury Interior | M\u00f6belentwurf<\/title>\n<meta name=\"description\" content=\"Ein M\u00f6belst\u00fcck von Dami besitzt Mehrwert \u2013 es ist ein wunderbares Puzzleteil, das eine Raumeinrichtung vervollst\u00e4ndigt. Kontaktiere uns!\" \/>\n<meta name=\"robots\" content=\"index, follow, max-snippet:-1, max-image-preview:large, max-video-preview:-1\" \/>\n<link rel=\"canonical\" href=\"https:\/\/www.damiinterior.com\/de\/moebelentwurf\/\" \/>\n<meta property=\"og:locale\" content=\"de_DE\" \/>\n<meta property=\"og:type\" content=\"article\" \/>\n<meta property=\"og:title\" content=\"Dami Luxury Interior | M\u00f6belentwurf\" \/>\n<meta property=\"og:description\" content=\"Ein M\u00f6belst\u00fcck von Dami besitzt Mehrwert \u2013 es ist ein wunderbares Puzzleteil, das eine Raumeinrichtung vervollst\u00e4ndigt. Kontaktiere uns!\" \/>\n<meta property=\"og:url\" content=\"https:\/\/www.damiinterior.com\/de\/moebelentwurf\/\" \/>\n<meta property=\"og:site_name\" content=\"Dami Luxury Interior\" \/>\n<meta property=\"article:modified_time\" content=\"2024-02-19T12:05:08+00:00\" \/>\n<meta name=\"twitter:card\" content=\"summary_large_image\" \/>\n<meta name=\"twitter:label1\" content=\"Gesch\u00e4tzte Lesezeit\" \/>\n\t<meta name=\"twitter:data1\" content=\"3\u00a0Minuten\" \/>\n<script type=\"application\/ld+json\" class=\"yoast-schema-graph\">{\"@context\":\"https:\\\/\\\/schema.org\",\"@graph\":[{\"@type\":\"WebPage\",\"@id\":\"https:\\\/\\\/www.damiinterior.com\\\/de\\\/moebelentwurf\\\/\",\"url\":\"https:\\\/\\\/www.damiinterior.com\\\/de\\\/moebelentwurf\\\/\",\"name\":\"Dami Luxury Interior | M\u00f6belentwurf\",\"isPartOf\":{\"@id\":\"https:\\\/\\\/www.damiinterior.com\\\/#website\"},\"datePublished\":\"2020-04-21T09:18:58+00:00\",\"dateModified\":\"2024-02-19T12:05:08+00:00\",\"description\":\"Ein M\u00f6belst\u00fcck von Dami besitzt Mehrwert \u2013 es ist ein wunderbares Puzzleteil, das eine Raumeinrichtung vervollst\u00e4ndigt. Kontaktiere uns!\",\"breadcrumb\":{\"@id\":\"https:\\\/\\\/www.damiinterior.com\\\/de\\\/moebelentwurf\\\/#breadcrumb\"},\"inLanguage\":\"de\",\"potentialAction\":[{\"@type\":\"ReadAction\",\"target\":[\"https:\\\/\\\/www.damiinterior.com\\\/de\\\/moebelentwurf\\\/\"]}]},{\"@type\":\"BreadcrumbList\",\"@id\":\"https:\\\/\\\/www.damiinterior.com\\\/de\\\/moebelentwurf\\\/#breadcrumb\",\"itemListElement\":[{\"@type\":\"ListItem\",\"position\":1,\"name\":\"Home\",\"item\":\"https:\\\/\\\/www.damiinterior.com\\\/de\\\/\"},{\"@type\":\"ListItem\",\"position\":2,\"name\":\"M\u00f6belentwurf\"}]},{\"@type\":\"WebSite\",\"@id\":\"https:\\\/\\\/www.damiinterior.com\\\/#website\",\"url\":\"https:\\\/\\\/www.damiinterior.com\\\/\",\"name\":\"Dami Luxury Interior\",\"description\":\"\",\"publisher\":{\"@id\":\"https:\\\/\\\/www.damiinterior.com\\\/#organization\"},\"potentialAction\":[{\"@type\":\"SearchAction\",\"target\":{\"@type\":\"EntryPoint\",\"urlTemplate\":\"https:\\\/\\\/www.damiinterior.com\\\/?s={search_term_string}\"},\"query-input\":{\"@type\":\"PropertyValueSpecification\",\"valueRequired\":true,\"valueName\":\"search_term_string\"}}],\"inLanguage\":\"de\"},{\"@type\":\"Organization\",\"@id\":\"https:\\\/\\\/www.damiinterior.com\\\/#organization\",\"name\":\"Dami Luxury Interior\",\"url\":\"https:\\\/\\\/www.damiinterior.com\\\/\",\"logo\":{\"@type\":\"ImageObject\",\"inLanguage\":\"de\",\"@id\":\"https:\\\/\\\/www.damiinterior.com\\\/#\\\/schema\\\/logo\\\/image\\\/\",\"url\":\"https:\\\/\\\/www.damiinterior.com\\\/wp-content\\\/uploads\\\/2020\\\/06\\\/logo.jpg\",\"contentUrl\":\"https:\\\/\\\/www.damiinterior.com\\\/wp-content\\\/uploads\\\/2020\\\/06\\\/logo.jpg\",\"width\":800,\"height\":800,\"caption\":\"Dami Luxury Interior\"},\"image\":{\"@id\":\"https:\\\/\\\/www.damiinterior.com\\\/#\\\/schema\\\/logo\\\/image\\\/\"}}]}<\/script>\n<!-- \/ Yoast SEO plugin. -->","yoast_head_json":{"title":"Dami Luxury Interior | M\u00f6belentwurf","description":"Ein M\u00f6belst\u00fcck von Dami besitzt Mehrwert \u2013 es ist ein wunderbares Puzzleteil, das eine Raumeinrichtung vervollst\u00e4ndigt. Kontaktiere uns!","robots":{"index":"index","follow":"follow","max-snippet":"max-snippet:-1","max-image-preview":"max-image-preview:large","max-video-preview":"max-video-preview:-1"},"canonical":"https:\/\/www.damiinterior.com\/de\/moebelentwurf\/","og_locale":"de_DE","og_type":"article","og_title":"Dami Luxury Interior | M\u00f6belentwurf","og_description":"Ein M\u00f6belst\u00fcck von Dami besitzt Mehrwert \u2013 es ist ein wunderbares Puzzleteil, das eine Raumeinrichtung vervollst\u00e4ndigt. Kontaktiere uns!","og_url":"https:\/\/www.damiinterior.com\/de\/moebelentwurf\/","og_site_name":"Dami Luxury Interior","article_modified_time":"2024-02-19T12:05:08+00:00","twitter_card":"summary_large_image","twitter_misc":{"Gesch\u00e4tzte Lesezeit":"3\u00a0Minuten"},"schema":{"@context":"https:\/\/schema.org","@graph":[{"@type":"WebPage","@id":"https:\/\/www.damiinterior.com\/de\/moebelentwurf\/","url":"https:\/\/www.damiinterior.com\/de\/moebelentwurf\/","name":"Dami Luxury Interior | M\u00f6belentwurf","isPartOf":{"@id":"https:\/\/www.damiinterior.com\/#website"},"datePublished":"2020-04-21T09:18:58+00:00","dateModified":"2024-02-19T12:05:08+00:00","description":"Ein M\u00f6belst\u00fcck von Dami besitzt Mehrwert \u2013 es ist ein wunderbares Puzzleteil, das eine Raumeinrichtung vervollst\u00e4ndigt. Kontaktiere uns!","breadcrumb":{"@id":"https:\/\/www.damiinterior.com\/de\/moebelentwurf\/#breadcrumb"},"inLanguage":"de","potentialAction":[{"@type":"ReadAction","target":["https:\/\/www.damiinterior.com\/de\/moebelentwurf\/"]}]},{"@type":"BreadcrumbList","@id":"https:\/\/www.damiinterior.com\/de\/moebelentwurf\/#breadcrumb","itemListElement":[{"@type":"ListItem","position":1,"name":"Home","item":"https:\/\/www.damiinterior.com\/de\/"},{"@type":"ListItem","position":2,"name":"M\u00f6belentwurf"}]},{"@type":"WebSite","@id":"https:\/\/www.damiinterior.com\/#website","url":"https:\/\/www.damiinterior.com\/","name":"Dami Luxury Interior","description":"","publisher":{"@id":"https:\/\/www.damiinterior.com\/#organization"},"potentialAction":[{"@type":"SearchAction","target":{"@type":"EntryPoint","urlTemplate":"https:\/\/www.damiinterior.com\/?s={search_term_string}"},"query-input":{"@type":"PropertyValueSpecification","valueRequired":true,"valueName":"search_term_string"}}],"inLanguage":"de"},{"@type":"Organization","@id":"https:\/\/www.damiinterior.com\/#organization","name":"Dami Luxury Interior","url":"https:\/\/www.damiinterior.com\/","logo":{"@type":"ImageObject","inLanguage":"de","@id":"https:\/\/www.damiinterior.com\/#\/schema\/logo\/image\/","url":"https:\/\/www.damiinterior.com\/wp-content\/uploads\/2020\/06\/logo.jpg","contentUrl":"https:\/\/www.damiinterior.com\/wp-content\/uploads\/2020\/06\/logo.jpg","width":800,"height":800,"caption":"Dami Luxury Interior"},"image":{"@id":"https:\/\/www.damiinterior.com\/#\/schema\/logo\/image\/"}}]}},"_links":{"self":[{"href":"https:\/\/www.damiinterior.com\/de\/wp-json\/wp\/v2\/pages\/557","targetHints":{"allow":["GET"]}}],"collection":[{"href":"https:\/\/www.damiinterior.com\/de\/wp-json\/wp\/v2\/pages"}],"about":[{"href":"https:\/\/www.damiinterior.com\/de\/wp-json\/wp\/v2\/types\/page"}],"author":[{"embeddable":true,"href":"https:\/\/www.damiinterior.com\/de\/wp-json\/wp\/v2\/users\/58"}],"replies":[{"embeddable":true,"href":"https:\/\/www.damiinterior.com\/de\/wp-json\/wp\/v2\/comments?post=557"}],"version-history":[{"count":34,"href":"https:\/\/www.damiinterior.com\/de\/wp-json\/wp\/v2\/pages\/557\/revisions"}],"predecessor-version":[{"id":15045,"href":"https:\/\/www.damiinterior.com\/de\/wp-json\/wp\/v2\/pages\/557\/revisions\/15045"}],"wp:attachment":[{"href":"https:\/\/www.damiinterior.com\/de\/wp-json\/wp\/v2\/media?parent=557"}],"curies":[{"name":"wp","href":"https:\/\/api.w.org\/{rel}","templated":true}]}}