{"id":8388,"date":"2021-06-22T09:26:13","date_gmt":"2021-06-22T07:26:13","guid":{"rendered":"https:\/\/www.damiinterior.com\/?page_id=8388"},"modified":"2021-06-22T09:26:43","modified_gmt":"2021-06-22T07:26:43","slug":"bezahlung","status":"publish","type":"page","link":"https:\/\/www.damiinterior.com\/de\/bezahlung\/","title":{"rendered":"Bezahlung"},"content":{"rendered":"<p class=\"p1\"><strong>Welche Zahlungsarten akzeptiert DAMI Luxury Interior?<\/strong><br \/>\nDie Zahlungsarten k\u00f6nnen je nach Land oder Lieferadresse variieren. W\u00e4hrend des Bestellvorgangs k\u00f6nnen Sie Ihre eigene Zahlungsmethode w\u00e4hlen, sodass Sie sicher in Ihrer vertrauten Online-Zahlungsumgebung bezahlen k\u00f6nnen. DAMI Luxury Interior akzeptiert die folgenden Zahlungsarten:<\/p>\n<p class=\"p1\">iDEAL (Niederlande)<br \/>\nKreditkarte<br \/>\nPaypal<br \/>\nBancontact<br \/>\nGiropay<br \/>\n\u00dcberweisung<br \/>\nBelfius<br \/>\nKBC\/CBC<br \/>\nING Home\u2019Pay<\/p>\n<p class=\"p1\">F\u00fcr B2B k\u00f6nnen wir auf Rechnung liefern. Dies gilt nur f\u00fcr Gesch\u00e4ftskunden. Bei dieser Methode erhalten Sie die Rechnung nach Eingang Ihrer Bestellung an die von Ihnen angegebene Rechnungsadresse.<\/p>\n","protected":false},"excerpt":{"rendered":"<p>Welche Zahlungsarten akzeptiert DAMI Luxury Interior? Die Zahlungsarten k\u00f6nnen je nach Land oder Lieferadresse variieren. W\u00e4hrend des Bestellvorgangs k\u00f6nnen Sie Ihre eigene Zahlungsmethode w\u00e4hlen, sodass Sie sicher in Ihrer vertrauten Online-Zahlungsumgebung bezahlen k\u00f6nnen. DAMI Luxury Interior akzeptiert die folgenden Zahlungsarten: iDEAL (Niederlande) Kreditkarte Paypal Bancontact Giropay \u00dcberweisung Belfius KBC\/CBC ING Home\u2019Pay F\u00fcr B2B k\u00f6nnen wir&#8230;<\/p>\n","protected":false},"author":58,"featured_media":0,"parent":0,"menu_order":0,"comment_status":"closed","ping_status":"closed","template":"bestellen.php","meta":{"footnotes":""},"class_list":["post-8388","page","type-page","status-publish","hentry"],"acf":[],"yoast_head":"<!-- This site is optimized with the Yoast SEO plugin v27.4 - https:\/\/yoast.com\/product\/yoast-seo-wordpress\/ -->\n<title>Bezahlung - Dami Luxury Interior<\/title>\n<meta name=\"robots\" content=\"index, follow, max-snippet:-1, max-image-preview:large, max-video-preview:-1\" \/>\n<link rel=\"canonical\" href=\"https:\/\/www.damiinterior.com\/de\/bezahlung\/\" \/>\n<meta property=\"og:locale\" content=\"de_DE\" \/>\n<meta property=\"og:type\" content=\"article\" \/>\n<meta property=\"og:title\" content=\"Bezahlung - Dami Luxury Interior\" \/>\n<meta property=\"og:description\" content=\"Welche Zahlungsarten akzeptiert DAMI Luxury Interior? Die Zahlungsarten k\u00f6nnen je nach Land oder Lieferadresse variieren. W\u00e4hrend des Bestellvorgangs k\u00f6nnen Sie Ihre eigene Zahlungsmethode w\u00e4hlen, sodass Sie sicher in Ihrer vertrauten Online-Zahlungsumgebung bezahlen k\u00f6nnen. DAMI Luxury Interior akzeptiert die folgenden Zahlungsarten: iDEAL (Niederlande) Kreditkarte Paypal Bancontact Giropay \u00dcberweisung Belfius KBC\/CBC ING Home\u2019Pay F\u00fcr B2B k\u00f6nnen wir...\" \/>\n<meta property=\"og:url\" content=\"https:\/\/www.damiinterior.com\/de\/bezahlung\/\" \/>\n<meta property=\"og:site_name\" content=\"Dami Luxury Interior\" \/>\n<meta property=\"article:modified_time\" content=\"2021-06-22T07:26:43+00:00\" \/>\n<meta name=\"twitter:card\" content=\"summary_large_image\" \/>\n<meta name=\"twitter:label1\" content=\"Gesch\u00e4tzte Lesezeit\" \/>\n\t<meta name=\"twitter:data1\" content=\"1\u00a0Minute\" \/>\n<script type=\"application\/ld+json\" class=\"yoast-schema-graph\">{\"@context\":\"https:\\\/\\\/schema.org\",\"@graph\":[{\"@type\":\"WebPage\",\"@id\":\"https:\\\/\\\/www.damiinterior.com\\\/de\\\/bezahlung\\\/\",\"url\":\"https:\\\/\\\/www.damiinterior.com\\\/de\\\/bezahlung\\\/\",\"name\":\"Bezahlung - Dami Luxury Interior\",\"isPartOf\":{\"@id\":\"https:\\\/\\\/www.damiinterior.com\\\/#website\"},\"datePublished\":\"2021-06-22T07:26:13+00:00\",\"dateModified\":\"2021-06-22T07:26:43+00:00\",\"breadcrumb\":{\"@id\":\"https:\\\/\\\/www.damiinterior.com\\\/de\\\/bezahlung\\\/#breadcrumb\"},\"inLanguage\":\"de\",\"potentialAction\":[{\"@type\":\"ReadAction\",\"target\":[\"https:\\\/\\\/www.damiinterior.com\\\/de\\\/bezahlung\\\/\"]}]},{\"@type\":\"BreadcrumbList\",\"@id\":\"https:\\\/\\\/www.damiinterior.com\\\/de\\\/bezahlung\\\/#breadcrumb\",\"itemListElement\":[{\"@type\":\"ListItem\",\"position\":1,\"name\":\"Home\",\"item\":\"https:\\\/\\\/www.damiinterior.com\\\/de\\\/\"},{\"@type\":\"ListItem\",\"position\":2,\"name\":\"Bezahlung\"}]},{\"@type\":\"WebSite\",\"@id\":\"https:\\\/\\\/www.damiinterior.com\\\/#website\",\"url\":\"https:\\\/\\\/www.damiinterior.com\\\/\",\"name\":\"Dami Luxury Interior\",\"description\":\"\",\"publisher\":{\"@id\":\"https:\\\/\\\/www.damiinterior.com\\\/#organization\"},\"potentialAction\":[{\"@type\":\"SearchAction\",\"target\":{\"@type\":\"EntryPoint\",\"urlTemplate\":\"https:\\\/\\\/www.damiinterior.com\\\/?s={search_term_string}\"},\"query-input\":{\"@type\":\"PropertyValueSpecification\",\"valueRequired\":true,\"valueName\":\"search_term_string\"}}],\"inLanguage\":\"de\"},{\"@type\":\"Organization\",\"@id\":\"https:\\\/\\\/www.damiinterior.com\\\/#organization\",\"name\":\"Dami Luxury Interior\",\"url\":\"https:\\\/\\\/www.damiinterior.com\\\/\",\"logo\":{\"@type\":\"ImageObject\",\"inLanguage\":\"de\",\"@id\":\"https:\\\/\\\/www.damiinterior.com\\\/#\\\/schema\\\/logo\\\/image\\\/\",\"url\":\"https:\\\/\\\/www.damiinterior.com\\\/wp-content\\\/uploads\\\/2020\\\/06\\\/logo.jpg\",\"contentUrl\":\"https:\\\/\\\/www.damiinterior.com\\\/wp-content\\\/uploads\\\/2020\\\/06\\\/logo.jpg\",\"width\":800,\"height\":800,\"caption\":\"Dami Luxury Interior\"},\"image\":{\"@id\":\"https:\\\/\\\/www.damiinterior.com\\\/#\\\/schema\\\/logo\\\/image\\\/\"}}]}<\/script>\n<!-- \/ Yoast SEO plugin. -->","yoast_head_json":{"title":"Bezahlung - Dami Luxury Interior","robots":{"index":"index","follow":"follow","max-snippet":"max-snippet:-1","max-image-preview":"max-image-preview:large","max-video-preview":"max-video-preview:-1"},"canonical":"https:\/\/www.damiinterior.com\/de\/bezahlung\/","og_locale":"de_DE","og_type":"article","og_title":"Bezahlung - Dami Luxury Interior","og_description":"Welche Zahlungsarten akzeptiert DAMI Luxury Interior? Die Zahlungsarten k\u00f6nnen je nach Land oder Lieferadresse variieren. W\u00e4hrend des Bestellvorgangs k\u00f6nnen Sie Ihre eigene Zahlungsmethode w\u00e4hlen, sodass Sie sicher in Ihrer vertrauten Online-Zahlungsumgebung bezahlen k\u00f6nnen. DAMI Luxury Interior akzeptiert die folgenden Zahlungsarten: iDEAL (Niederlande) Kreditkarte Paypal Bancontact Giropay \u00dcberweisung Belfius KBC\/CBC ING Home\u2019Pay F\u00fcr B2B k\u00f6nnen wir...","og_url":"https:\/\/www.damiinterior.com\/de\/bezahlung\/","og_site_name":"Dami Luxury Interior","article_modified_time":"2021-06-22T07:26:43+00:00","twitter_card":"summary_large_image","twitter_misc":{"Gesch\u00e4tzte Lesezeit":"1\u00a0Minute"},"schema":{"@context":"https:\/\/schema.org","@graph":[{"@type":"WebPage","@id":"https:\/\/www.damiinterior.com\/de\/bezahlung\/","url":"https:\/\/www.damiinterior.com\/de\/bezahlung\/","name":"Bezahlung - Dami Luxury Interior","isPartOf":{"@id":"https:\/\/www.damiinterior.com\/#website"},"datePublished":"2021-06-22T07:26:13+00:00","dateModified":"2021-06-22T07:26:43+00:00","breadcrumb":{"@id":"https:\/\/www.damiinterior.com\/de\/bezahlung\/#breadcrumb"},"inLanguage":"de","potentialAction":[{"@type":"ReadAction","target":["https:\/\/www.damiinterior.com\/de\/bezahlung\/"]}]},{"@type":"BreadcrumbList","@id":"https:\/\/www.damiinterior.com\/de\/bezahlung\/#breadcrumb","itemListElement":[{"@type":"ListItem","position":1,"name":"Home","item":"https:\/\/www.damiinterior.com\/de\/"},{"@type":"ListItem","position":2,"name":"Bezahlung"}]},{"@type":"WebSite","@id":"https:\/\/www.damiinterior.com\/#website","url":"https:\/\/www.damiinterior.com\/","name":"Dami Luxury Interior","description":"","publisher":{"@id":"https:\/\/www.damiinterior.com\/#organization"},"potentialAction":[{"@type":"SearchAction","target":{"@type":"EntryPoint","urlTemplate":"https:\/\/www.damiinterior.com\/?s={search_term_string}"},"query-input":{"@type":"PropertyValueSpecification","valueRequired":true,"valueName":"search_term_string"}}],"inLanguage":"de"},{"@type":"Organization","@id":"https:\/\/www.damiinterior.com\/#organization","name":"Dami Luxury Interior","url":"https:\/\/www.damiinterior.com\/","logo":{"@type":"ImageObject","inLanguage":"de","@id":"https:\/\/www.damiinterior.com\/#\/schema\/logo\/image\/","url":"https:\/\/www.damiinterior.com\/wp-content\/uploads\/2020\/06\/logo.jpg","contentUrl":"https:\/\/www.damiinterior.com\/wp-content\/uploads\/2020\/06\/logo.jpg","width":800,"height":800,"caption":"Dami Luxury Interior"},"image":{"@id":"https:\/\/www.damiinterior.com\/#\/schema\/logo\/image\/"}}]}},"_links":{"self":[{"href":"https:\/\/www.damiinterior.com\/de\/wp-json\/wp\/v2\/pages\/8388","targetHints":{"allow":["GET"]}}],"collection":[{"href":"https:\/\/www.damiinterior.com\/de\/wp-json\/wp\/v2\/pages"}],"about":[{"href":"https:\/\/www.damiinterior.com\/de\/wp-json\/wp\/v2\/types\/page"}],"author":[{"embeddable":true,"href":"https:\/\/www.damiinterior.com\/de\/wp-json\/wp\/v2\/users\/58"}],"replies":[{"embeddable":true,"href":"https:\/\/www.damiinterior.com\/de\/wp-json\/wp\/v2\/comments?post=8388"}],"version-history":[{"count":2,"href":"https:\/\/www.damiinterior.com\/de\/wp-json\/wp\/v2\/pages\/8388\/revisions"}],"predecessor-version":[{"id":8390,"href":"https:\/\/www.damiinterior.com\/de\/wp-json\/wp\/v2\/pages\/8388\/revisions\/8390"}],"wp:attachment":[{"href":"https:\/\/www.damiinterior.com\/de\/wp-json\/wp\/v2\/media?parent=8388"}],"curies":[{"name":"wp","href":"https:\/\/api.w.org\/{rel}","templated":true}]}}