{"id":8396,"date":"2021-06-22T09:32:59","date_gmt":"2021-06-22T07:32:59","guid":{"rendered":"https:\/\/www.damiinterior.com\/?page_id=8396"},"modified":"2021-06-22T09:35:57","modified_gmt":"2021-06-22T07:35:57","slug":"luxurioese-designermoebel","status":"publish","type":"page","link":"https:\/\/www.damiinterior.com\/de\/moebelentwurf\/luxurioese-designermoebel\/","title":{"rendered":"Luxuri\u00f6se Designerm\u00f6bel"},"content":{"rendered":"<p class=\"p1\">Ein einzigartiges Design f\u00fcr Ihre luxuri\u00f6sen M\u00f6bel? Dami Luxury Interior entwirft f\u00fcr Sie charakteristische Luxusm\u00f6bel, die perfekt zum Rest Ihrer Einrichtung passen. Luxusm\u00f6bel mit einem einzigartigen Look and Feel. Denken Sie an Stile wie Luxury Italian kombiniert mit Designs und Materialien aus dem High End Segment. Robuste Materialien und auff\u00e4llige Details kennzeichnen unsere exklusiven Designerm\u00f6bel. Im Entwurf unserer exklusiven M\u00f6bel verschmilzt ein exzellenter Stil mit Komfort und zeitgem\u00e4\u00dfen Materialien. Auf dieser Seite m\u00f6chten wir Sie \u00fcber unsere Kollektion hochwertiger Designm\u00f6bel informieren. Lernen Sie unsere einzigartige Kollektion kennen und beauftragen Sie uns f\u00fcr Ihren einzigartigen M\u00f6belentwurf.<\/p>\n<h2 class=\"p2\">Design-Luxusm\u00f6bel mit einzigartigem Charakter<\/h2>\n<p>Unsere Designer-M\u00f6bel vermitteln ein Gef\u00fchl von Luxus und Klasse. Wir verwenden die besten Materialien und die neuesten Designs. Im eigenen Entwurf von Dami Luxury Interior kommt dies zusammen. Mit unseren Design-Luxusm\u00f6beln k\u00f6nnen Sie sicher sein, dass Sie eine einzigartige M\u00f6belkollektion besitzen, die Sie nirgendwo anders sehen werden. Der Entwurf und Formgebung wird den W\u00fcnschen des Auftraggebers angepasst, sodass eine ganz pers\u00f6nliche Note entsteht. Exklusives Mobiliar, das Ihren Lebensstil widerspiegelt und ihm gerecht wird.<\/p>\n<h2 class=\"p2\">Unsere luxuri\u00f6se Designerm\u00f6bel<\/h2>\n<p class=\"p2\">Die M\u00f6glichkeiten im Entwurf sind endlos. Sie k\u00f6nnen Dami Luxury Interior auch f\u00fcr den Entwurf ganzer Innenr\u00e4ume oder einzelner M\u00f6belst\u00fccke heranziehen. Dabei achten wir selbstverst\u00e4ndlich auf das Gesamtbild und den Stil, den Sie sich f\u00fcr Ihr Zuhause w\u00fcnschen. Bei Bedarf kann Dami Luxury Interior Ihnen auch mit einer Stilberatung behilflich sein, wie zum Beispiel f\u00fcr die Farbe, das Design oder die verwendeten Materialien. In Sachen Einrichtung haben wir Beratungs- und Designer-Erfahrung mit unterschiedlichen M\u00f6beln, wie:<\/p>\n<ul class=\"ul1\">\n<li class=\"li3\"><b><\/b><b>Tische: <\/b>Markante Tischplatten aus luxuri\u00f6sen Steinsorten wie Marmor, kombiniert mit Details wie Metall- oder Lederstreifen. Straff verarbeitet und gleichzeitig eine prominente Rolle im Innenraum. Sowohl Esszimmer- als auch Couch- oder Beistelltische!<\/li>\n<li class=\"li3\"><b><\/b><b>Schr\u00e4nke: <\/b>Elegante (Garderoben-)Schr\u00e4nke mit sch\u00f6n verarbeiteten T\u00fcren, T\u00fcrgriffen und Schubladen. Auch hier haben Sie die Wahl zwischen verschiedenen Materialien, darunter robuste oder stilvolle Holzarten.<\/li>\n<li class=\"li3\"><b><\/b><b>Sitzm\u00f6bel: <\/b>Von der Hocker bis zum Sofa und vom Loungesessel \u00fcber den Lehnstuhl bis zum Esszimmerstuhl. Gemeinsam mit Ihnen kombinieren wir den Stil Ihrer anderen M\u00f6bel. Dabei achten wir auf den richtigen Komfort und das Raumangebot.<\/li>\n<li class=\"li3\"><b><\/b><b>Verschiedene Accessoires: <\/b>Accessoires mit stilvollen Details k\u00f6nnen echte Blickf\u00e4nge in Ihrem Interieur sein. Die Accessoires werden oft von uns selbst entworfen oder gestaltet.<\/li>\n<\/ul>\n<h3 class=\"p5\">Vereinbaren Sie einen Termin mit uns<\/h3>\n<p class=\"p5\">Der Entwurf von Luxusm\u00f6beln, die sich nahtlos in Ihr Interieur einf\u00fcgen, ist eine Frage des pers\u00f6nlichen Kontakts und Ihrer W\u00fcnsche. Nehmen Sie also Kontakt mit uns auf und vereinbaren Sie einen Termin mit Dani\u00eblle de Ruijter (Inhaberin und Designerin). Gemeinsam mit Ihnen betrachtet sie den Stil Ihrer Wohnung und den Stil, den Sie sich f\u00fcr Ihre M\u00f6bel w\u00fcnschen. Wir w\u00fcrden uns freuen zu erfahren, was wir f\u00fcr Sie und Ihre Einrichtung bedeuten k\u00f6nnen.<\/p>\n","protected":false},"excerpt":{"rendered":"<p>Ein einzigartiges Design f\u00fcr Ihre luxuri\u00f6sen M\u00f6bel? Dami Luxury Interior entwirft f\u00fcr Sie charakteristische Luxusm\u00f6bel, die perfekt zum Rest Ihrer Einrichtung passen. Luxusm\u00f6bel mit einem einzigartigen Look and Feel. Denken Sie an Stile wie Luxury Italian kombiniert mit Designs und Materialien aus dem High End Segment. Robuste Materialien und auff\u00e4llige Details kennzeichnen unsere exklusiven Designerm\u00f6bel&#8230;.<\/p>\n","protected":false},"author":58,"featured_media":0,"parent":557,"menu_order":0,"comment_status":"closed","ping_status":"closed","template":"","meta":{"footnotes":""},"class_list":["post-8396","page","type-page","status-publish","hentry"],"acf":[],"yoast_head":"<!-- This site is optimized with the Yoast SEO plugin v27.4 - https:\/\/yoast.com\/product\/yoast-seo-wordpress\/ -->\n<title>Luxuri\u00f6se Designerm\u00f6bel - Dami Luxury Interior<\/title>\n<meta name=\"robots\" content=\"index, follow, max-snippet:-1, max-image-preview:large, max-video-preview:-1\" \/>\n<link rel=\"canonical\" href=\"https:\/\/www.damiinterior.com\/de\/moebelentwurf\/luxurioese-designermoebel\/\" \/>\n<meta property=\"og:locale\" content=\"de_DE\" \/>\n<meta property=\"og:type\" content=\"article\" \/>\n<meta property=\"og:title\" content=\"Luxuri\u00f6se Designerm\u00f6bel - Dami Luxury Interior\" \/>\n<meta property=\"og:description\" content=\"Ein einzigartiges Design f\u00fcr Ihre luxuri\u00f6sen M\u00f6bel? Dami Luxury Interior entwirft f\u00fcr Sie charakteristische Luxusm\u00f6bel, die perfekt zum Rest Ihrer Einrichtung passen. Luxusm\u00f6bel mit einem einzigartigen Look and Feel. Denken Sie an Stile wie Luxury Italian kombiniert mit Designs und Materialien aus dem High End Segment. Robuste Materialien und auff\u00e4llige Details kennzeichnen unsere exklusiven Designerm\u00f6bel....\" \/>\n<meta property=\"og:url\" content=\"https:\/\/www.damiinterior.com\/de\/moebelentwurf\/luxurioese-designermoebel\/\" \/>\n<meta property=\"og:site_name\" content=\"Dami Luxury Interior\" \/>\n<meta property=\"article:modified_time\" content=\"2021-06-22T07:35:57+00:00\" \/>\n<meta name=\"twitter:card\" content=\"summary_large_image\" \/>\n<meta name=\"twitter:label1\" content=\"Gesch\u00e4tzte Lesezeit\" \/>\n\t<meta name=\"twitter:data1\" content=\"2\u00a0Minuten\" \/>\n<script type=\"application\/ld+json\" class=\"yoast-schema-graph\">{\"@context\":\"https:\\\/\\\/schema.org\",\"@graph\":[{\"@type\":\"WebPage\",\"@id\":\"https:\\\/\\\/www.damiinterior.com\\\/de\\\/moebelentwurf\\\/luxurioese-designermoebel\\\/\",\"url\":\"https:\\\/\\\/www.damiinterior.com\\\/de\\\/moebelentwurf\\\/luxurioese-designermoebel\\\/\",\"name\":\"Luxuri\u00f6se Designerm\u00f6bel - Dami Luxury Interior\",\"isPartOf\":{\"@id\":\"https:\\\/\\\/www.damiinterior.com\\\/#website\"},\"datePublished\":\"2021-06-22T07:32:59+00:00\",\"dateModified\":\"2021-06-22T07:35:57+00:00\",\"breadcrumb\":{\"@id\":\"https:\\\/\\\/www.damiinterior.com\\\/de\\\/moebelentwurf\\\/luxurioese-designermoebel\\\/#breadcrumb\"},\"inLanguage\":\"de\",\"potentialAction\":[{\"@type\":\"ReadAction\",\"target\":[\"https:\\\/\\\/www.damiinterior.com\\\/de\\\/moebelentwurf\\\/luxurioese-designermoebel\\\/\"]}]},{\"@type\":\"BreadcrumbList\",\"@id\":\"https:\\\/\\\/www.damiinterior.com\\\/de\\\/moebelentwurf\\\/luxurioese-designermoebel\\\/#breadcrumb\",\"itemListElement\":[{\"@type\":\"ListItem\",\"position\":1,\"name\":\"Home\",\"item\":\"https:\\\/\\\/www.damiinterior.com\\\/de\\\/\"},{\"@type\":\"ListItem\",\"position\":2,\"name\":\"M\u00f6belentwurf\",\"item\":\"https:\\\/\\\/www.damiinterior.com\\\/de\\\/moebelentwurf\\\/\"},{\"@type\":\"ListItem\",\"position\":3,\"name\":\"Luxuri\u00f6se Designerm\u00f6bel\"}]},{\"@type\":\"WebSite\",\"@id\":\"https:\\\/\\\/www.damiinterior.com\\\/#website\",\"url\":\"https:\\\/\\\/www.damiinterior.com\\\/\",\"name\":\"Dami Luxury Interior\",\"description\":\"\",\"publisher\":{\"@id\":\"https:\\\/\\\/www.damiinterior.com\\\/#organization\"},\"potentialAction\":[{\"@type\":\"SearchAction\",\"target\":{\"@type\":\"EntryPoint\",\"urlTemplate\":\"https:\\\/\\\/www.damiinterior.com\\\/?s={search_term_string}\"},\"query-input\":{\"@type\":\"PropertyValueSpecification\",\"valueRequired\":true,\"valueName\":\"search_term_string\"}}],\"inLanguage\":\"de\"},{\"@type\":\"Organization\",\"@id\":\"https:\\\/\\\/www.damiinterior.com\\\/#organization\",\"name\":\"Dami Luxury Interior\",\"url\":\"https:\\\/\\\/www.damiinterior.com\\\/\",\"logo\":{\"@type\":\"ImageObject\",\"inLanguage\":\"de\",\"@id\":\"https:\\\/\\\/www.damiinterior.com\\\/#\\\/schema\\\/logo\\\/image\\\/\",\"url\":\"https:\\\/\\\/www.damiinterior.com\\\/wp-content\\\/uploads\\\/2020\\\/06\\\/logo.jpg\",\"contentUrl\":\"https:\\\/\\\/www.damiinterior.com\\\/wp-content\\\/uploads\\\/2020\\\/06\\\/logo.jpg\",\"width\":800,\"height\":800,\"caption\":\"Dami Luxury Interior\"},\"image\":{\"@id\":\"https:\\\/\\\/www.damiinterior.com\\\/#\\\/schema\\\/logo\\\/image\\\/\"}}]}<\/script>\n<!-- \/ Yoast SEO plugin. -->","yoast_head_json":{"title":"Luxuri\u00f6se Designerm\u00f6bel - Dami Luxury Interior","robots":{"index":"index","follow":"follow","max-snippet":"max-snippet:-1","max-image-preview":"max-image-preview:large","max-video-preview":"max-video-preview:-1"},"canonical":"https:\/\/www.damiinterior.com\/de\/moebelentwurf\/luxurioese-designermoebel\/","og_locale":"de_DE","og_type":"article","og_title":"Luxuri\u00f6se Designerm\u00f6bel - Dami Luxury Interior","og_description":"Ein einzigartiges Design f\u00fcr Ihre luxuri\u00f6sen M\u00f6bel? Dami Luxury Interior entwirft f\u00fcr Sie charakteristische Luxusm\u00f6bel, die perfekt zum Rest Ihrer Einrichtung passen. Luxusm\u00f6bel mit einem einzigartigen Look and Feel. Denken Sie an Stile wie Luxury Italian kombiniert mit Designs und Materialien aus dem High End Segment. Robuste Materialien und auff\u00e4llige Details kennzeichnen unsere exklusiven Designerm\u00f6bel....","og_url":"https:\/\/www.damiinterior.com\/de\/moebelentwurf\/luxurioese-designermoebel\/","og_site_name":"Dami Luxury Interior","article_modified_time":"2021-06-22T07:35:57+00:00","twitter_card":"summary_large_image","twitter_misc":{"Gesch\u00e4tzte Lesezeit":"2\u00a0Minuten"},"schema":{"@context":"https:\/\/schema.org","@graph":[{"@type":"WebPage","@id":"https:\/\/www.damiinterior.com\/de\/moebelentwurf\/luxurioese-designermoebel\/","url":"https:\/\/www.damiinterior.com\/de\/moebelentwurf\/luxurioese-designermoebel\/","name":"Luxuri\u00f6se Designerm\u00f6bel - Dami Luxury Interior","isPartOf":{"@id":"https:\/\/www.damiinterior.com\/#website"},"datePublished":"2021-06-22T07:32:59+00:00","dateModified":"2021-06-22T07:35:57+00:00","breadcrumb":{"@id":"https:\/\/www.damiinterior.com\/de\/moebelentwurf\/luxurioese-designermoebel\/#breadcrumb"},"inLanguage":"de","potentialAction":[{"@type":"ReadAction","target":["https:\/\/www.damiinterior.com\/de\/moebelentwurf\/luxurioese-designermoebel\/"]}]},{"@type":"BreadcrumbList","@id":"https:\/\/www.damiinterior.com\/de\/moebelentwurf\/luxurioese-designermoebel\/#breadcrumb","itemListElement":[{"@type":"ListItem","position":1,"name":"Home","item":"https:\/\/www.damiinterior.com\/de\/"},{"@type":"ListItem","position":2,"name":"M\u00f6belentwurf","item":"https:\/\/www.damiinterior.com\/de\/moebelentwurf\/"},{"@type":"ListItem","position":3,"name":"Luxuri\u00f6se Designerm\u00f6bel"}]},{"@type":"WebSite","@id":"https:\/\/www.damiinterior.com\/#website","url":"https:\/\/www.damiinterior.com\/","name":"Dami Luxury Interior","description":"","publisher":{"@id":"https:\/\/www.damiinterior.com\/#organization"},"potentialAction":[{"@type":"SearchAction","target":{"@type":"EntryPoint","urlTemplate":"https:\/\/www.damiinterior.com\/?s={search_term_string}"},"query-input":{"@type":"PropertyValueSpecification","valueRequired":true,"valueName":"search_term_string"}}],"inLanguage":"de"},{"@type":"Organization","@id":"https:\/\/www.damiinterior.com\/#organization","name":"Dami Luxury Interior","url":"https:\/\/www.damiinterior.com\/","logo":{"@type":"ImageObject","inLanguage":"de","@id":"https:\/\/www.damiinterior.com\/#\/schema\/logo\/image\/","url":"https:\/\/www.damiinterior.com\/wp-content\/uploads\/2020\/06\/logo.jpg","contentUrl":"https:\/\/www.damiinterior.com\/wp-content\/uploads\/2020\/06\/logo.jpg","width":800,"height":800,"caption":"Dami Luxury Interior"},"image":{"@id":"https:\/\/www.damiinterior.com\/#\/schema\/logo\/image\/"}}]}},"_links":{"self":[{"href":"https:\/\/www.damiinterior.com\/de\/wp-json\/wp\/v2\/pages\/8396","targetHints":{"allow":["GET"]}}],"collection":[{"href":"https:\/\/www.damiinterior.com\/de\/wp-json\/wp\/v2\/pages"}],"about":[{"href":"https:\/\/www.damiinterior.com\/de\/wp-json\/wp\/v2\/types\/page"}],"author":[{"embeddable":true,"href":"https:\/\/www.damiinterior.com\/de\/wp-json\/wp\/v2\/users\/58"}],"replies":[{"embeddable":true,"href":"https:\/\/www.damiinterior.com\/de\/wp-json\/wp\/v2\/comments?post=8396"}],"version-history":[{"count":5,"href":"https:\/\/www.damiinterior.com\/de\/wp-json\/wp\/v2\/pages\/8396\/revisions"}],"predecessor-version":[{"id":8401,"href":"https:\/\/www.damiinterior.com\/de\/wp-json\/wp\/v2\/pages\/8396\/revisions\/8401"}],"up":[{"embeddable":true,"href":"https:\/\/www.damiinterior.com\/de\/wp-json\/wp\/v2\/pages\/557"}],"wp:attachment":[{"href":"https:\/\/www.damiinterior.com\/de\/wp-json\/wp\/v2\/media?parent=8396"}],"curies":[{"name":"wp","href":"https:\/\/api.w.org\/{rel}","templated":true}]}}