{"id":8402,"date":"2021-06-22T09:37:09","date_gmt":"2021-06-22T07:37:09","guid":{"rendered":"https:\/\/www.damiinterior.com\/?page_id=8402"},"modified":"2021-06-22T09:37:54","modified_gmt":"2021-06-22T07:37:54","slug":"design-tisch-firmeninterieur","status":"publish","type":"page","link":"https:\/\/www.damiinterior.com\/de\/moebelentwurf\/design-tisch-firmeninterieur\/","title":{"rendered":"Design-Tisch Firmeninterieur"},"content":{"rendered":"<p class=\"p1\">Dami Luxury Interior entwirft einzigartige exklusive Firmeneinrichtungen. Wir werden regelm\u00e4\u00dfig beauftragt, Tische f\u00fcr die Inneneinrichtung von Unternehmen zu entwerfen. Auf der Grundlage Ihres Stils und Geschmacks entwerfen wir Tische, die sich nahtlos in das Interieur des Unternehmens einf\u00fcgen, das wir im \u00dcbrigen auch gestalten k\u00f6nnen. Denken Sie dabei an<span class=\"Apple-converted-space\">\u00a0 <\/span>Bereiche im Geb\u00e4ude wie Lobbys, Besprechungsr\u00e4ume und Arbeitsbereiche. Mit einem Designtisch in Ihrer Firmeneinrichtung haben Sie einen echten Blickfang, der zu Ihrem Unternehmen und Ihrem Stil passt. Sprechen Sie unsere Entw\u00fcrfe an? Lesen Sie dann unbedingt weiter und erkundigen Sie sich noch heute nach den M\u00f6glichkeiten f\u00fcr Ihr Firmen- oder B\u00fcrogeb\u00e4ude.<\/p>\n<h2 class=\"p2\">Design-Tisch Firmeninterieur: Eine einzigartige Note f\u00fcr Ihr Unternehmen<\/h2>\n<p class=\"p2\">Ein Design-Tisch f\u00fcr Ihr Firmeninterieur oder B\u00fcro soll nat\u00fcrlich beeindrucken, aber auch zeigen, dass Sie sich Gedanken \u00fcber die Firmeneinrichtung gemacht haben, bei der alles in Harmonie ist und zusammenpasst. In Kombination mit der luxuri\u00f6sen Inneneinrichtung f\u00fcr Firmen von Dami Luxury Interior erh\u00e4lt Ihre Einrichtung einen au\u00dfergew\u00f6hnlichen Charakter. Diese exklusiven Tische werden immer nach Ma\u00df gefertigt. Ein Tisch, insbesondere in einem Besprechungsraum oder einer Vorstandsetage, ist ein markantes M\u00f6belst\u00fcck. Wir legen Wert darauf, dass der Design-Tisch in Ihrer Gesch\u00e4ftseinrichtung praktisch ist, aber gleichzeitig hervorsticht. Das Ergebnis ist eine Kombination aus sch\u00f6nen, hochwertigen Materialien und ansprechenden, angenehmen Designs.<\/p>\n<h2 class=\"p2\">Material unserer gesch\u00e4ftlichen Design-Tische<\/h2>\n<p class=\"p2\">Im Sitzungssaal oder Konferenzraum ist der Tisch immer ein Stilelement. Schlie\u00dflich ist er das Zentrum des Raumes. Der Ort, an dem Ihre Gesch\u00e4ftspartner, Mitarbeiter oder andere Gesch\u00e4ftsbeziehungen f\u00fcr eine Besprechung oder eine wichtige Entscheidung Platz nehmen. Ein luxuri\u00f6ses exklusives Design verleiht auch Ihrem Unternehmen ein unverwechselbares Aussehen, unter anderem durch unseren scharfen Blick f\u00fcr markante Details. Deshalb haben Sie bei uns eine Vielzahl Materialoptionen, Farben und Designs. Bei unseren Entw\u00fcrfen werden oft echte luxuri\u00f6se, nat\u00fcrliche Materialien verarbeitet:<\/p>\n<ul class=\"ul1\">\n<li class=\"li3\"><b><\/b><b>Stein: <\/b>Stein ist ein robustes Element f\u00fcr einen Konferenzraumtisch und strahlt Natur und St\u00e4rke aus. Allerdings hat der Stein auch stilvolle Eigenschaften. Denken Sie an Marmor in allen m\u00f6glichen Farben, kombiniert mit anderen Materialien, die au\u00dfergew\u00f6hnliche Details bilden.<\/li>\n<li class=\"li3\"><b><\/b><b>Leder und Stoff: <\/b>Selbst Leder kann in einer Tischplatte eingesetzt werden. In Kombination mit den Sto\u00dfleisten um die Tischplatte haben Sie ein unverkennbares Flair.<\/li>\n<li class=\"li3\"><b><\/b>Metalle: Die Tische k\u00f6nnen mit reichhaltigen Details versehen werden, einschlie\u00dflich Metallbeinen oder Leisten und glatten Kanten, die die Steintischplatte umschlie\u00dfen.<\/li>\n<\/ul>\n<h3 class=\"p5\">Mehr zu den Optionen<\/h3>\n<p class=\"p5\">Dami Luxury Interior kann auch f\u00fcr die komplette Inneneinrichtung Ihres Unternehmens beauftragt werden. Neben Tischen entwerfen wir St\u00fchle, H\u00e4ngeschr\u00e4nke und andere M\u00f6belst\u00fccke und Accessoires. Oft sind es die kleinen Details, die einem Interieur ein einzigartiges, modernes Look and Feel verleihen. Wie kaum ein anderer kennen wir die neuesten Stile und Trendentwicklungen. Von dort aus bringen wir unseren eigenen Stil und Geschmack ein. Neugierig, was wir f\u00fcr Sie und Ihr Unternehmen bedeuten k\u00f6nnen? Nehmen Sie Kontakt mit uns auf und vereinbaren Sie einen Termin mit Dani\u00eblle de Ruijter (Inhaberin und Designerin).<\/p>\n","protected":false},"excerpt":{"rendered":"<p>Dami Luxury Interior entwirft einzigartige exklusive Firmeneinrichtungen. Wir werden regelm\u00e4\u00dfig beauftragt, Tische f\u00fcr die Inneneinrichtung von Unternehmen zu entwerfen. Auf der Grundlage Ihres Stils und Geschmacks entwerfen wir Tische, die sich nahtlos in das Interieur des Unternehmens einf\u00fcgen, das wir im \u00dcbrigen auch gestalten k\u00f6nnen. Denken Sie dabei an\u00a0 Bereiche im Geb\u00e4ude wie Lobbys, Besprechungsr\u00e4ume&#8230;<\/p>\n","protected":false},"author":58,"featured_media":0,"parent":557,"menu_order":0,"comment_status":"closed","ping_status":"closed","template":"","meta":{"footnotes":""},"class_list":["post-8402","page","type-page","status-publish","hentry"],"acf":[],"yoast_head":"<!-- This site is optimized with the Yoast SEO plugin v27.4 - https:\/\/yoast.com\/product\/yoast-seo-wordpress\/ -->\n<title>Design-Tisch Firmeninterieur - Dami Luxury Interior<\/title>\n<meta name=\"robots\" content=\"index, follow, max-snippet:-1, max-image-preview:large, max-video-preview:-1\" \/>\n<link rel=\"canonical\" href=\"https:\/\/www.damiinterior.com\/de\/moebelentwurf\/design-tisch-firmeninterieur\/\" \/>\n<meta property=\"og:locale\" content=\"de_DE\" \/>\n<meta property=\"og:type\" content=\"article\" \/>\n<meta property=\"og:title\" content=\"Design-Tisch Firmeninterieur - Dami Luxury Interior\" \/>\n<meta property=\"og:description\" content=\"Dami Luxury Interior entwirft einzigartige exklusive Firmeneinrichtungen. Wir werden regelm\u00e4\u00dfig beauftragt, Tische f\u00fcr die Inneneinrichtung von Unternehmen zu entwerfen. Auf der Grundlage Ihres Stils und Geschmacks entwerfen wir Tische, die sich nahtlos in das Interieur des Unternehmens einf\u00fcgen, das wir im \u00dcbrigen auch gestalten k\u00f6nnen. Denken Sie dabei an\u00a0 Bereiche im Geb\u00e4ude wie Lobbys, Besprechungsr\u00e4ume...\" \/>\n<meta property=\"og:url\" content=\"https:\/\/www.damiinterior.com\/de\/moebelentwurf\/design-tisch-firmeninterieur\/\" \/>\n<meta property=\"og:site_name\" content=\"Dami Luxury Interior\" \/>\n<meta property=\"article:modified_time\" content=\"2021-06-22T07:37:54+00:00\" \/>\n<meta name=\"twitter:card\" content=\"summary_large_image\" \/>\n<meta name=\"twitter:label1\" content=\"Gesch\u00e4tzte Lesezeit\" \/>\n\t<meta name=\"twitter:data1\" content=\"3\u00a0Minuten\" \/>\n<script type=\"application\/ld+json\" class=\"yoast-schema-graph\">{\"@context\":\"https:\\\/\\\/schema.org\",\"@graph\":[{\"@type\":\"WebPage\",\"@id\":\"https:\\\/\\\/www.damiinterior.com\\\/de\\\/moebelentwurf\\\/design-tisch-firmeninterieur\\\/\",\"url\":\"https:\\\/\\\/www.damiinterior.com\\\/de\\\/moebelentwurf\\\/design-tisch-firmeninterieur\\\/\",\"name\":\"Design-Tisch Firmeninterieur - Dami Luxury Interior\",\"isPartOf\":{\"@id\":\"https:\\\/\\\/www.damiinterior.com\\\/#website\"},\"datePublished\":\"2021-06-22T07:37:09+00:00\",\"dateModified\":\"2021-06-22T07:37:54+00:00\",\"breadcrumb\":{\"@id\":\"https:\\\/\\\/www.damiinterior.com\\\/de\\\/moebelentwurf\\\/design-tisch-firmeninterieur\\\/#breadcrumb\"},\"inLanguage\":\"de\",\"potentialAction\":[{\"@type\":\"ReadAction\",\"target\":[\"https:\\\/\\\/www.damiinterior.com\\\/de\\\/moebelentwurf\\\/design-tisch-firmeninterieur\\\/\"]}]},{\"@type\":\"BreadcrumbList\",\"@id\":\"https:\\\/\\\/www.damiinterior.com\\\/de\\\/moebelentwurf\\\/design-tisch-firmeninterieur\\\/#breadcrumb\",\"itemListElement\":[{\"@type\":\"ListItem\",\"position\":1,\"name\":\"Home\",\"item\":\"https:\\\/\\\/www.damiinterior.com\\\/de\\\/\"},{\"@type\":\"ListItem\",\"position\":2,\"name\":\"M\u00f6belentwurf\",\"item\":\"https:\\\/\\\/www.damiinterior.com\\\/de\\\/moebelentwurf\\\/\"},{\"@type\":\"ListItem\",\"position\":3,\"name\":\"Design-Tisch Firmeninterieur\"}]},{\"@type\":\"WebSite\",\"@id\":\"https:\\\/\\\/www.damiinterior.com\\\/#website\",\"url\":\"https:\\\/\\\/www.damiinterior.com\\\/\",\"name\":\"Dami Luxury Interior\",\"description\":\"\",\"publisher\":{\"@id\":\"https:\\\/\\\/www.damiinterior.com\\\/#organization\"},\"potentialAction\":[{\"@type\":\"SearchAction\",\"target\":{\"@type\":\"EntryPoint\",\"urlTemplate\":\"https:\\\/\\\/www.damiinterior.com\\\/?s={search_term_string}\"},\"query-input\":{\"@type\":\"PropertyValueSpecification\",\"valueRequired\":true,\"valueName\":\"search_term_string\"}}],\"inLanguage\":\"de\"},{\"@type\":\"Organization\",\"@id\":\"https:\\\/\\\/www.damiinterior.com\\\/#organization\",\"name\":\"Dami Luxury Interior\",\"url\":\"https:\\\/\\\/www.damiinterior.com\\\/\",\"logo\":{\"@type\":\"ImageObject\",\"inLanguage\":\"de\",\"@id\":\"https:\\\/\\\/www.damiinterior.com\\\/#\\\/schema\\\/logo\\\/image\\\/\",\"url\":\"https:\\\/\\\/www.damiinterior.com\\\/wp-content\\\/uploads\\\/2020\\\/06\\\/logo.jpg\",\"contentUrl\":\"https:\\\/\\\/www.damiinterior.com\\\/wp-content\\\/uploads\\\/2020\\\/06\\\/logo.jpg\",\"width\":800,\"height\":800,\"caption\":\"Dami Luxury Interior\"},\"image\":{\"@id\":\"https:\\\/\\\/www.damiinterior.com\\\/#\\\/schema\\\/logo\\\/image\\\/\"}}]}<\/script>\n<!-- \/ Yoast SEO plugin. -->","yoast_head_json":{"title":"Design-Tisch Firmeninterieur - Dami Luxury Interior","robots":{"index":"index","follow":"follow","max-snippet":"max-snippet:-1","max-image-preview":"max-image-preview:large","max-video-preview":"max-video-preview:-1"},"canonical":"https:\/\/www.damiinterior.com\/de\/moebelentwurf\/design-tisch-firmeninterieur\/","og_locale":"de_DE","og_type":"article","og_title":"Design-Tisch Firmeninterieur - Dami Luxury Interior","og_description":"Dami Luxury Interior entwirft einzigartige exklusive Firmeneinrichtungen. Wir werden regelm\u00e4\u00dfig beauftragt, Tische f\u00fcr die Inneneinrichtung von Unternehmen zu entwerfen. Auf der Grundlage Ihres Stils und Geschmacks entwerfen wir Tische, die sich nahtlos in das Interieur des Unternehmens einf\u00fcgen, das wir im \u00dcbrigen auch gestalten k\u00f6nnen. Denken Sie dabei an\u00a0 Bereiche im Geb\u00e4ude wie Lobbys, Besprechungsr\u00e4ume...","og_url":"https:\/\/www.damiinterior.com\/de\/moebelentwurf\/design-tisch-firmeninterieur\/","og_site_name":"Dami Luxury Interior","article_modified_time":"2021-06-22T07:37:54+00:00","twitter_card":"summary_large_image","twitter_misc":{"Gesch\u00e4tzte Lesezeit":"3\u00a0Minuten"},"schema":{"@context":"https:\/\/schema.org","@graph":[{"@type":"WebPage","@id":"https:\/\/www.damiinterior.com\/de\/moebelentwurf\/design-tisch-firmeninterieur\/","url":"https:\/\/www.damiinterior.com\/de\/moebelentwurf\/design-tisch-firmeninterieur\/","name":"Design-Tisch Firmeninterieur - Dami Luxury Interior","isPartOf":{"@id":"https:\/\/www.damiinterior.com\/#website"},"datePublished":"2021-06-22T07:37:09+00:00","dateModified":"2021-06-22T07:37:54+00:00","breadcrumb":{"@id":"https:\/\/www.damiinterior.com\/de\/moebelentwurf\/design-tisch-firmeninterieur\/#breadcrumb"},"inLanguage":"de","potentialAction":[{"@type":"ReadAction","target":["https:\/\/www.damiinterior.com\/de\/moebelentwurf\/design-tisch-firmeninterieur\/"]}]},{"@type":"BreadcrumbList","@id":"https:\/\/www.damiinterior.com\/de\/moebelentwurf\/design-tisch-firmeninterieur\/#breadcrumb","itemListElement":[{"@type":"ListItem","position":1,"name":"Home","item":"https:\/\/www.damiinterior.com\/de\/"},{"@type":"ListItem","position":2,"name":"M\u00f6belentwurf","item":"https:\/\/www.damiinterior.com\/de\/moebelentwurf\/"},{"@type":"ListItem","position":3,"name":"Design-Tisch Firmeninterieur"}]},{"@type":"WebSite","@id":"https:\/\/www.damiinterior.com\/#website","url":"https:\/\/www.damiinterior.com\/","name":"Dami Luxury Interior","description":"","publisher":{"@id":"https:\/\/www.damiinterior.com\/#organization"},"potentialAction":[{"@type":"SearchAction","target":{"@type":"EntryPoint","urlTemplate":"https:\/\/www.damiinterior.com\/?s={search_term_string}"},"query-input":{"@type":"PropertyValueSpecification","valueRequired":true,"valueName":"search_term_string"}}],"inLanguage":"de"},{"@type":"Organization","@id":"https:\/\/www.damiinterior.com\/#organization","name":"Dami Luxury Interior","url":"https:\/\/www.damiinterior.com\/","logo":{"@type":"ImageObject","inLanguage":"de","@id":"https:\/\/www.damiinterior.com\/#\/schema\/logo\/image\/","url":"https:\/\/www.damiinterior.com\/wp-content\/uploads\/2020\/06\/logo.jpg","contentUrl":"https:\/\/www.damiinterior.com\/wp-content\/uploads\/2020\/06\/logo.jpg","width":800,"height":800,"caption":"Dami Luxury Interior"},"image":{"@id":"https:\/\/www.damiinterior.com\/#\/schema\/logo\/image\/"}}]}},"_links":{"self":[{"href":"https:\/\/www.damiinterior.com\/de\/wp-json\/wp\/v2\/pages\/8402","targetHints":{"allow":["GET"]}}],"collection":[{"href":"https:\/\/www.damiinterior.com\/de\/wp-json\/wp\/v2\/pages"}],"about":[{"href":"https:\/\/www.damiinterior.com\/de\/wp-json\/wp\/v2\/types\/page"}],"author":[{"embeddable":true,"href":"https:\/\/www.damiinterior.com\/de\/wp-json\/wp\/v2\/users\/58"}],"replies":[{"embeddable":true,"href":"https:\/\/www.damiinterior.com\/de\/wp-json\/wp\/v2\/comments?post=8402"}],"version-history":[{"count":2,"href":"https:\/\/www.damiinterior.com\/de\/wp-json\/wp\/v2\/pages\/8402\/revisions"}],"predecessor-version":[{"id":8404,"href":"https:\/\/www.damiinterior.com\/de\/wp-json\/wp\/v2\/pages\/8402\/revisions\/8404"}],"up":[{"embeddable":true,"href":"https:\/\/www.damiinterior.com\/de\/wp-json\/wp\/v2\/pages\/557"}],"wp:attachment":[{"href":"https:\/\/www.damiinterior.com\/de\/wp-json\/wp\/v2\/media?parent=8402"}],"curies":[{"name":"wp","href":"https:\/\/api.w.org\/{rel}","templated":true}]}}