{"id":8411,"date":"2021-06-22T10:05:54","date_gmt":"2021-06-22T08:05:54","guid":{"rendered":"https:\/\/www.damiinterior.com\/?page_id=8411"},"modified":"2025-02-28T12:03:52","modified_gmt":"2025-02-28T10:03:52","slug":"interieur-styling","status":"publish","type":"page","link":"https:\/\/www.damiinterior.com\/de\/uber-dami\/interieur-styling\/","title":{"rendered":"Interieur-Styling"},"content":{"rendered":"<p class=\"p1\">Dami Luxury Interior hat Erfahrung im luxuri\u00f6sen Interieur-Styling. In unserem Designstudio arbeiten wir an der Gestaltung von Innenr\u00e4umen, exklusiven Designs und Kombinationen von neuen Formen und Materialien. Es geht vor allem um Ma\u00dfarbeit, damit alles perfekt zu Ihrem Wohnstil oder der Einrichtung Ihres Gesch\u00e4fts- oder B\u00fcrogeb\u00e4udes passt. Dani\u00eblle de Ruijter (Inhaberin\/Designerin) entwirft und entwickelt das gesamte Styling Ihrer Einrichtung. Die Entw\u00fcrfe, die aus dem Designstudio von Dami Luxury Interior kommen, sind f\u00fcr das gehobene Segment besonders geeignet. Interesse? Lernen Sie unsere Arbeitsweise im Bereich Interieur Styling kennen und planen Sie ein erstes Treffen mit uns.<\/p>\n<h1 class=\"p2\">Interieur Styling von Dami Luxury Interior<\/h1>\n<p class=\"p2\">Spricht Sie unser Stil und die verschiedenen Entw\u00fcrfe an? Auf der Basis eines pers\u00f6nlichen Gespr\u00e4chs werden wir Sie braten und Ihre Einrichtung zusammenstellen. Anschlie\u00dfend suchen wir nach der entsprechenden Ausf\u00fchrung. Denken Sie an die verschiedenen Farben, aber auch an Materialien, Oberfl\u00e4chen oder Details, die wiederkehren sollen. Kurz gesagt: In Absprache mit Ihnen schaffen wir ein einzigartiges und passendes Interieur, das zu Ihrem Lebensstil und Geschmack passt. Wenn Sie Ihr Interieur-Styling von Dami Luxury Interior durchf\u00fchren lassen, bedeutet das, dass sich f\u00fcr Stil, Klasse und einen einzigartigen Touch in Ihrer Einrichtung entscheiden!<\/p>\n<h2 class=\"p2\">Einzigartige M\u00f6bel und Materialien<\/h2>\n<p class=\"p2\">Unsere M\u00f6bel, Accessoires und andere Elemente unseres Interieur-Stylings sind Unikate. Das liegt vor allem daran, dass sie in unserem eigenen Designstudio erdacht, entworfen und schlie\u00dflich ausgearbeitet werden. Das bedeutet auch, dass Sie in Ihrer Wohnung oder Ihrem B\u00fcro exklusive M\u00f6bel haben, die aus den sch\u00f6nsten und robustesten Materialien gefertigt sind. Tische aus Marmor und Lederkanten, robuste Lederm\u00f6bel oder elegante Wohnaccessoires aus Metall. Der Stil von Dami Luxury Interior kann als modern aber warm beschrieben werden, mit einer Vorliebe f\u00fcr nat\u00fcrliche Materialien und klare Formen.<\/p>\n<h2 class=\"p2\">Ma\u00dfarbeit-Styling und ein Auge f\u00fcrs Detail<\/h2>\n<p class=\"p2\">Alle von Dami Luxury Interior entworfenen M\u00f6bel werden nach Ma\u00df gefertigt. Einzigartige M\u00f6bel, hergestellt aus den hochwertigsten Materialien. Die Entwurfe sind sowohl funktional, praktisch und selbstverst\u00e4ndlich komfortabel. Gemeinsam verwandeln wir Ihre Einrichtung in das Interieur, von dem Sie immer getr\u00e4umt haben und das perfekt in Ihr Zuhause passt. Luxuri\u00f6se und sch\u00f6ne Ausf\u00fchrungen mit viel Liebe zum Detail kennzeichnen unsere Ma\u00dfarbeit. Formsch\u00f6ne Tische, Schr\u00e4nke und diverse andere M\u00f6belst\u00fccke mit dem gewissen Etwas. M\u00f6bel, die beeindrucken oder die sich sch\u00f6n mit anderen Elementen Ihrer Einrichtung kombinieren lassen. Lassen Sie sich \u00fcberraschen, welche Designs, Materialien, Stoffe und luxuri\u00f6se Accessoires wir anbieten.<\/p>\n<h3 class=\"p3\">Pers\u00f6nliche Einrichtungsberatung? Vereinbaren Sie einen Termin!<\/h3>\n<p class=\"p3\">Sind Sie neugierig auf die M\u00f6glichkeiten, Designs und andere Entw\u00fcrfe f\u00fcr Ihr Interieur? Dann vereinbaren Sie noch heute einen Termin mit Dami Luxury Interior \u00fcber das Kontaktformular auf unserer Website. Wir erfahren gerne, wie wir Ihnen am besten zu Ihrem Traumdesign verhelfen k\u00f6nnen. Wir betrachten und vergleichen gemeinsam die verschiedenen M\u00f6glichkeiten f\u00fcr einen einzigartigen Stil in Ihrem Haus oder Gesch\u00e4ft.<\/p>\n","protected":false},"excerpt":{"rendered":"<p>Dami Luxury Interior hat Erfahrung im luxuri\u00f6sen Interieur-Styling. In unserem Designstudio arbeiten wir an der Gestaltung von Innenr\u00e4umen, exklusiven Designs und Kombinationen von neuen Formen und Materialien. Es geht vor allem um Ma\u00dfarbeit, damit alles perfekt zu Ihrem Wohnstil oder der Einrichtung Ihres Gesch\u00e4fts- oder B\u00fcrogeb\u00e4udes passt. Dani\u00eblle de Ruijter (Inhaberin\/Designerin) entwirft und entwickelt das&#8230;<\/p>\n","protected":false},"author":58,"featured_media":0,"parent":7976,"menu_order":0,"comment_status":"closed","ping_status":"closed","template":"","meta":{"footnotes":""},"class_list":["post-8411","page","type-page","status-publish","hentry"],"acf":[],"yoast_head":"<!-- This site is optimized with the Yoast SEO plugin v27.4 - https:\/\/yoast.com\/product\/yoast-seo-wordpress\/ -->\n<title>Interieur-Styling - Dami Luxury Interior<\/title>\n<meta name=\"description\" content=\"Dami Luxury Interior ist ein kreatives Designstudio f\u00fcr die Gestaltung Ihres Interieurs. Zeitgen\u00f6ssische Designs pr\u00e4gen unseren Stil.\" \/>\n<meta name=\"robots\" content=\"index, follow, max-snippet:-1, max-image-preview:large, max-video-preview:-1\" \/>\n<link rel=\"canonical\" href=\"https:\/\/www.damiinterior.com\/de\/uber-dami\/interieur-styling\/\" \/>\n<meta property=\"og:locale\" content=\"de_DE\" \/>\n<meta property=\"og:type\" content=\"article\" \/>\n<meta property=\"og:title\" content=\"Interieur-Styling - Dami Luxury Interior\" \/>\n<meta property=\"og:description\" content=\"Dami Luxury Interior ist ein kreatives Designstudio f\u00fcr die Gestaltung Ihres Interieurs. Zeitgen\u00f6ssische Designs pr\u00e4gen unseren Stil.\" \/>\n<meta property=\"og:url\" content=\"https:\/\/www.damiinterior.com\/de\/uber-dami\/interieur-styling\/\" \/>\n<meta property=\"og:site_name\" content=\"Dami Luxury Interior\" \/>\n<meta property=\"article:modified_time\" content=\"2025-02-28T10:03:52+00:00\" \/>\n<meta name=\"twitter:card\" content=\"summary_large_image\" \/>\n<meta name=\"twitter:label1\" content=\"Gesch\u00e4tzte Lesezeit\" \/>\n\t<meta name=\"twitter:data1\" content=\"3\u00a0Minuten\" \/>\n<script type=\"application\/ld+json\" class=\"yoast-schema-graph\">{\"@context\":\"https:\\\/\\\/schema.org\",\"@graph\":[{\"@type\":\"WebPage\",\"@id\":\"https:\\\/\\\/www.damiinterior.com\\\/de\\\/uber-dami\\\/interieur-styling\\\/\",\"url\":\"https:\\\/\\\/www.damiinterior.com\\\/de\\\/uber-dami\\\/interieur-styling\\\/\",\"name\":\"Interieur-Styling - Dami Luxury Interior\",\"isPartOf\":{\"@id\":\"https:\\\/\\\/www.damiinterior.com\\\/#website\"},\"datePublished\":\"2021-06-22T08:05:54+00:00\",\"dateModified\":\"2025-02-28T10:03:52+00:00\",\"description\":\"Dami Luxury Interior ist ein kreatives Designstudio f\u00fcr die Gestaltung Ihres Interieurs. Zeitgen\u00f6ssische Designs pr\u00e4gen unseren Stil.\",\"breadcrumb\":{\"@id\":\"https:\\\/\\\/www.damiinterior.com\\\/de\\\/uber-dami\\\/interieur-styling\\\/#breadcrumb\"},\"inLanguage\":\"de\",\"potentialAction\":[{\"@type\":\"ReadAction\",\"target\":[\"https:\\\/\\\/www.damiinterior.com\\\/de\\\/uber-dami\\\/interieur-styling\\\/\"]}]},{\"@type\":\"BreadcrumbList\",\"@id\":\"https:\\\/\\\/www.damiinterior.com\\\/de\\\/uber-dami\\\/interieur-styling\\\/#breadcrumb\",\"itemListElement\":[{\"@type\":\"ListItem\",\"position\":1,\"name\":\"Home\",\"item\":\"https:\\\/\\\/www.damiinterior.com\\\/de\\\/\"},{\"@type\":\"ListItem\",\"position\":2,\"name\":\"\u00dcber Dami Luxury Interior\",\"item\":\"https:\\\/\\\/www.damiinterior.com\\\/de\\\/uber-dami\\\/\"},{\"@type\":\"ListItem\",\"position\":3,\"name\":\"Interieur-Styling\"}]},{\"@type\":\"WebSite\",\"@id\":\"https:\\\/\\\/www.damiinterior.com\\\/#website\",\"url\":\"https:\\\/\\\/www.damiinterior.com\\\/\",\"name\":\"Dami Luxury Interior\",\"description\":\"\",\"publisher\":{\"@id\":\"https:\\\/\\\/www.damiinterior.com\\\/#organization\"},\"potentialAction\":[{\"@type\":\"SearchAction\",\"target\":{\"@type\":\"EntryPoint\",\"urlTemplate\":\"https:\\\/\\\/www.damiinterior.com\\\/?s={search_term_string}\"},\"query-input\":{\"@type\":\"PropertyValueSpecification\",\"valueRequired\":true,\"valueName\":\"search_term_string\"}}],\"inLanguage\":\"de\"},{\"@type\":\"Organization\",\"@id\":\"https:\\\/\\\/www.damiinterior.com\\\/#organization\",\"name\":\"Dami Luxury Interior\",\"url\":\"https:\\\/\\\/www.damiinterior.com\\\/\",\"logo\":{\"@type\":\"ImageObject\",\"inLanguage\":\"de\",\"@id\":\"https:\\\/\\\/www.damiinterior.com\\\/#\\\/schema\\\/logo\\\/image\\\/\",\"url\":\"https:\\\/\\\/www.damiinterior.com\\\/wp-content\\\/uploads\\\/2020\\\/06\\\/logo.jpg\",\"contentUrl\":\"https:\\\/\\\/www.damiinterior.com\\\/wp-content\\\/uploads\\\/2020\\\/06\\\/logo.jpg\",\"width\":800,\"height\":800,\"caption\":\"Dami Luxury Interior\"},\"image\":{\"@id\":\"https:\\\/\\\/www.damiinterior.com\\\/#\\\/schema\\\/logo\\\/image\\\/\"}}]}<\/script>\n<!-- \/ Yoast SEO plugin. -->","yoast_head_json":{"title":"Interieur-Styling - Dami Luxury Interior","description":"Dami Luxury Interior ist ein kreatives Designstudio f\u00fcr die Gestaltung Ihres Interieurs. Zeitgen\u00f6ssische Designs pr\u00e4gen unseren Stil.","robots":{"index":"index","follow":"follow","max-snippet":"max-snippet:-1","max-image-preview":"max-image-preview:large","max-video-preview":"max-video-preview:-1"},"canonical":"https:\/\/www.damiinterior.com\/de\/uber-dami\/interieur-styling\/","og_locale":"de_DE","og_type":"article","og_title":"Interieur-Styling - Dami Luxury Interior","og_description":"Dami Luxury Interior ist ein kreatives Designstudio f\u00fcr die Gestaltung Ihres Interieurs. Zeitgen\u00f6ssische Designs pr\u00e4gen unseren Stil.","og_url":"https:\/\/www.damiinterior.com\/de\/uber-dami\/interieur-styling\/","og_site_name":"Dami Luxury Interior","article_modified_time":"2025-02-28T10:03:52+00:00","twitter_card":"summary_large_image","twitter_misc":{"Gesch\u00e4tzte Lesezeit":"3\u00a0Minuten"},"schema":{"@context":"https:\/\/schema.org","@graph":[{"@type":"WebPage","@id":"https:\/\/www.damiinterior.com\/de\/uber-dami\/interieur-styling\/","url":"https:\/\/www.damiinterior.com\/de\/uber-dami\/interieur-styling\/","name":"Interieur-Styling - Dami Luxury Interior","isPartOf":{"@id":"https:\/\/www.damiinterior.com\/#website"},"datePublished":"2021-06-22T08:05:54+00:00","dateModified":"2025-02-28T10:03:52+00:00","description":"Dami Luxury Interior ist ein kreatives Designstudio f\u00fcr die Gestaltung Ihres Interieurs. Zeitgen\u00f6ssische Designs pr\u00e4gen unseren Stil.","breadcrumb":{"@id":"https:\/\/www.damiinterior.com\/de\/uber-dami\/interieur-styling\/#breadcrumb"},"inLanguage":"de","potentialAction":[{"@type":"ReadAction","target":["https:\/\/www.damiinterior.com\/de\/uber-dami\/interieur-styling\/"]}]},{"@type":"BreadcrumbList","@id":"https:\/\/www.damiinterior.com\/de\/uber-dami\/interieur-styling\/#breadcrumb","itemListElement":[{"@type":"ListItem","position":1,"name":"Home","item":"https:\/\/www.damiinterior.com\/de\/"},{"@type":"ListItem","position":2,"name":"\u00dcber Dami Luxury Interior","item":"https:\/\/www.damiinterior.com\/de\/uber-dami\/"},{"@type":"ListItem","position":3,"name":"Interieur-Styling"}]},{"@type":"WebSite","@id":"https:\/\/www.damiinterior.com\/#website","url":"https:\/\/www.damiinterior.com\/","name":"Dami Luxury Interior","description":"","publisher":{"@id":"https:\/\/www.damiinterior.com\/#organization"},"potentialAction":[{"@type":"SearchAction","target":{"@type":"EntryPoint","urlTemplate":"https:\/\/www.damiinterior.com\/?s={search_term_string}"},"query-input":{"@type":"PropertyValueSpecification","valueRequired":true,"valueName":"search_term_string"}}],"inLanguage":"de"},{"@type":"Organization","@id":"https:\/\/www.damiinterior.com\/#organization","name":"Dami Luxury Interior","url":"https:\/\/www.damiinterior.com\/","logo":{"@type":"ImageObject","inLanguage":"de","@id":"https:\/\/www.damiinterior.com\/#\/schema\/logo\/image\/","url":"https:\/\/www.damiinterior.com\/wp-content\/uploads\/2020\/06\/logo.jpg","contentUrl":"https:\/\/www.damiinterior.com\/wp-content\/uploads\/2020\/06\/logo.jpg","width":800,"height":800,"caption":"Dami Luxury Interior"},"image":{"@id":"https:\/\/www.damiinterior.com\/#\/schema\/logo\/image\/"}}]}},"_links":{"self":[{"href":"https:\/\/www.damiinterior.com\/de\/wp-json\/wp\/v2\/pages\/8411","targetHints":{"allow":["GET"]}}],"collection":[{"href":"https:\/\/www.damiinterior.com\/de\/wp-json\/wp\/v2\/pages"}],"about":[{"href":"https:\/\/www.damiinterior.com\/de\/wp-json\/wp\/v2\/types\/page"}],"author":[{"embeddable":true,"href":"https:\/\/www.damiinterior.com\/de\/wp-json\/wp\/v2\/users\/58"}],"replies":[{"embeddable":true,"href":"https:\/\/www.damiinterior.com\/de\/wp-json\/wp\/v2\/comments?post=8411"}],"version-history":[{"count":2,"href":"https:\/\/www.damiinterior.com\/de\/wp-json\/wp\/v2\/pages\/8411\/revisions"}],"predecessor-version":[{"id":15189,"href":"https:\/\/www.damiinterior.com\/de\/wp-json\/wp\/v2\/pages\/8411\/revisions\/15189"}],"up":[{"embeddable":true,"href":"https:\/\/www.damiinterior.com\/de\/wp-json\/wp\/v2\/pages\/7976"}],"wp:attachment":[{"href":"https:\/\/www.damiinterior.com\/de\/wp-json\/wp\/v2\/media?parent=8411"}],"curies":[{"name":"wp","href":"https:\/\/api.w.org\/{rel}","templated":true}]}}