{"id":8414,"date":"2021-06-22T10:07:27","date_gmt":"2021-06-22T08:07:27","guid":{"rendered":"https:\/\/www.damiinterior.com\/?page_id=8414"},"modified":"2021-06-22T10:07:27","modified_gmt":"2021-06-22T08:07:27","slug":"luxurioese-wohnaccessoires","status":"publish","type":"page","link":"https:\/\/www.damiinterior.com\/de\/uber-dami\/luxurioese-wohnaccessoires\/","title":{"rendered":"Luxuri\u00f6se Wohnaccessoires"},"content":{"rendered":"<p class=\"p1\">Unsere luxuri\u00f6sen Wohnaccessoires verleihen Ihrem Wohn- oder Gesch\u00e4ftsinterieur den einzigartigen letzten Schliff. Wohnaccessoires werden oft \u00fcbersehen, bei Dami Luxury Interior kennen wir jedoch die Wirkung dieser kleinen, aber wichtigen Details. Dani\u00eblle de Ruijter (CEO und Designerin) entwirft einen Teil der luxuri\u00f6sen Wohnaccessoires selbst, wir arbeiten bei unseren Interieur-Entw\u00fcrfen auch regelm\u00e4\u00dfig mit den Produkten unserer Partner. Sind Sie neugierig, was diese exklusiven Wohnaccessoires sind und was sie zu Ihrer Einrichtung beitragen k\u00f6nnen? Dami Luxury Interior ist der Stilspezialist mit einem Auge f\u00fcr reiche Details und Accessoires.<\/p>\n<h2 class=\"p2\">Exklusive Wohnaccessoires f\u00fcr ein einzigartige Einrichtung<\/h2>\n<p class=\"p2\">Im Webshop finden Sie einen gro\u00dfen Teil unserer Kollektion exklusiver Wohnaccessoires. Wie wir bereits erw\u00e4hnt haben, vervollst\u00e4ndigen Details ein Interieur. Viele Details spiegeln sich daher in den Accessoires einer Wohnung wider. Denken Sie zum Beispiel an die luxuri\u00f6sen Kissen mit angenehmen Stoffen und Farben. Auch Vasen, Decken, Kunstobjekte und sogar Decken k\u00f6nnen als luxuri\u00f6ses Wohnaccessoire Ihrer Einrichtung das gewisse Etwas verleihen. Wenn Sie uns als Innenarchitekten beauftragen, k\u00f6nnen wir sowohl Accessoires aus unserem eigenen Studio als auch Accessoires von Designstudios, mit denen wir zusammenarbeiten, verwenden.<\/p>\n<h2 class=\"p2\"><span class=\"s1\">Stilvolle Accessoires<\/span><\/h2>\n<p class=\"p2\">Dami Luxury Interior arbeitet haupts\u00e4chlich mit verschiedenen luxuri\u00f6sen Stilen und Materialien. Diese spiegeln sich auch in den Accessoires aus unserer Kollektion wider. Accessoires k\u00f6nnen unterschiedliche Zwecke haben. Sie k\u00f6nnen mehr Farbe in Ihre Einrichtung bringen, wie die luxuri\u00f6sen dekorativen Kissen und Kerzen. Andererseits haben sie auch eine praktische Funktion, denken Sie dabei an Vasen oder unseren Duftst\u00e4bchen. Im Designstudio von Dami Luxury Interior werden regelm\u00e4\u00dfig neue Accessoires bedacht, gezeichnet und schlie\u00dflich hergestellt. Behalten Sie unsere Website und unseren Webshop f\u00fcr die neuesten Designs im Auge. Bestellen Sie Ihre Produkte ganz einfach in unserem Webshop!<\/p>\n<h2 class=\"p2\">Unsere Materialien<\/h2>\n<p class=\"p2\">In unserer M\u00f6bel- und Accessoires-Kollektion kombinieren wir Luxus und Komfort mit stilvollen Materialien. Nat\u00fcrliche Materialien wie Holz, Metall, aber auch Stoff und Leder werden h\u00e4ufig in unseren Entw\u00fcrfen verarbeitet. In gleicher Weise verfahren wir mit den Accessoires und anderen Details. Auf diese Weise k\u00f6nnen Sie z. B. unsere Duftst\u00e4bchen oder luxuri\u00f6sen Dekokissen sehr gut mit einem von uns entworfenen Tisch oder einer Schrankwand kombinieren. \u00c4sthetisches Design und Komfort sind bei uns eng miteinander verbunden.<\/p>\n<h3 class=\"p3\">Vereinbaren Sie einen Termin<\/h3>\n<p class=\"p3\">Suchen Sie nach dem letzten Schliff f\u00fcr Ihre Wohnungseinrichtung oder m\u00f6chten Sie Ihr Interieur von Dami Luxury Interior gestalten lassen? Das ist durchaus m\u00f6glich. Wir beraten Sie gerne und schauen uns die verschiedenen M\u00f6glichkeiten und Ausf\u00fchrungen, die Ihnen zusagen, zusammen an. Auf der Grundlage dieses Gespr\u00e4chs werden verschiedene Accessoires und Designs kombiniert. Stilvoll, zeitgem\u00e4\u00df und mit luxuri\u00f6sen Ausf\u00fchrungen. F\u00fcr weitere Informationen nehmen Sie Kontakt mit uns auf und vereinbaren Sie einen Termin mit Dani\u00eblle de Ruijter, CEO und Designerin von Dami Luxury Interior. Wir vernehmen gerne, was wir f\u00fcr Sie tun k\u00f6nnen, um Ihrer Einrichtung das gewisse Etwas zu verleihen.<\/p>\n","protected":false},"excerpt":{"rendered":"<p>Unsere luxuri\u00f6sen Wohnaccessoires verleihen Ihrem Wohn- oder Gesch\u00e4ftsinterieur den einzigartigen letzten Schliff. Wohnaccessoires werden oft \u00fcbersehen, bei Dami Luxury Interior kennen wir jedoch die Wirkung dieser kleinen, aber wichtigen Details. Dani\u00eblle de Ruijter (CEO und Designerin) entwirft einen Teil der luxuri\u00f6sen Wohnaccessoires selbst, wir arbeiten bei unseren Interieur-Entw\u00fcrfen auch regelm\u00e4\u00dfig mit den Produkten unserer Partner&#8230;.<\/p>\n","protected":false},"author":58,"featured_media":0,"parent":7976,"menu_order":0,"comment_status":"closed","ping_status":"closed","template":"","meta":{"footnotes":""},"class_list":["post-8414","page","type-page","status-publish","hentry"],"acf":[],"yoast_head":"<!-- This site is optimized with the Yoast SEO plugin v27.4 - https:\/\/yoast.com\/product\/yoast-seo-wordpress\/ -->\n<title>Luxuri\u00f6se Wohnaccessoires - Dami Luxury Interior<\/title>\n<meta name=\"robots\" content=\"index, follow, max-snippet:-1, max-image-preview:large, max-video-preview:-1\" \/>\n<link rel=\"canonical\" href=\"https:\/\/www.damiinterior.com\/de\/uber-dami\/luxurioese-wohnaccessoires\/\" \/>\n<meta property=\"og:locale\" content=\"de_DE\" \/>\n<meta property=\"og:type\" content=\"article\" \/>\n<meta property=\"og:title\" content=\"Luxuri\u00f6se Wohnaccessoires - Dami Luxury Interior\" \/>\n<meta property=\"og:description\" content=\"Unsere luxuri\u00f6sen Wohnaccessoires verleihen Ihrem Wohn- oder Gesch\u00e4ftsinterieur den einzigartigen letzten Schliff. Wohnaccessoires werden oft \u00fcbersehen, bei Dami Luxury Interior kennen wir jedoch die Wirkung dieser kleinen, aber wichtigen Details. Dani\u00eblle de Ruijter (CEO und Designerin) entwirft einen Teil der luxuri\u00f6sen Wohnaccessoires selbst, wir arbeiten bei unseren Interieur-Entw\u00fcrfen auch regelm\u00e4\u00dfig mit den Produkten unserer Partner....\" \/>\n<meta property=\"og:url\" content=\"https:\/\/www.damiinterior.com\/de\/uber-dami\/luxurioese-wohnaccessoires\/\" \/>\n<meta property=\"og:site_name\" content=\"Dami Luxury Interior\" \/>\n<meta name=\"twitter:card\" content=\"summary_large_image\" \/>\n<meta name=\"twitter:label1\" content=\"Gesch\u00e4tzte Lesezeit\" \/>\n\t<meta name=\"twitter:data1\" content=\"2\u00a0Minuten\" \/>\n<script type=\"application\/ld+json\" class=\"yoast-schema-graph\">{\"@context\":\"https:\\\/\\\/schema.org\",\"@graph\":[{\"@type\":\"WebPage\",\"@id\":\"https:\\\/\\\/www.damiinterior.com\\\/de\\\/uber-dami\\\/luxurioese-wohnaccessoires\\\/\",\"url\":\"https:\\\/\\\/www.damiinterior.com\\\/de\\\/uber-dami\\\/luxurioese-wohnaccessoires\\\/\",\"name\":\"Luxuri\u00f6se Wohnaccessoires - Dami Luxury Interior\",\"isPartOf\":{\"@id\":\"https:\\\/\\\/www.damiinterior.com\\\/#website\"},\"datePublished\":\"2021-06-22T08:07:27+00:00\",\"breadcrumb\":{\"@id\":\"https:\\\/\\\/www.damiinterior.com\\\/de\\\/uber-dami\\\/luxurioese-wohnaccessoires\\\/#breadcrumb\"},\"inLanguage\":\"de\",\"potentialAction\":[{\"@type\":\"ReadAction\",\"target\":[\"https:\\\/\\\/www.damiinterior.com\\\/de\\\/uber-dami\\\/luxurioese-wohnaccessoires\\\/\"]}]},{\"@type\":\"BreadcrumbList\",\"@id\":\"https:\\\/\\\/www.damiinterior.com\\\/de\\\/uber-dami\\\/luxurioese-wohnaccessoires\\\/#breadcrumb\",\"itemListElement\":[{\"@type\":\"ListItem\",\"position\":1,\"name\":\"Home\",\"item\":\"https:\\\/\\\/www.damiinterior.com\\\/de\\\/\"},{\"@type\":\"ListItem\",\"position\":2,\"name\":\"\u00dcber Dami Luxury Interior\",\"item\":\"https:\\\/\\\/www.damiinterior.com\\\/de\\\/uber-dami\\\/\"},{\"@type\":\"ListItem\",\"position\":3,\"name\":\"Luxuri\u00f6se Wohnaccessoires\"}]},{\"@type\":\"WebSite\",\"@id\":\"https:\\\/\\\/www.damiinterior.com\\\/#website\",\"url\":\"https:\\\/\\\/www.damiinterior.com\\\/\",\"name\":\"Dami Luxury Interior\",\"description\":\"\",\"publisher\":{\"@id\":\"https:\\\/\\\/www.damiinterior.com\\\/#organization\"},\"potentialAction\":[{\"@type\":\"SearchAction\",\"target\":{\"@type\":\"EntryPoint\",\"urlTemplate\":\"https:\\\/\\\/www.damiinterior.com\\\/?s={search_term_string}\"},\"query-input\":{\"@type\":\"PropertyValueSpecification\",\"valueRequired\":true,\"valueName\":\"search_term_string\"}}],\"inLanguage\":\"de\"},{\"@type\":\"Organization\",\"@id\":\"https:\\\/\\\/www.damiinterior.com\\\/#organization\",\"name\":\"Dami Luxury Interior\",\"url\":\"https:\\\/\\\/www.damiinterior.com\\\/\",\"logo\":{\"@type\":\"ImageObject\",\"inLanguage\":\"de\",\"@id\":\"https:\\\/\\\/www.damiinterior.com\\\/#\\\/schema\\\/logo\\\/image\\\/\",\"url\":\"https:\\\/\\\/www.damiinterior.com\\\/wp-content\\\/uploads\\\/2020\\\/06\\\/logo.jpg\",\"contentUrl\":\"https:\\\/\\\/www.damiinterior.com\\\/wp-content\\\/uploads\\\/2020\\\/06\\\/logo.jpg\",\"width\":800,\"height\":800,\"caption\":\"Dami Luxury Interior\"},\"image\":{\"@id\":\"https:\\\/\\\/www.damiinterior.com\\\/#\\\/schema\\\/logo\\\/image\\\/\"}}]}<\/script>\n<!-- \/ Yoast SEO plugin. -->","yoast_head_json":{"title":"Luxuri\u00f6se Wohnaccessoires - Dami Luxury Interior","robots":{"index":"index","follow":"follow","max-snippet":"max-snippet:-1","max-image-preview":"max-image-preview:large","max-video-preview":"max-video-preview:-1"},"canonical":"https:\/\/www.damiinterior.com\/de\/uber-dami\/luxurioese-wohnaccessoires\/","og_locale":"de_DE","og_type":"article","og_title":"Luxuri\u00f6se Wohnaccessoires - Dami Luxury Interior","og_description":"Unsere luxuri\u00f6sen Wohnaccessoires verleihen Ihrem Wohn- oder Gesch\u00e4ftsinterieur den einzigartigen letzten Schliff. Wohnaccessoires werden oft \u00fcbersehen, bei Dami Luxury Interior kennen wir jedoch die Wirkung dieser kleinen, aber wichtigen Details. Dani\u00eblle de Ruijter (CEO und Designerin) entwirft einen Teil der luxuri\u00f6sen Wohnaccessoires selbst, wir arbeiten bei unseren Interieur-Entw\u00fcrfen auch regelm\u00e4\u00dfig mit den Produkten unserer Partner....","og_url":"https:\/\/www.damiinterior.com\/de\/uber-dami\/luxurioese-wohnaccessoires\/","og_site_name":"Dami Luxury Interior","twitter_card":"summary_large_image","twitter_misc":{"Gesch\u00e4tzte Lesezeit":"2\u00a0Minuten"},"schema":{"@context":"https:\/\/schema.org","@graph":[{"@type":"WebPage","@id":"https:\/\/www.damiinterior.com\/de\/uber-dami\/luxurioese-wohnaccessoires\/","url":"https:\/\/www.damiinterior.com\/de\/uber-dami\/luxurioese-wohnaccessoires\/","name":"Luxuri\u00f6se Wohnaccessoires - Dami Luxury Interior","isPartOf":{"@id":"https:\/\/www.damiinterior.com\/#website"},"datePublished":"2021-06-22T08:07:27+00:00","breadcrumb":{"@id":"https:\/\/www.damiinterior.com\/de\/uber-dami\/luxurioese-wohnaccessoires\/#breadcrumb"},"inLanguage":"de","potentialAction":[{"@type":"ReadAction","target":["https:\/\/www.damiinterior.com\/de\/uber-dami\/luxurioese-wohnaccessoires\/"]}]},{"@type":"BreadcrumbList","@id":"https:\/\/www.damiinterior.com\/de\/uber-dami\/luxurioese-wohnaccessoires\/#breadcrumb","itemListElement":[{"@type":"ListItem","position":1,"name":"Home","item":"https:\/\/www.damiinterior.com\/de\/"},{"@type":"ListItem","position":2,"name":"\u00dcber Dami Luxury Interior","item":"https:\/\/www.damiinterior.com\/de\/uber-dami\/"},{"@type":"ListItem","position":3,"name":"Luxuri\u00f6se Wohnaccessoires"}]},{"@type":"WebSite","@id":"https:\/\/www.damiinterior.com\/#website","url":"https:\/\/www.damiinterior.com\/","name":"Dami Luxury Interior","description":"","publisher":{"@id":"https:\/\/www.damiinterior.com\/#organization"},"potentialAction":[{"@type":"SearchAction","target":{"@type":"EntryPoint","urlTemplate":"https:\/\/www.damiinterior.com\/?s={search_term_string}"},"query-input":{"@type":"PropertyValueSpecification","valueRequired":true,"valueName":"search_term_string"}}],"inLanguage":"de"},{"@type":"Organization","@id":"https:\/\/www.damiinterior.com\/#organization","name":"Dami Luxury Interior","url":"https:\/\/www.damiinterior.com\/","logo":{"@type":"ImageObject","inLanguage":"de","@id":"https:\/\/www.damiinterior.com\/#\/schema\/logo\/image\/","url":"https:\/\/www.damiinterior.com\/wp-content\/uploads\/2020\/06\/logo.jpg","contentUrl":"https:\/\/www.damiinterior.com\/wp-content\/uploads\/2020\/06\/logo.jpg","width":800,"height":800,"caption":"Dami Luxury Interior"},"image":{"@id":"https:\/\/www.damiinterior.com\/#\/schema\/logo\/image\/"}}]}},"_links":{"self":[{"href":"https:\/\/www.damiinterior.com\/de\/wp-json\/wp\/v2\/pages\/8414","targetHints":{"allow":["GET"]}}],"collection":[{"href":"https:\/\/www.damiinterior.com\/de\/wp-json\/wp\/v2\/pages"}],"about":[{"href":"https:\/\/www.damiinterior.com\/de\/wp-json\/wp\/v2\/types\/page"}],"author":[{"embeddable":true,"href":"https:\/\/www.damiinterior.com\/de\/wp-json\/wp\/v2\/users\/58"}],"replies":[{"embeddable":true,"href":"https:\/\/www.damiinterior.com\/de\/wp-json\/wp\/v2\/comments?post=8414"}],"version-history":[{"count":1,"href":"https:\/\/www.damiinterior.com\/de\/wp-json\/wp\/v2\/pages\/8414\/revisions"}],"predecessor-version":[{"id":8417,"href":"https:\/\/www.damiinterior.com\/de\/wp-json\/wp\/v2\/pages\/8414\/revisions\/8417"}],"up":[{"embeddable":true,"href":"https:\/\/www.damiinterior.com\/de\/wp-json\/wp\/v2\/pages\/7976"}],"wp:attachment":[{"href":"https:\/\/www.damiinterior.com\/de\/wp-json\/wp\/v2\/media?parent=8414"}],"curies":[{"name":"wp","href":"https:\/\/api.w.org\/{rel}","templated":true}]}}